{"id":1726,"date":"2023-07-29T18:21:58","date_gmt":"2023-07-29T16:21:58","guid":{"rendered":"http:\/\/www.intuitivsein.com\/?page_id=1726"},"modified":"2023-12-03T19:53:55","modified_gmt":"2023-12-03T18:53:55","slug":"themen-wandertag-9","status":"publish","type":"page","link":"http:\/\/www.intuitivsein.com\/?page_id=1726","title":{"rendered":"Themen-Wandertag\/4"},"content":{"rendered":"\n<p class=\"has-text-color\" style=\"color:#257575\"><\/p>\n\n\n\n<h6 class=\"wp-block-heading has-text-color has-link-color wp-elements-7daad8567f08d6fcafdaa72c0d5d9978\" style=\"color:#257575\"><strong>Route: \u00dcber die Bad Ischler Stadtberge Jainzenberg und Siriuskogel<\/strong>:<\/h6>\n\n\n<div class=\"wp-block-image is-resized is-style-rounded\">\n<figure class=\"alignright size-full\"><img loading=\"lazy\" decoding=\"async\" width=\"1920\" height=\"2560\" src=\"http:\/\/www.intuitivsein.com\/wp-content\/uploads\/2023\/11\/Bad-ischl-scaled.jpg\" alt=\"\" class=\"wp-image-2226\" style=\"aspect-ratio:1;object-fit:cover;width:400px\" srcset=\"http:\/\/www.intuitivsein.com\/wp-content\/uploads\/2023\/11\/Bad-ischl-scaled.jpg 1920w, http:\/\/www.intuitivsein.com\/wp-content\/uploads\/2023\/11\/Bad-ischl-225x300.jpg 225w, http:\/\/www.intuitivsein.com\/wp-content\/uploads\/2023\/11\/Bad-ischl-768x1024.jpg 768w, http:\/\/www.intuitivsein.com\/wp-content\/uploads\/2023\/11\/Bad-ischl-1152x1536.jpg 1152w, http:\/\/www.intuitivsein.com\/wp-content\/uploads\/2023\/11\/Bad-ischl-1536x2048.jpg 1536w, http:\/\/www.intuitivsein.com\/wp-content\/uploads\/2023\/11\/Bad-ischl-1140x1520.jpg 1140w\" sizes=\"auto, (max-width: 1920px) 100vw, 1920px\" \/><\/figure>\n<\/div>\n\n\n<p class=\"has-text-color has-link-color wp-elements-c86032c3d6bc07d0f9164d2b85f95743\" style=\"color:#257575\">Eine ausgedehnte Runde \u00fcber die unmittelbar umgebenden Bergkuppen der Kulturhauptstadt 2024. Highlights wie der Hohenzoller Wasserfall, der Sinneswanderweg oder die denkmalgesch\u00fctzte Siriuskogelwarte bieten uns einen abwechslungsreichen Tag im Salzkammergut.  <\/p>\n\n\n\n<p>Gef\u00fchrte Wanderung kombiniert mit Impulsen und einfachen \u00dcbungen zum&nbsp;<\/p>\n\n\n\n<p><strong>Thema \u201eSelbstf\u00fcrsorge\u201c<\/strong><\/p>\n\n\n\n<ul class=\"wp-block-list\">\n<li>Dauer: Start 9:30, Ende ca. 17:00<\/li>\n\n\n\n<li>reine Gehzeit ca. 5 Stunden, ca. 15 km; 750 HM<\/li>\n\n\n\n<li>Schwierigkeitsgrad: mittel bis anspruchsvoll<\/li>\n\n\n\n<li>Lunchpaket bzw. Picknick um die Mittagszeit, wenn m\u00f6glich im Freien<\/li>\n\n\n\n<li>Abholdienst und Transfer&nbsp;zum Treffpunkt ab Bhf Perg m\u00f6glich, bzw. nach Vereinbarung<\/li>\n\n\n\n<li>3-5 TeilnehmerInnen<\/li>\n\n\n\n<li>Kosten Euro 130,&nbsp;inkl. Lunchpaket und Transfer<\/li>\n<\/ul>\n\n\n\n<div style=\"height:16px\" aria-hidden=\"true\" class=\"wp-block-spacer\"><\/div>\n\n\n\n<blockquote class=\"wp-block-quote is-layout-flow wp-block-quote-is-layout-flow\">\n<p>Die Stille kennt keine Fragen, aber sie kann uns auf alles eine Antwort geben.<\/p>\n\n\n\n<p>Ernst Ferstl<\/p>\n<\/blockquote>\n","protected":false},"excerpt":{"rendered":"<p>Route: \u00dcber die Bad Ischler Stadtberge Jainzenberg und Siriuskogel: Eine ausgedehnte Runde \u00fcber die unmittelbar umgebenden Bergkuppen der Kulturhauptstadt 2024. Highlights wie der Hohenzoller Wasserfall, der Sinneswanderweg oder die denkmalgesch\u00fctzte Siriuskogelwarte bieten uns einen abwechslungsreichen Tag im Salzkammergut. Gef\u00fchrte Wanderung kombiniert mit Impulsen und einfachen \u00dcbungen zum&nbsp; Thema \u201eSelbstf\u00fcrsorge\u201c Die Stille kennt keine Fragen, aber sie kann uns auf alles eine Antwort geben. Ernst Ferstl<\/p>\n","protected":false},"author":1,"featured_media":0,"parent":0,"menu_order":0,"comment_status":"closed","ping_status":"closed","template":"","meta":{"_mc_calendar":[],"footnotes":""},"class_list":["post-1726","page","type-page","status-publish","hentry"],"_links":{"self":[{"href":"http:\/\/www.intuitivsein.com\/index.php?rest_route=\/wp\/v2\/pages\/1726","targetHints":{"allow":["GET"]}}],"collection":[{"href":"http:\/\/www.intuitivsein.com\/index.php?rest_route=\/wp\/v2\/pages"}],"about":[{"href":"http:\/\/www.intuitivsein.com\/index.php?rest_route=\/wp\/v2\/types\/page"}],"author":[{"embeddable":true,"href":"http:\/\/www.intuitivsein.com\/index.php?rest_route=\/wp\/v2\/users\/1"}],"replies":[{"embeddable":true,"href":"http:\/\/www.intuitivsein.com\/index.php?rest_route=%2Fwp%2Fv2%2Fcomments&post=1726"}],"version-history":[{"count":25,"href":"http:\/\/www.intuitivsein.com\/index.php?rest_route=\/wp\/v2\/pages\/1726\/revisions"}],"predecessor-version":[{"id":2500,"href":"http:\/\/www.intuitivsein.com\/index.php?rest_route=\/wp\/v2\/pages\/1726\/revisions\/2500"}],"wp:attachment":[{"href":"http:\/\/www.intuitivsein.com\/index.php?rest_route=%2Fwp%2Fv2%2Fmedia&parent=1726"}],"curies":[{"name":"wp","href":"https:\/\/api.w.org\/{rel}","templated":true}]}}