{"id":1861,"date":"2023-10-22T12:08:55","date_gmt":"2023-10-22T10:08:55","guid":{"rendered":"http:\/\/www.intuitivsein.com\/?page_id=1861"},"modified":"2023-12-18T13:45:55","modified_gmt":"2023-12-18T12:45:55","slug":"wandern-und-kraft-tanken-im-waldviertel","status":"publish","type":"page","link":"http:\/\/www.intuitivsein.com\/?page_id=1861","title":{"rendered":"Wandern und Kraft tanken im Waldviertel"},"content":{"rendered":"\n<div style=\"height:20px\" aria-hidden=\"true\" class=\"wp-block-spacer\"><\/div>\n\n\n\n<p><\/p>\n\n\n\n<h4 class=\"wp-block-heading has-text-color\" style=\"color:#257575\">Gef\u00fchrte Tour f\u00fcr Frauen im Waldviertel rund um Zwettl<\/h4>\n\n\n<div class=\"wp-block-image is-style-rounded\">\n<figure class=\"alignright size-large is-resized\"><img loading=\"lazy\" decoding=\"async\" width=\"1024\" height=\"768\" src=\"http:\/\/www.intuitivsein.com\/wp-content\/uploads\/2023\/10\/IMG-20230818-WA0032-1024x768.jpg\" alt=\"\" class=\"wp-image-1911\" style=\"aspect-ratio:1;object-fit:cover;width:400px\" srcset=\"http:\/\/www.intuitivsein.com\/wp-content\/uploads\/2023\/10\/IMG-20230818-WA0032-1024x768.jpg 1024w, http:\/\/www.intuitivsein.com\/wp-content\/uploads\/2023\/10\/IMG-20230818-WA0032-300x225.jpg 300w, http:\/\/www.intuitivsein.com\/wp-content\/uploads\/2023\/10\/IMG-20230818-WA0032-768x576.jpg 768w, http:\/\/www.intuitivsein.com\/wp-content\/uploads\/2023\/10\/IMG-20230818-WA0032-1536x1152.jpg 1536w, http:\/\/www.intuitivsein.com\/wp-content\/uploads\/2023\/10\/IMG-20230818-WA0032-1140x855.jpg 1140w, http:\/\/www.intuitivsein.com\/wp-content\/uploads\/2023\/10\/IMG-20230818-WA0032.jpg 1600w\" sizes=\"auto, (max-width: 1024px) 100vw, 1024px\" \/><\/figure>\n<\/div>\n\n\n<p><\/p>\n\n\n\n<p class=\"has-text-align-left\">Artenreiche W\u00e4lder, Flusslandschaften mit spektakul\u00e4ren Schluchten und Wasserf\u00e4llen oder skurrile Felsformationen: Das Waldviertler Hochland im Bezirk Zwettl, N\u00d6 begeistert mit atemberaubenden und teils jahrtausendealten Naturspektakeln.  Die zahlreichen Wanderwege verbinden diese einzigartigen Naturschaupl\u00e4tze, deren Urspr\u00fcnglichkeit bis heute bewahrt wird.<\/p>\n\n\n\n<p>Die Stadt Zwettl, der geographische Mittelpunkt des Waldviertels, liegt in einem Talkessel an einem charakteristischen Flussknoten des oberen Kampgebietes.  Friedensreich Hundertwasser hinterlie\u00df hier und in der Umgebung seine kreativen Spuren.<\/p>\n\n\n\n<p><strong>Routen:&nbsp;<\/strong>Wir sind unterwegs im Kamptal, am Wasserwunderweg, in der Wei\u00dfenbachklamm und im Felsengarten, in einer Welt nordischer Kraftpl\u00e4tze aus Wasser, Wald und Granit. <\/p>\n\n\n\n<p class=\"has-text-align-left\">Das Eins werden mit der Natur und der Umgebung erdet und lenkt unsere Aufmerksamkeit wieder auf das Wesentliche!&nbsp;<\/p>\n\n\n\n<p><strong>Coaching- Inhalte:&nbsp;<\/strong>Im Fokus steht die Wirksamkeit und die Kraft der Natur. Impulse und Anregungen zu Achtsamkeits\u00fcbungen und mentalen Techniken f\u00fcr einen entspannteren Alltag, finden w\u00e4hrend des Weges statt.  Zus\u00e4tzlich stehe ich dir auch f\u00fcr ein pers\u00f6nliches Coaching zur Verf\u00fcgung.<\/p>\n\n\n\n<div style=\"height:22px\" aria-hidden=\"true\" class=\"wp-block-spacer\"><\/div>\n\n\n\n<p><\/p>\n\n\n\n<h5 class=\"wp-block-heading has-text-color\" style=\"color:#257575\">Programm\/Ablauf:&nbsp;<\/h5>\n\n\n\n<p>1. Tag<strong>:\u00a0<\/strong>Treffpunkt ab 9 Uhr in der Unterkunft,<strong>\u00a04* Hotel Schwarz Alm<\/strong>, 3910 Zwettl, Almweg 1 <\/p>\n\n\n\n<p class=\"has-text-align-left\">Kennenlernen, allgemeine Infos und Besprechung der Tour. Anschlie\u00dfend um ca. 10:00 starten wir zu unserer ersten Tages-Etappe. Die t\u00e4glichen Etappen liegen bei ca. 16 \u2013 18 km.\u00a0 Mit einem gemeinsamen Abendessen lassen wir Tag 1 und 2 gem\u00fctlich ausklingen, am 3. Tag beenden wir\u00a0 unsere gemeinsame Pilgerreise mit einem versp\u00e4teten Mittagessen.<\/p>\n\n\n\n<ul class=\"wp-block-list\">\n<li>Schwierigkeitsgrad: mittel<\/li>\n\n\n\n<li>Entsprechende Kleidung und Ausr\u00fcstung, feste Schuhe, ev. Walking- St\u00f6cke, Rucksack, Regenponcho, Trinkflasche, Blasenpflaster, Sonnenschutz, Sonnenbrille, Kopfbedeckung, Sitzunterlage, etc. sind mitzubringen.<\/li>\n\n\n\n<li>Kostenpauschale f\u00fcr 3 Tage \u201eall inclusive\u201c: 675,00 Euro<\/li>\n\n\n\n<li>Inkludierte Leistungen:  2 N\u00e4chte im Comfort-EZ mit Fr\u00fchst\u00fcck und 5- Gang Abendmen\u00fc im 4* Hotel, Coaching-Inhalte, tgl. Shuttle, Organisation und Begleitung der Tour,<\/li>\n\n\n\n<li>Erm\u00e4\u00dfigung von Euro 15,00 mit Treuepass&nbsp;<\/li>\n\n\n\n<li>Anmeldeschluss: 31. Mai 2024<\/li>\n<\/ul>\n\n\n\n<p class=\"has-text-align-left\">Als deine Begleitung habe ich die Wege ausreichend recherchiert, mir viele Gedanken \u00fcber Etappenziele und Ablauf der Tour gemacht. Gerne stehe ich dir mit Rat und Tat zur Seite und unterst\u00fctze dich so gut ich kann, damit die Tour ein sch\u00f6nes Erlebnis mit nachhaltiger Wirkung f\u00fcr dich wird.<\/p>\n\n\n<div class=\"wp-block-image\">\n<figure class=\"aligncenter size-full is-resized\"><img loading=\"lazy\" decoding=\"async\" width=\"512\" height=\"512\" src=\"http:\/\/www.intuitivsein.com\/wp-content\/uploads\/2023\/01\/image.png\" alt=\"\" class=\"wp-image-1068\" style=\"object-fit:cover;width:50px;height:50px\" srcset=\"http:\/\/www.intuitivsein.com\/wp-content\/uploads\/2023\/01\/image.png 512w, http:\/\/www.intuitivsein.com\/wp-content\/uploads\/2023\/01\/image-300x300.png 300w, http:\/\/www.intuitivsein.com\/wp-content\/uploads\/2023\/01\/image-150x150.png 150w, http:\/\/www.intuitivsein.com\/wp-content\/uploads\/2023\/01\/image-75x75.png 75w\" sizes=\"auto, (max-width: 512px) 100vw, 512px\" \/><\/figure>\n<\/div>\n\n\n<p><\/p>\n","protected":false},"excerpt":{"rendered":"<p>Gef\u00fchrte Tour f\u00fcr Frauen im Waldviertel rund um Zwettl Artenreiche W\u00e4lder, Flusslandschaften mit spektakul\u00e4ren Schluchten und Wasserf\u00e4llen oder skurrile Felsformationen: Das Waldviertler Hochland im Bezirk Zwettl, N\u00d6 begeistert mit atemberaubenden und teils jahrtausendealten Naturspektakeln. Die zahlreichen Wanderwege verbinden diese einzigartigen Naturschaupl\u00e4tze, deren Urspr\u00fcnglichkeit bis heute bewahrt wird. Die Stadt Zwettl, der geographische Mittelpunkt des Waldviertels, liegt in einem Talkessel an einem charakteristischen Flussknoten des oberen Kampgebietes. Friedensreich Hundertwasser hinterlie\u00df hier und in der Umgebung seine kreativen Spuren. Routen:&nbsp;Wir sind unterwegs im Kamptal, am Wasserwunderweg, in der Wei\u00dfenbachklamm und im Felsengarten, in einer Welt nordischer Kraftpl\u00e4tze aus Wasser, Wald und Granit. Das Eins werden mit der Natur und der Umgebung erdet und lenkt unsere Aufmerksamkeit wieder auf das Wesentliche!&nbsp; Coaching- Inhalte:&nbsp;Im Fokus steht die Wirksamkeit und die Kraft der Natur. Impulse und Anregungen zu Achtsamkeits\u00fcbungen und mentalen Techniken f\u00fcr einen entspannteren Alltag, finden w\u00e4hrend des Weges statt. Zus\u00e4tzlich stehe ich dir auch f\u00fcr ein pers\u00f6nliches Coaching zur Verf\u00fcgung. Programm\/Ablauf:&nbsp; 1. Tag:\u00a0Treffpunkt ab 9 Uhr in der Unterkunft,\u00a04* Hotel Schwarz Alm, 3910 Zwettl, Almweg 1 Kennenlernen, allgemeine Infos und Besprechung der Tour. Anschlie\u00dfend um ca. 10:00 starten wir zu unserer ersten Tages-Etappe. Die t\u00e4glichen Etappen liegen bei ca. 16 \u2013 18 km.\u00a0 Mit einem gemeinsamen Abendessen lassen wir Tag 1 und 2 gem\u00fctlich ausklingen, am 3. Tag beenden wir\u00a0 unsere gemeinsame Pilgerreise mit einem versp\u00e4teten Mittagessen. Als deine Begleitung habe ich die Wege ausreichend recherchiert, mir viele Gedanken \u00fcber Etappenziele und Ablauf der Tour gemacht. Gerne stehe ich dir mit Rat und Tat zur Seite und unterst\u00fctze dich so gut ich kann, damit die Tour ein sch\u00f6nes Erlebnis mit nachhaltiger Wirkung f\u00fcr dich wird.<\/p>\n","protected":false},"author":1,"featured_media":0,"parent":0,"menu_order":0,"comment_status":"closed","ping_status":"closed","template":"","meta":{"_mc_calendar":[],"footnotes":""},"class_list":["post-1861","page","type-page","status-publish","hentry"],"_links":{"self":[{"href":"http:\/\/www.intuitivsein.com\/index.php?rest_route=\/wp\/v2\/pages\/1861","targetHints":{"allow":["GET"]}}],"collection":[{"href":"http:\/\/www.intuitivsein.com\/index.php?rest_route=\/wp\/v2\/pages"}],"about":[{"href":"http:\/\/www.intuitivsein.com\/index.php?rest_route=\/wp\/v2\/types\/page"}],"author":[{"embeddable":true,"href":"http:\/\/www.intuitivsein.com\/index.php?rest_route=\/wp\/v2\/users\/1"}],"replies":[{"embeddable":true,"href":"http:\/\/www.intuitivsein.com\/index.php?rest_route=%2Fwp%2Fv2%2Fcomments&post=1861"}],"version-history":[{"count":28,"href":"http:\/\/www.intuitivsein.com\/index.php?rest_route=\/wp\/v2\/pages\/1861\/revisions"}],"predecessor-version":[{"id":2559,"href":"http:\/\/www.intuitivsein.com\/index.php?rest_route=\/wp\/v2\/pages\/1861\/revisions\/2559"}],"wp:attachment":[{"href":"http:\/\/www.intuitivsein.com\/index.php?rest_route=%2Fwp%2Fv2%2Fmedia&parent=1861"}],"curies":[{"name":"wp","href":"https:\/\/api.w.org\/{rel}","templated":true}]}}