{"id":1971,"date":"2023-10-25T19:03:38","date_gmt":"2023-10-25T17:03:38","guid":{"rendered":"http:\/\/www.intuitivsein.com\/?page_id=1971"},"modified":"2023-12-18T13:48:42","modified_gmt":"2023-12-18T12:48:42","slug":"unterwegs-am-weg-der-entschleunigung","status":"publish","type":"page","link":"http:\/\/www.intuitivsein.com\/?page_id=1971","title":{"rendered":"Unterwegs am Weg der Entschleunigung"},"content":{"rendered":"\n<div style=\"height:21px\" aria-hidden=\"true\" class=\"wp-block-spacer\"><\/div>\n\n\n\n<h4 class=\"wp-block-heading has-text-color\" style=\"color:#257575\">Gef\u00fchrte Tour f\u00fcr Frauen im B\u00f6hmerwald<\/h4>\n\n\n<div class=\"wp-block-image is-resized is-style-rounded\">\n<figure class=\"alignright size-full\"><img loading=\"lazy\" decoding=\"async\" width=\"1920\" height=\"2560\" src=\"http:\/\/www.intuitivsein.com\/wp-content\/uploads\/2023\/10\/IMG_20230523_122707-scaled.jpg\" alt=\"\" class=\"wp-image-1979\" style=\"aspect-ratio:1;object-fit:cover;width:400px\" srcset=\"http:\/\/www.intuitivsein.com\/wp-content\/uploads\/2023\/10\/IMG_20230523_122707-scaled.jpg 1920w, http:\/\/www.intuitivsein.com\/wp-content\/uploads\/2023\/10\/IMG_20230523_122707-225x300.jpg 225w, http:\/\/www.intuitivsein.com\/wp-content\/uploads\/2023\/10\/IMG_20230523_122707-768x1024.jpg 768w, http:\/\/www.intuitivsein.com\/wp-content\/uploads\/2023\/10\/IMG_20230523_122707-1152x1536.jpg 1152w, http:\/\/www.intuitivsein.com\/wp-content\/uploads\/2023\/10\/IMG_20230523_122707-1536x2048.jpg 1536w, http:\/\/www.intuitivsein.com\/wp-content\/uploads\/2023\/10\/IMG_20230523_122707-1140x1520.jpg 1140w\" sizes=\"auto, (max-width: 1920px) 100vw, 1920px\" \/><\/figure>\n<\/div>\n\n\n<p><\/p>\n\n\n\n<p>Im hohen Norden Ober\u00f6sterreichs verbindet <strong>&#8222;Der Weg der Entschleunigung&#8220;, <\/strong>ein 165 km langer Weitwanderweg, die sch\u00f6nsten Energie- und Kraftpl\u00e4tze in der Region B\u00f6hmerwald im oberen M\u00fchlviertel. <\/p>\n\n\n\n<p><\/p>\n\n\n\n<p>Es wartet ein intensives Naturerlebnis, durch die unterschiedlichen landschaftlichen Reize von unber\u00fchrten W\u00e4ldern, einzigartigen Granitformationen und urspr\u00fcnglicher Natur. Auch die Kraft des Wassers pr\u00e4gt die Landschaft.  So ist die gro\u00dfe M\u00fchl namensgebend f\u00fcr das M\u00fchlviertel.<\/p>\n\n\n\n<p><\/p>\n\n\n\n<p>Ausgehend vom Stiftsort Aigen-Schl\u00e4gl machen wir uns Schritt f\u00fcr Schritt auf den Weg, tauchen ein in die kraftspendende magische Ruhe, kommen dabei der Natur so nahe wie m\u00f6glich. Und vielleicht auch wieder uns selbst?<\/p>\n\n\n\n<p><strong>Coaching-Inhalte:&nbsp;<\/strong>Der Fokus liegt in der Selbstf\u00fcrsorge. Impulse und Anregungen zu Achtsamkeits\u00fcbungen und mentalen  Techniken f\u00fcr einen entspannteren Alltag, finden w\u00e4hrend des Weges statt. Zus\u00e4tzlich stehe ich dir auch f\u00fcr ein Beratungsgespr\u00e4ch zur Verf\u00fcgung.<\/p>\n\n\n\n<h4 class=\"wp-block-heading has-text-color\" style=\"color:#257575\">Programm\/Ablauf:<\/h4>\n\n\n\n<p>1. Tag: Treffpunkt um 9:30 Uhr in der Unterkunft: Biergasthaus Schiffner, in 4160 Aigen, Linzer Stra\u00dfe 9 Kennenlernen, Allgemeines und Organisatorisches, Programmablauf;<br>Die t\u00e4glichen Etappen liegen bei ca. 18 km. Ein Shuttle bringt uns jeden Tag zur\u00fcck zur Unterkunft, sodass wir nur mit Tagesgep\u00e4ck wandern. Mit einem gemeinsamen Abendessen lassen wir Tag 1-3 gem\u00fctlich ausklingen. Am 4. Tag beenden wir unsere gemeinsame Pilgerreise mit einem versp\u00e4teten Mittagessen.<\/p>\n\n\n\n<p><\/p>\n\n\n\n<ul class=\"wp-block-list\">\n<li>Schwierigkeitsgrad: anspruchsvoll. Die Dauer von 4 Tagen und die t\u00e4glichen H\u00f6henmeter (ca. 4.000 Hm) stellen Herausforderungen dar.<\/li>\n\n\n\n<li>Entsprechende Kleidung und Ausr\u00fcstung, feste Schuhe, ev. Walking- St\u00f6cke, Rucksack, Regenponcho, Trinkflasche, Blasenpflaster, Sonnenschutz, Sonnenbrille, Kopfbedeckung, Sitzunterlage, etc. sind mitzubringen.<\/li>\n\n\n\n<li>Kostenpauschale \u201eall inclusive\u201c f\u00fcr 4 Tage: 775,00 Euro<\/li>\n\n\n\n<li>inkludierte Leistungen:  3 N\u00e4chte im Comfort-EZ mit Fr\u00fchst\u00fcck, Coaching-Inhalte, tgl. Shuttle, Organisation und Begleitung der Tour, Wanderkarte<\/li>\n\n\n\n<li>Erm\u00e4\u00dfigung von Euro 20,00 mit Treuepass<\/li>\n\n\n\n<li>Anmeldeschluss: 31. August 2024<\/li>\n<\/ul>\n\n\n\n<p>Als deine Begleitung habe ich die Wege ausreichend recherchiert, mir viele Gedanken \u00fcber Etappenziele und Ablauf der Tour gemacht. Gerne stehe ich dir mit Rat und Tat zur Seite und unterst\u00fctze dich so gut ich kann, damit die Tour ein sch\u00f6nes Erlebnis mit nachhaltiger Wirkung f\u00fcr dich wird.<\/p>\n\n\n\n<div style=\"height:20px\" aria-hidden=\"true\" class=\"wp-block-spacer\"><\/div>\n\n\n<div class=\"wp-block-image\">\n<figure class=\"aligncenter size-full is-resized\"><img loading=\"lazy\" decoding=\"async\" width=\"512\" height=\"512\" src=\"http:\/\/www.intuitivsein.com\/wp-content\/uploads\/2023\/01\/image.png\" alt=\"\" class=\"wp-image-1068\" style=\"object-fit:cover;width:50px;height:50px\" srcset=\"http:\/\/www.intuitivsein.com\/wp-content\/uploads\/2023\/01\/image.png 512w, http:\/\/www.intuitivsein.com\/wp-content\/uploads\/2023\/01\/image-300x300.png 300w, http:\/\/www.intuitivsein.com\/wp-content\/uploads\/2023\/01\/image-150x150.png 150w, http:\/\/www.intuitivsein.com\/wp-content\/uploads\/2023\/01\/image-75x75.png 75w\" sizes=\"auto, (max-width: 512px) 100vw, 512px\" \/><\/figure>\n<\/div>","protected":false},"excerpt":{"rendered":"<p>Gef\u00fchrte Tour f\u00fcr Frauen im B\u00f6hmerwald Im hohen Norden Ober\u00f6sterreichs verbindet &#8222;Der Weg der Entschleunigung&#8220;, ein 165 km langer Weitwanderweg, die sch\u00f6nsten Energie- und Kraftpl\u00e4tze in der Region B\u00f6hmerwald im oberen M\u00fchlviertel. Es wartet ein intensives Naturerlebnis, durch die unterschiedlichen landschaftlichen Reize von unber\u00fchrten W\u00e4ldern, einzigartigen Granitformationen und urspr\u00fcnglicher Natur. Auch die Kraft des Wassers pr\u00e4gt die Landschaft. So ist die gro\u00dfe M\u00fchl namensgebend f\u00fcr das M\u00fchlviertel. Ausgehend vom Stiftsort Aigen-Schl\u00e4gl machen wir uns Schritt f\u00fcr Schritt auf den Weg, tauchen ein in die kraftspendende magische Ruhe, kommen dabei der Natur so nahe wie m\u00f6glich. Und vielleicht auch wieder uns selbst? Coaching-Inhalte:&nbsp;Der Fokus liegt in der Selbstf\u00fcrsorge. Impulse und Anregungen zu Achtsamkeits\u00fcbungen und mentalen Techniken f\u00fcr einen entspannteren Alltag, finden w\u00e4hrend des Weges statt. Zus\u00e4tzlich stehe ich dir auch f\u00fcr ein Beratungsgespr\u00e4ch zur Verf\u00fcgung. Programm\/Ablauf: 1. Tag: Treffpunkt um 9:30 Uhr in der Unterkunft: Biergasthaus Schiffner, in 4160 Aigen, Linzer Stra\u00dfe 9 Kennenlernen, Allgemeines und Organisatorisches, Programmablauf;Die t\u00e4glichen Etappen liegen bei ca. 18 km. Ein Shuttle bringt uns jeden Tag zur\u00fcck zur Unterkunft, sodass wir nur mit Tagesgep\u00e4ck wandern. Mit einem gemeinsamen Abendessen lassen wir Tag 1-3 gem\u00fctlich ausklingen. Am 4. Tag beenden wir unsere gemeinsame Pilgerreise mit einem versp\u00e4teten Mittagessen. Als deine Begleitung habe ich die Wege ausreichend recherchiert, mir viele Gedanken \u00fcber Etappenziele und Ablauf der Tour gemacht. Gerne stehe ich dir mit Rat und Tat zur Seite und unterst\u00fctze dich so gut ich kann, damit die Tour ein sch\u00f6nes Erlebnis mit nachhaltiger Wirkung f\u00fcr dich wird.<\/p>\n","protected":false},"author":1,"featured_media":0,"parent":0,"menu_order":0,"comment_status":"closed","ping_status":"closed","template":"","meta":{"_mc_calendar":[],"footnotes":""},"class_list":["post-1971","page","type-page","status-publish","hentry"],"_links":{"self":[{"href":"http:\/\/www.intuitivsein.com\/index.php?rest_route=\/wp\/v2\/pages\/1971","targetHints":{"allow":["GET"]}}],"collection":[{"href":"http:\/\/www.intuitivsein.com\/index.php?rest_route=\/wp\/v2\/pages"}],"about":[{"href":"http:\/\/www.intuitivsein.com\/index.php?rest_route=\/wp\/v2\/types\/page"}],"author":[{"embeddable":true,"href":"http:\/\/www.intuitivsein.com\/index.php?rest_route=\/wp\/v2\/users\/1"}],"replies":[{"embeddable":true,"href":"http:\/\/www.intuitivsein.com\/index.php?rest_route=%2Fwp%2Fv2%2Fcomments&post=1971"}],"version-history":[{"count":11,"href":"http:\/\/www.intuitivsein.com\/index.php?rest_route=\/wp\/v2\/pages\/1971\/revisions"}],"predecessor-version":[{"id":2560,"href":"http:\/\/www.intuitivsein.com\/index.php?rest_route=\/wp\/v2\/pages\/1971\/revisions\/2560"}],"wp:attachment":[{"href":"http:\/\/www.intuitivsein.com\/index.php?rest_route=%2Fwp%2Fv2%2Fmedia&parent=1971"}],"curies":[{"name":"wp","href":"https:\/\/api.w.org\/{rel}","templated":true}]}}