{"id":2230,"date":"2023-11-28T19:15:57","date_gmt":"2023-11-28T18:15:57","guid":{"rendered":"http:\/\/www.intuitivsein.com\/?page_id=2230"},"modified":"2023-12-03T19:56:12","modified_gmt":"2023-12-03T18:56:12","slug":"themen-wandertag-6-3","status":"publish","type":"page","link":"http:\/\/www.intuitivsein.com\/?page_id=2230","title":{"rendered":"Themen-Wandertag\/9"},"content":{"rendered":"\n<h6 class=\"wp-block-heading has-text-color has-link-color wp-elements-717ed85424f003ca7846d009a30d46a0\" style=\"color:#257575\"><strong>Route: Urkraftweg &#8211; Neuer Rundweg ab Kaltenberg<\/strong> <strong>im M\u00fchlviertel<\/strong><\/h6>\n\n\n\n<p class=\"has-text-color\" style=\"color:#257575\"><\/p>\n\n\n<div class=\"wp-block-image is-style-rounded\">\n<figure class=\"alignright size-full is-resized\"><img loading=\"lazy\" decoding=\"async\" width=\"1920\" height=\"2560\" src=\"http:\/\/www.intuitivsein.com\/wp-content\/uploads\/2023\/11\/Urkraftweg-scaled.jpg\" alt=\"\" class=\"wp-image-2243\" style=\"aspect-ratio:1;object-fit:cover;width:400px\" srcset=\"http:\/\/www.intuitivsein.com\/wp-content\/uploads\/2023\/11\/Urkraftweg-scaled.jpg 1920w, http:\/\/www.intuitivsein.com\/wp-content\/uploads\/2023\/11\/Urkraftweg-225x300.jpg 225w, http:\/\/www.intuitivsein.com\/wp-content\/uploads\/2023\/11\/Urkraftweg-768x1024.jpg 768w, http:\/\/www.intuitivsein.com\/wp-content\/uploads\/2023\/11\/Urkraftweg-1152x1536.jpg 1152w, http:\/\/www.intuitivsein.com\/wp-content\/uploads\/2023\/11\/Urkraftweg-1536x2048.jpg 1536w, http:\/\/www.intuitivsein.com\/wp-content\/uploads\/2023\/11\/Urkraftweg-1140x1520.jpg 1140w\" sizes=\"auto, (max-width: 1920px) 100vw, 1920px\" \/><\/figure>\n<\/div>\n\n\n<p class=\"has-text-color\" style=\"color:#257575\">Ein Teil verl\u00e4uft auf einer der sch\u00f6nsten Etappen des Johannesweges und l\u00e4dt dich ein, dir einen Eindruck von dieser Gegend zu machen. <\/p>\n\n\n\n<p>Gef\u00fchrte Wanderung kombiniert mit Impulsen und einfachen \u00dcbungen zum&nbsp;<\/p>\n\n\n\n<p><strong>Thema \u201eLebenskraft\u201c<\/strong><\/p>\n\n\n\n<ul class=\"wp-block-list\">\n<li>Dauer: Start 9:00, Ende ca. 16:00<\/li>\n\n\n\n<li>reine Gehzeit ca. 5 Stunden, ca. 19 km, 720 HM<\/li>\n\n\n\n<li>Schwierigkeitsgrad: anspruchsvoll <\/li>\n\n\n\n<li>Lunchpaket bzw. Picknick um die Mittagszeit, wenn m\u00f6glich im Freien<\/li>\n\n\n\n<li>Abholdienst und Transfer&nbsp;zum Treffpunkt ab Bhf Perg m\u00f6glich, bzw. nach Vereinbarung<\/li>\n\n\n\n<li>3-5 TeilnehmerInnen<\/li>\n\n\n\n<li>Kosten Euro 130,&nbsp;inkl. Lunchpaket und Transfer<\/li>\n<\/ul>\n\n\n\n<div style=\"height:21px\" aria-hidden=\"true\" class=\"wp-block-spacer\"><\/div>\n\n\n\n<blockquote class=\"wp-block-quote is-layout-flow wp-block-quote-is-layout-flow\">\n<p>Alle Kraft die wir fortgeben, kommt verwandelt wieder \u00fcber uns.<\/p>\n\n\n\n<p>R.M. Rilke<\/p>\n<\/blockquote>\n\n\n\n<p class=\"has-text-align-left has-black-color has-text-color\"><\/p>\n\n\n\n<p class=\"has-text-color\" style=\"color:#257575\"><\/p>\n","protected":false},"excerpt":{"rendered":"<p>Route: Urkraftweg &#8211; Neuer Rundweg ab Kaltenberg im M\u00fchlviertel Ein Teil verl\u00e4uft auf einer der sch\u00f6nsten Etappen des Johannesweges und l\u00e4dt dich ein, dir einen Eindruck von dieser Gegend zu machen. Gef\u00fchrte Wanderung kombiniert mit Impulsen und einfachen \u00dcbungen zum&nbsp; Thema \u201eLebenskraft\u201c Alle Kraft die wir fortgeben, kommt verwandelt wieder \u00fcber uns. R.M. Rilke<\/p>\n","protected":false},"author":1,"featured_media":0,"parent":0,"menu_order":0,"comment_status":"closed","ping_status":"closed","template":"","meta":{"_mc_calendar":[],"footnotes":""},"class_list":["post-2230","page","type-page","status-publish","hentry"],"_links":{"self":[{"href":"http:\/\/www.intuitivsein.com\/index.php?rest_route=\/wp\/v2\/pages\/2230","targetHints":{"allow":["GET"]}}],"collection":[{"href":"http:\/\/www.intuitivsein.com\/index.php?rest_route=\/wp\/v2\/pages"}],"about":[{"href":"http:\/\/www.intuitivsein.com\/index.php?rest_route=\/wp\/v2\/types\/page"}],"author":[{"embeddable":true,"href":"http:\/\/www.intuitivsein.com\/index.php?rest_route=\/wp\/v2\/users\/1"}],"replies":[{"embeddable":true,"href":"http:\/\/www.intuitivsein.com\/index.php?rest_route=%2Fwp%2Fv2%2Fcomments&post=2230"}],"version-history":[{"count":17,"href":"http:\/\/www.intuitivsein.com\/index.php?rest_route=\/wp\/v2\/pages\/2230\/revisions"}],"predecessor-version":[{"id":2503,"href":"http:\/\/www.intuitivsein.com\/index.php?rest_route=\/wp\/v2\/pages\/2230\/revisions\/2503"}],"wp:attachment":[{"href":"http:\/\/www.intuitivsein.com\/index.php?rest_route=%2Fwp%2Fv2%2Fmedia&parent=2230"}],"curies":[{"name":"wp","href":"https:\/\/api.w.org\/{rel}","templated":true}]}}