{"id":2278,"date":"2023-11-28T20:17:17","date_gmt":"2023-11-28T19:17:17","guid":{"rendered":"http:\/\/www.intuitivsein.com\/?page_id=2278"},"modified":"2023-12-03T19:40:32","modified_gmt":"2023-12-03T18:40:32","slug":"themen-wandertag-5","status":"publish","type":"page","link":"http:\/\/www.intuitivsein.com\/?page_id=2278","title":{"rendered":"Themen-Wandertag\/8"},"content":{"rendered":"\n<h6 class=\"wp-block-heading has-text-color has-link-color wp-elements-a505826bd4549476a2a3b6a6f5e1814d\" style=\"color:#257575\"><strong>Route: Gloxwaldrunde ab Waldhausen im Strudengau<\/strong> <\/h6>\n\n\n\n<p class=\"has-text-color has-link-color wp-elements-c2de694a67c2f27d1539af1ea9e53cda\" style=\"color:#257575\"><\/p>\n\n\n<div class=\"wp-block-image is-style-rounded\">\n<figure class=\"alignright size-full is-resized\"><img loading=\"lazy\" decoding=\"async\" width=\"987\" height=\"1030\" src=\"http:\/\/www.intuitivsein.com\/wp-content\/uploads\/2023\/12\/IMG_20210802_192651.jpg\" alt=\"\" class=\"wp-image-2476\" style=\"aspect-ratio:1;object-fit:cover;width:400px\" srcset=\"http:\/\/www.intuitivsein.com\/wp-content\/uploads\/2023\/12\/IMG_20210802_192651.jpg 987w, http:\/\/www.intuitivsein.com\/wp-content\/uploads\/2023\/12\/IMG_20210802_192651-287x300.jpg 287w, http:\/\/www.intuitivsein.com\/wp-content\/uploads\/2023\/12\/IMG_20210802_192651-981x1024.jpg 981w, http:\/\/www.intuitivsein.com\/wp-content\/uploads\/2023\/12\/IMG_20210802_192651-768x801.jpg 768w\" sizes=\"auto, (max-width: 987px) 100vw, 987px\" \/><\/figure>\n<\/div>\n\n\n<p class=\"has-text-color has-link-color wp-elements-0ccd8b3c976888102d46b99ba22f71ec\" style=\"color:#257575\">Diese \u00e4u\u00dferst abwechslungsreiche Tour f\u00fchrt uns durch den Gloxwald vorbei an herrlichen Aussichtspunkten zu romantischen Pl\u00e4tzen und Teichen.<\/p>\n\n\n\n<p>Gef\u00fchrte Wanderung kombiniert mit Impulsen und einfachen \u00dcbungen zum&nbsp;<\/p>\n\n\n\n<p><strong>Thema \u201eMentale St\u00e4rke\u201c<\/strong><\/p>\n\n\n\n<ul class=\"wp-block-list\">\n<li>Dauer: Start 9:00, Ende ca. 16:00<\/li>\n\n\n\n<li>reine Gehzeit ca. 5 Stunden, 17 km und 390 HM<\/li>\n\n\n\n<li>Schwierigkeitsgrad: mittel<\/li>\n\n\n\n<li>Lunchpaket bzw. Picknick um die Mittagszeit, wenn m\u00f6glich im Freien<\/li>\n\n\n\n<li>Abholdienst und Transfer&nbsp;zum Treffpunkt ab Bhf Perg m\u00f6glich, bzw. nach Vereinbarung<\/li>\n\n\n\n<li>2-5 TeilnehmerInnen<\/li>\n\n\n\n<li>Kosten 130 Euro,&nbsp;inkl. Lunchpaket und Transfer<\/li>\n<\/ul>\n\n\n\n<div style=\"height:21px\" aria-hidden=\"true\" class=\"wp-block-spacer\"><\/div>\n\n\n\n<blockquote class=\"wp-block-quote is-layout-flow wp-block-quote-is-layout-flow\">\n<p>Die Natur ist die beste F\u00fchrerin des Lebens.<\/p>\n<cite>Cicero <\/cite><\/blockquote>\n","protected":false},"excerpt":{"rendered":"<p>Route: Gloxwaldrunde ab Waldhausen im Strudengau Diese \u00e4u\u00dferst abwechslungsreiche Tour f\u00fchrt uns durch den Gloxwald vorbei an herrlichen Aussichtspunkten zu romantischen Pl\u00e4tzen und Teichen. Gef\u00fchrte Wanderung kombiniert mit Impulsen und einfachen \u00dcbungen zum&nbsp; Thema \u201eMentale St\u00e4rke\u201c Die Natur ist die beste F\u00fchrerin des Lebens. Cicero<\/p>\n","protected":false},"author":1,"featured_media":0,"parent":0,"menu_order":0,"comment_status":"closed","ping_status":"closed","template":"","meta":{"_mc_calendar":[],"footnotes":""},"class_list":["post-2278","page","type-page","status-publish","hentry"],"_links":{"self":[{"href":"http:\/\/www.intuitivsein.com\/index.php?rest_route=\/wp\/v2\/pages\/2278","targetHints":{"allow":["GET"]}}],"collection":[{"href":"http:\/\/www.intuitivsein.com\/index.php?rest_route=\/wp\/v2\/pages"}],"about":[{"href":"http:\/\/www.intuitivsein.com\/index.php?rest_route=\/wp\/v2\/types\/page"}],"author":[{"embeddable":true,"href":"http:\/\/www.intuitivsein.com\/index.php?rest_route=\/wp\/v2\/users\/1"}],"replies":[{"embeddable":true,"href":"http:\/\/www.intuitivsein.com\/index.php?rest_route=%2Fwp%2Fv2%2Fcomments&post=2278"}],"version-history":[{"count":12,"href":"http:\/\/www.intuitivsein.com\/index.php?rest_route=\/wp\/v2\/pages\/2278\/revisions"}],"predecessor-version":[{"id":2491,"href":"http:\/\/www.intuitivsein.com\/index.php?rest_route=\/wp\/v2\/pages\/2278\/revisions\/2491"}],"wp:attachment":[{"href":"http:\/\/www.intuitivsein.com\/index.php?rest_route=%2Fwp%2Fv2%2Fmedia&parent=2278"}],"curies":[{"name":"wp","href":"https:\/\/api.w.org\/{rel}","templated":true}]}}