{"id":3074,"date":"2024-04-04T11:03:05","date_gmt":"2024-04-04T09:03:05","guid":{"rendered":"https:\/\/www.intuitivsein.com\/?page_id=3074"},"modified":"2024-05-05T09:00:03","modified_gmt":"2024-05-05T07:00:03","slug":"selbstfuersorge-in-raten","status":"publish","type":"page","link":"http:\/\/www.intuitivsein.com\/?page_id=3074","title":{"rendered":"Selbstf\u00fcrsorge &#8211; Online Gruppe"},"content":{"rendered":"\n<h6 class=\"wp-block-heading\"><\/h6>\n\n\n\n<h5 class=\"wp-block-heading has-text-color has-link-color wp-elements-0781f3009a2f376ede794211fdf802d1\" style=\"color:#257575\">Hast du ein paar Minuten Zeit ? F\u00fcr Dich?<\/h5>\n\n\n\n<p><\/p>\n\n\n\n<div style=\"height:20px\" aria-hidden=\"true\" class=\"wp-block-spacer\"><\/div>\n\n\n<div class=\"wp-block-image is-style-rounded\">\n<figure class=\"alignright size-large is-resized\"><img loading=\"lazy\" decoding=\"async\" width=\"1024\" height=\"975\" src=\"http:\/\/www.intuitivsein.com\/wp-content\/uploads\/2024\/04\/Screenshot_20240309_074033_com.instagram.android_edit_340215027529856-1024x975.jpg\" alt=\"\" class=\"wp-image-3080\" style=\"aspect-ratio:1;object-fit:cover;width:400px\" srcset=\"http:\/\/www.intuitivsein.com\/wp-content\/uploads\/2024\/04\/Screenshot_20240309_074033_com.instagram.android_edit_340215027529856-1024x975.jpg 1024w, http:\/\/www.intuitivsein.com\/wp-content\/uploads\/2024\/04\/Screenshot_20240309_074033_com.instagram.android_edit_340215027529856-300x286.jpg 300w, http:\/\/www.intuitivsein.com\/wp-content\/uploads\/2024\/04\/Screenshot_20240309_074033_com.instagram.android_edit_340215027529856-768x731.jpg 768w, http:\/\/www.intuitivsein.com\/wp-content\/uploads\/2024\/04\/Screenshot_20240309_074033_com.instagram.android_edit_340215027529856.jpg 1080w\" sizes=\"auto, (max-width: 1024px) 100vw, 1024px\" \/><\/figure>\n<\/div>\n\n\n<p>Du erh\u00e4ltst jeden Morgen eine <strong>KURZE UND EINFACHE<\/strong>, aber sehr effektive \u00dcbung oder Aufgabe aus meiner langj\u00e4hrigen Erfahrung im Bereich des Mental-&amp; Achtsamkeitstraining und der K\u00f6rperarbeit. Ich begleite dich 21 Tage lang und biete dir die M\u00f6glichkeit unterschiedliche Tools kennenzulernen. Du selbst entscheidest f\u00fcr dich, wann du dieses t\u00e4gliche Angebot in deinen Tagesablauf einbaust. Das Ziel ist, deine Lieblings\u00fcbung in deinen Alltag zu integrieren und dir t\u00e4glich 15 min Zeit <strong>F\u00dcR DICH<\/strong>  in Stille und Ruhe zu nehmen.<\/p>\n\n\n\n<p>Was ist zu tun? Du trittst einer WhatsApp Gruppe bei, in die ich jeden Morgen die t\u00e4glichen Aufgaben poste. Es wird unterschiedliche Bereiche betreffen und es wird definitiv abwechslungsreich sein.<\/p>\n\n\n\n<p>Kosten 35 Euro f\u00fcr 21 Tage<\/p>\n\n\n\n<p>Anmeldung \u00fcber WhatsApp: +436642400286<\/p>\n\n\n\n<p><strong>Wichtig! Bitte schreib nicht in die Gruppe, diese dient lediglich des Empfangs der \u00dcbungen und Aufgaben. Gerne kannst du mir bei Fragen oder Anliegen direkt ein WhatsApp schreiben.<\/strong><\/p>\n","protected":false},"excerpt":{"rendered":"<p>Hast du ein paar Minuten Zeit ? F\u00fcr Dich? Du erh\u00e4ltst jeden Morgen eine KURZE UND EINFACHE, aber sehr effektive \u00dcbung oder Aufgabe aus meiner langj\u00e4hrigen Erfahrung im Bereich des Mental-&amp; Achtsamkeitstraining und der K\u00f6rperarbeit. Ich begleite dich 21 Tage lang und biete dir die M\u00f6glichkeit unterschiedliche Tools kennenzulernen. Du selbst entscheidest f\u00fcr dich, wann du dieses t\u00e4gliche Angebot in deinen Tagesablauf einbaust. Das Ziel ist, deine Lieblings\u00fcbung in deinen Alltag zu integrieren und dir t\u00e4glich 15 min Zeit F\u00dcR DICH in Stille und Ruhe zu nehmen. Was ist zu tun? Du trittst einer WhatsApp Gruppe bei, in die ich jeden Morgen die t\u00e4glichen Aufgaben poste. Es wird unterschiedliche Bereiche betreffen und es wird definitiv abwechslungsreich sein. Kosten 35 Euro f\u00fcr 21 Tage Anmeldung \u00fcber WhatsApp: +436642400286 Wichtig! Bitte schreib nicht in die Gruppe, diese dient lediglich des Empfangs der \u00dcbungen und Aufgaben. Gerne kannst du mir bei Fragen oder Anliegen direkt ein WhatsApp schreiben.<\/p>\n","protected":false},"author":1,"featured_media":0,"parent":0,"menu_order":0,"comment_status":"closed","ping_status":"closed","template":"","meta":{"_mc_calendar":[],"footnotes":""},"class_list":["post-3074","page","type-page","status-publish","hentry"],"_links":{"self":[{"href":"http:\/\/www.intuitivsein.com\/index.php?rest_route=\/wp\/v2\/pages\/3074","targetHints":{"allow":["GET"]}}],"collection":[{"href":"http:\/\/www.intuitivsein.com\/index.php?rest_route=\/wp\/v2\/pages"}],"about":[{"href":"http:\/\/www.intuitivsein.com\/index.php?rest_route=\/wp\/v2\/types\/page"}],"author":[{"embeddable":true,"href":"http:\/\/www.intuitivsein.com\/index.php?rest_route=\/wp\/v2\/users\/1"}],"replies":[{"embeddable":true,"href":"http:\/\/www.intuitivsein.com\/index.php?rest_route=%2Fwp%2Fv2%2Fcomments&post=3074"}],"version-history":[{"count":8,"href":"http:\/\/www.intuitivsein.com\/index.php?rest_route=\/wp\/v2\/pages\/3074\/revisions"}],"predecessor-version":[{"id":3119,"href":"http:\/\/www.intuitivsein.com\/index.php?rest_route=\/wp\/v2\/pages\/3074\/revisions\/3119"}],"wp:attachment":[{"href":"http:\/\/www.intuitivsein.com\/index.php?rest_route=%2Fwp%2Fv2%2Fmedia&parent=3074"}],"curies":[{"name":"wp","href":"https:\/\/api.w.org\/{rel}","templated":true}]}}