{"id":573,"date":"2023-01-22T17:58:06","date_gmt":"2023-01-22T16:58:06","guid":{"rendered":"http:\/\/www.intuitivsein.com\/?page_id=573"},"modified":"2025-07-21T21:05:13","modified_gmt":"2025-07-21T19:05:13","slug":"pilgern-am-josefweg","status":"publish","type":"page","link":"http:\/\/www.intuitivsein.com\/?page_id=573","title":{"rendered":"Pilgern am Josefweg"},"content":{"rendered":"\n<figure class=\"wp-block-gallery has-nested-images columns-4 is-cropped wp-block-gallery-1 is-layout-flex wp-block-gallery-is-layout-flex\">\n<figure class=\"wp-block-image size-large\"><img loading=\"lazy\" decoding=\"async\" width=\"1748\" height=\"1747\" data-id=\"4158\" src=\"https:\/\/www.intuitivsein.com\/wp-content\/uploads\/2025\/05\/IMG_20250510_102314_edit_1476664087871553-edited.jpg\" alt=\"\" class=\"wp-image-4158\" srcset=\"http:\/\/www.intuitivsein.com\/wp-content\/uploads\/2025\/05\/IMG_20250510_102314_edit_1476664087871553-edited.jpg 1748w, http:\/\/www.intuitivsein.com\/wp-content\/uploads\/2025\/05\/IMG_20250510_102314_edit_1476664087871553-edited-300x300.jpg 300w, http:\/\/www.intuitivsein.com\/wp-content\/uploads\/2025\/05\/IMG_20250510_102314_edit_1476664087871553-edited-1024x1024.jpg 1024w, http:\/\/www.intuitivsein.com\/wp-content\/uploads\/2025\/05\/IMG_20250510_102314_edit_1476664087871553-edited-150x150.jpg 150w, http:\/\/www.intuitivsein.com\/wp-content\/uploads\/2025\/05\/IMG_20250510_102314_edit_1476664087871553-edited-768x768.jpg 768w, http:\/\/www.intuitivsein.com\/wp-content\/uploads\/2025\/05\/IMG_20250510_102314_edit_1476664087871553-edited-1536x1536.jpg 1536w, http:\/\/www.intuitivsein.com\/wp-content\/uploads\/2025\/05\/IMG_20250510_102314_edit_1476664087871553-edited-1140x1139.jpg 1140w, http:\/\/www.intuitivsein.com\/wp-content\/uploads\/2025\/05\/IMG_20250510_102314_edit_1476664087871553-edited-75x75.jpg 75w\" sizes=\"auto, (max-width: 1748px) 100vw, 1748px\" \/><\/figure>\n\n\n\n<figure class=\"wp-block-image size-full\"><img loading=\"lazy\" decoding=\"async\" width=\"800\" height=\"800\" data-id=\"3559\" src=\"http:\/\/www.intuitivsein.com\/wp-content\/uploads\/2024\/10\/WT10-edited.jpg\" alt=\"\" class=\"wp-image-3559\" srcset=\"http:\/\/www.intuitivsein.com\/wp-content\/uploads\/2024\/10\/WT10-edited.jpg 800w, http:\/\/www.intuitivsein.com\/wp-content\/uploads\/2024\/10\/WT10-edited-300x300.jpg 300w, http:\/\/www.intuitivsein.com\/wp-content\/uploads\/2024\/10\/WT10-edited-150x150.jpg 150w, http:\/\/www.intuitivsein.com\/wp-content\/uploads\/2024\/10\/WT10-edited-768x768.jpg 768w, http:\/\/www.intuitivsein.com\/wp-content\/uploads\/2024\/10\/WT10-edited-75x75.jpg 75w\" sizes=\"auto, (max-width: 800px) 100vw, 800px\" \/><\/figure>\n\n\n\n<figure class=\"wp-block-image size-full\"><img loading=\"lazy\" decoding=\"async\" width=\"1024\" height=\"768\" data-id=\"2002\" src=\"https:\/\/www.intuitivsein.com\/wp-content\/uploads\/2023\/10\/44280a4140ef4d5c878e04e3e9a146f7.jpg\" alt=\"\" class=\"wp-image-2002\" srcset=\"http:\/\/www.intuitivsein.com\/wp-content\/uploads\/2023\/10\/44280a4140ef4d5c878e04e3e9a146f7.jpg 1024w, http:\/\/www.intuitivsein.com\/wp-content\/uploads\/2023\/10\/44280a4140ef4d5c878e04e3e9a146f7-300x225.jpg 300w, http:\/\/www.intuitivsein.com\/wp-content\/uploads\/2023\/10\/44280a4140ef4d5c878e04e3e9a146f7-768x576.jpg 768w\" sizes=\"auto, (max-width: 1024px) 100vw, 1024px\" \/><\/figure>\n\n\n\n<figure class=\"wp-block-image size-large\"><img loading=\"lazy\" decoding=\"async\" width=\"800\" height=\"800\" data-id=\"3557\" src=\"https:\/\/www.intuitivsein.com\/wp-content\/uploads\/2024\/10\/Hongar_4-edited.jpg\" alt=\"\" class=\"wp-image-3557\" srcset=\"http:\/\/www.intuitivsein.com\/wp-content\/uploads\/2024\/10\/Hongar_4-edited.jpg 800w, http:\/\/www.intuitivsein.com\/wp-content\/uploads\/2024\/10\/Hongar_4-edited-300x300.jpg 300w, http:\/\/www.intuitivsein.com\/wp-content\/uploads\/2024\/10\/Hongar_4-edited-150x150.jpg 150w, http:\/\/www.intuitivsein.com\/wp-content\/uploads\/2024\/10\/Hongar_4-edited-768x768.jpg 768w, http:\/\/www.intuitivsein.com\/wp-content\/uploads\/2024\/10\/Hongar_4-edited-75x75.jpg 75w\" sizes=\"auto, (max-width: 800px) 100vw, 800px\" \/><\/figure>\n<\/figure>\n\n\n\n<p><\/p>\n\n\n\n<div style=\"height:47px\" aria-hidden=\"true\" class=\"wp-block-spacer\"><\/div>\n\n\n\n<h4 class=\"wp-block-heading has-text-color\" style=\"color:#257575\"><strong>Gef\u00fchrte Tour mit Mehrwert<\/strong><\/h4>\n\n\n\n<div style=\"height:20px\" aria-hidden=\"true\" class=\"wp-block-spacer\"><\/div>\n\n\n\n<p>Der Josefweg liegt im Naturpark Attersee-Traunsee in O\u00d6. Beginnend in Altm\u00fcnster mit dem traumhaften Panorama des glasklaren Traunsees, f\u00fchrt er mit 65 km und einigen H\u00f6henmetern mit herrlichen Ausblicken auf die Bergwelt und den t\u00fcrkisblauen Attersee, nach Weyregg. Durch ausgedehnte W\u00e4lder geht es \u00fcber den Richtberg und Gmundnerberg wieder zur\u00fcck zum Ausganspunkt.&nbsp;<\/p>\n\n\n\n<p>Wir werden<strong> 3 Teilabschnitte <\/strong>bewandern, sodass uns gen\u00fcgend Zeit f\u00fcr die Strecke, f\u00fcr Pausen und den Genuss des Panoramas bleibt. Die Etappen liegen bei ca. 15 km mit ca. 550 H\u00f6henmeter. <strong>Mit durchschnittlicher Fitness ist diese Tour gut zu bew\u00e4ltigen. Der Fokus liegt auf der Entschleunigung.<\/strong><\/p>\n\n\n\n<p>Aufbrechen um bei sich anzukommen, die Stille suchen oder einfach nur die Natur genie\u00dfen, all dies bietet dieser malerische Pilgerweg.<\/p>\n\n\n\n<p class=\"has-text-color has-link-color wp-elements-c2de694a67c2f27d1539af1ea9e53cda\" style=\"color:#257575\"><\/p>\n\n\n\n<div style=\"height:21px\" aria-hidden=\"true\" class=\"wp-block-spacer\"><\/div>\n\n\n\n<h4 class=\"wp-block-heading has-text-color has-link-color wp-elements-bc28367fa3f8d41dbb36623fa850e5ae\" style=\"color:#257575\"><strong>Unser Angebot:<\/strong><\/h4>\n\n\n\n<ul class=\"wp-block-list\">\n<li>2 N\u00e4chte im Comfort-DZ zur Einzelnutzung im <strong>Laudach Inn<\/strong><\/li>\n\n\n\n<li>reichhaltiges Fr\u00fchst\u00fccksbuffet<\/li>\n\n\n\n<li>Lunchpaket an Tag 2 und 3<\/li>\n\n\n\n<li>Kaffee und selbstgemachter Kuchen ganzt\u00e4gig kostenfrei <\/li>\n\n\n\n<li>tgl. flexibles Shuttleservice nach unseren Bed\u00fcrfnissen<\/li>\n\n\n\n<li>Willkommensgeschenk <\/li>\n\n\n\n<li>Wanderkarte<\/li>\n\n\n\n<li>tgl. 30 min sanftes Yoga zum Dehnen<\/li>\n\n\n\n<li>tgl. Impulse, \u00dcbungen und Reflexion zur Selbstf\u00fcrsorge im Alltag<\/li>\n\n\n\n<li>Betreuung 12 Std.\/Tag durch 2 Trainerinnen<\/li>\n\n\n\n<li>Kleine Gruppe <\/li>\n\n\n\n<li>ausgedehnte Recherche, Organisation und Begleitung der Tour<\/li>\n\n\n\n<li>Gutschrift mit Treuepass <\/li>\n<\/ul>\n\n\n\n<p><strong><mark style=\"background-color:rgba(0, 0, 0, 0);color:#257575\" class=\"has-inline-color\">Kostenpauschale 650 Euro <\/mark><\/strong><\/p>\n\n\n\n<p class=\"has-black-color has-text-color has-link-color wp-elements-018e4d254058330cbb986a68d714ed3e\"><strong>Kostenpausschale 2 Personen im DZ: 600 Euro pro Person<\/strong><\/p>\n\n\n\n<p><\/p>\n\n\n\n<p>Auf Wunsch Zusatz N\u00e4chtigung von 2.-3. Okt. 2025: <\/p>\n\n\n\n<p>Kosten Euro 115,00 im EZ, Euro 90,00 im DZ+ 2,50 Tourismusabgabe <\/p>\n\n\n\n<p><\/p>\n\n\n\n<p><strong>Anmeldeschluss: 31. August 2025 <\/strong><\/p>\n\n\n\n<div style=\"height:22px\" aria-hidden=\"true\" class=\"wp-block-spacer\"><\/div>\n\n\n\n<h4 class=\"wp-block-heading has-text-color\" style=\"color:#257575\"><strong>Programm\/Ablauf:<\/strong><\/h4>\n\n\n\n<p><font _mstmutation=\"1\" _msttexthash=\"507637\" _msthash=\"318\">Treffpunkt um 9:00 Uhr in der Unterkunft: Laudach Inn, 4655 Vorchdorf, M\u00fchlenstra\u00dfe 26. Kennenlernen, allgemeine Infos und kurze Besprechung der Tour.<\/font><br><font _mstmutation=\"1\" _msttexthash=\"9344855\" _msthash=\"320\">Um ca. 9:30 Uhr brechen wir auf zur ersten Etappe. <\/font><br><font _mstmutation=\"1\" _msttexthash=\"30352647\" _msthash=\"321\">Mit einem gemeinsamen Abendessen lassen wir Tag 1 und 2 gem\u00fctlich ausklingen. Am 3. Tag beenden wir unsere gemeinsame Reise gegen 14:00.<\/font><\/p>\n\n\n\n<p>Entsprechende Kleidung und Ausr\u00fcstung, feste Schuhe, Rucksack, Regenponcho, Trinkflasche, ev. Walkingst\u00f6cke, Blasenpflaster, Sonnenschutz, Sonnenbrille, Kopfbedeckung, Sitzunterlage, etc. sind mitzubringen.<\/p>\n\n\n\n<p>Als deine Begleitung haben wir die Wege ausreichend recherchiert, uns viele Gedanken \u00fcber Etappenziele und Ablauf der Tour gemacht. Gerne stehen wir dir mit Rat und Tat zur Seite und unterst\u00fctzen dich so gut wir k\u00f6nnen, damit die Tour ein sch\u00f6nes Erlebnis mit nachhaltiger Wirkung f\u00fcr dich wird.<\/p>\n\n\n\n<div style=\"height:19px\" aria-hidden=\"true\" class=\"wp-block-spacer\"><\/div>\n\n\n\n<p class=\"has-text-color has-link-color wp-elements-0219b74f31817c8836672c34ee96be4f\" style=\"color:#257575\"><strong>Wir freuen uns auf gemeinsame inspirierende Tage!<\/strong><\/p>\n\n\n\n<p class=\"has-text-color has-link-color wp-elements-b48c302dad35dee3b7afb3ff55d803fd\" style=\"color:#257575\"><strong>Daniela und Dagmar<\/strong><\/p>\n\n\n\n<div style=\"height:51px\" aria-hidden=\"true\" class=\"wp-block-spacer\"><\/div>\n\n\n<div class=\"wp-block-image is-resized\">\n<figure class=\"aligncenter size-full\"><img loading=\"lazy\" decoding=\"async\" width=\"512\" height=\"512\" src=\"http:\/\/www.intuitivsein.com\/wp-content\/uploads\/2023\/01\/image-1.png\" alt=\"\" class=\"wp-image-1125\" style=\"object-fit:cover;width:50px;height:50px\" srcset=\"http:\/\/www.intuitivsein.com\/wp-content\/uploads\/2023\/01\/image-1.png 512w, http:\/\/www.intuitivsein.com\/wp-content\/uploads\/2023\/01\/image-1-300x300.png 300w, http:\/\/www.intuitivsein.com\/wp-content\/uploads\/2023\/01\/image-1-150x150.png 150w, http:\/\/www.intuitivsein.com\/wp-content\/uploads\/2023\/01\/image-1-75x75.png 75w\" sizes=\"auto, (max-width: 512px) 100vw, 512px\" \/><\/figure>\n<\/div>\n\n\n<div style=\"height:50px\" aria-hidden=\"true\" class=\"wp-block-spacer\"><\/div>\n","protected":false},"excerpt":{"rendered":"<p>Gef\u00fchrte Tour mit Mehrwert Der Josefweg liegt im Naturpark Attersee-Traunsee in O\u00d6. Beginnend in Altm\u00fcnster mit dem traumhaften Panorama des glasklaren Traunsees, f\u00fchrt er mit 65 km und einigen H\u00f6henmetern mit herrlichen Ausblicken auf die Bergwelt und den t\u00fcrkisblauen Attersee, nach Weyregg. Durch ausgedehnte W\u00e4lder geht es \u00fcber den Richtberg und Gmundnerberg wieder zur\u00fcck zum Ausganspunkt.&nbsp; Wir werden 3 Teilabschnitte bewandern, sodass uns gen\u00fcgend Zeit f\u00fcr die Strecke, f\u00fcr Pausen und den Genuss des Panoramas bleibt. Die Etappen liegen bei ca. 15 km mit ca. 550 H\u00f6henmeter. Mit durchschnittlicher Fitness ist diese Tour gut zu bew\u00e4ltigen. Der Fokus liegt auf der Entschleunigung. Aufbrechen um bei sich anzukommen, die Stille suchen oder einfach nur die Natur genie\u00dfen, all dies bietet dieser malerische Pilgerweg. Unser Angebot: Kostenpauschale 650 Euro Kostenpausschale 2 Personen im DZ: 600 Euro pro Person Auf Wunsch Zusatz N\u00e4chtigung von 2.-3. Okt. 2025: Kosten Euro 115,00 im EZ, Euro 90,00 im DZ+ 2,50 Tourismusabgabe Anmeldeschluss: 31. August 2025 Programm\/Ablauf: Treffpunkt um 9:00 Uhr in der Unterkunft: Laudach Inn, 4655 Vorchdorf, M\u00fchlenstra\u00dfe 26. Kennenlernen, allgemeine Infos und kurze Besprechung der Tour.Um ca. 9:30 Uhr brechen wir auf zur ersten Etappe. Mit einem gemeinsamen Abendessen lassen wir Tag 1 und 2 gem\u00fctlich ausklingen. Am 3. Tag beenden wir unsere gemeinsame Reise gegen 14:00. Entsprechende Kleidung und Ausr\u00fcstung, feste Schuhe, Rucksack, Regenponcho, Trinkflasche, ev. Walkingst\u00f6cke, Blasenpflaster, Sonnenschutz, Sonnenbrille, Kopfbedeckung, Sitzunterlage, etc. sind mitzubringen. Als deine Begleitung haben wir die Wege ausreichend recherchiert, uns viele Gedanken \u00fcber Etappenziele und Ablauf der Tour gemacht. Gerne stehen wir dir mit Rat und Tat zur Seite und unterst\u00fctzen dich so gut wir k\u00f6nnen, damit die Tour ein sch\u00f6nes Erlebnis mit nachhaltiger Wirkung f\u00fcr dich wird. Wir freuen uns auf gemeinsame inspirierende Tage! Daniela und Dagmar<\/p>\n","protected":false},"author":1,"featured_media":0,"parent":0,"menu_order":0,"comment_status":"closed","ping_status":"closed","template":"","meta":{"_mc_calendar":[],"footnotes":""},"class_list":["post-573","page","type-page","status-publish","hentry"],"_links":{"self":[{"href":"http:\/\/www.intuitivsein.com\/index.php?rest_route=\/wp\/v2\/pages\/573","targetHints":{"allow":["GET"]}}],"collection":[{"href":"http:\/\/www.intuitivsein.com\/index.php?rest_route=\/wp\/v2\/pages"}],"about":[{"href":"http:\/\/www.intuitivsein.com\/index.php?rest_route=\/wp\/v2\/types\/page"}],"author":[{"embeddable":true,"href":"http:\/\/www.intuitivsein.com\/index.php?rest_route=\/wp\/v2\/users\/1"}],"replies":[{"embeddable":true,"href":"http:\/\/www.intuitivsein.com\/index.php?rest_route=%2Fwp%2Fv2%2Fcomments&post=573"}],"version-history":[{"count":80,"href":"http:\/\/www.intuitivsein.com\/index.php?rest_route=\/wp\/v2\/pages\/573\/revisions"}],"predecessor-version":[{"id":4295,"href":"http:\/\/www.intuitivsein.com\/index.php?rest_route=\/wp\/v2\/pages\/573\/revisions\/4295"}],"wp:attachment":[{"href":"http:\/\/www.intuitivsein.com\/index.php?rest_route=%2Fwp%2Fv2%2Fmedia&parent=573"}],"curies":[{"name":"wp","href":"https:\/\/api.w.org\/{rel}","templated":true}]}}