{"id":812,"date":"2023-01-22T19:32:34","date_gmt":"2023-01-22T18:32:34","guid":{"rendered":"http:\/\/www.intuitivsein.com\/?page_id=812"},"modified":"2023-03-10T14:25:02","modified_gmt":"2023-03-10T13:25:02","slug":"wandern-und-waldbaden-am-baerentrail","status":"publish","type":"page","link":"http:\/\/www.intuitivsein.com\/?page_id=812","title":{"rendered":"Wandern und Waldbaden am B\u00e4rentrail"},"content":{"rendered":"\n<p><\/p>\n\n\n\n<h4 class=\"has-text-color wp-block-heading\" style=\"color:#257575\">Gef\u00fchrte Tour f\u00fcr Frauen im Waldviertel <\/h4>\n\n\n<div class=\"wp-block-image is-style-rounded\">\n<figure class=\"alignright size-full is-resized\"><img loading=\"lazy\" decoding=\"async\" src=\"http:\/\/www.intuitivsein.com\/wp-content\/uploads\/2023\/01\/web11.jpg\" alt=\"\" class=\"wp-image-1028\" width=\"400\" height=\"400\" srcset=\"http:\/\/www.intuitivsein.com\/wp-content\/uploads\/2023\/01\/web11.jpg 1000w, http:\/\/www.intuitivsein.com\/wp-content\/uploads\/2023\/01\/web11-300x300.jpg 300w, http:\/\/www.intuitivsein.com\/wp-content\/uploads\/2023\/01\/web11-150x150.jpg 150w, http:\/\/www.intuitivsein.com\/wp-content\/uploads\/2023\/01\/web11-768x768.jpg 768w, http:\/\/www.intuitivsein.com\/wp-content\/uploads\/2023\/01\/web11-75x75.jpg 75w\" sizes=\"auto, (max-width: 400px) 100vw, 400px\" \/><\/figure>\n<\/div>\n\n\n<p>Der B\u00e4rentrail im Waldviertler Hochland rund um den B\u00e4renwald Arbesbach, Altmelon, Gro\u00dfgerungs und Rappottenstein erstreckt sich \u00fcber 170 km Wanderwege und bietet einzigartige Natursch\u00e4tze. Moosbewachsene Granitfelsen, urt\u00fcmliche Moore, tiefe W\u00e4lder, Flusslandschaften mit spektakul\u00e4ren Schluchten und Wasserf\u00e4llen entlang des gro\u00dfen und kleinen Kamps, lassen uns die Kraft der Natur hautnah und intensiv sp\u00fcren.&nbsp;Das Eins werden mit der Natur und der Umgebung erdet und lenkt unsere Aufmerksamkeit wieder auf das Wesentliche!&nbsp;<\/p>\n\n\n\n<p><strong>Coaching- Inhalte:<\/strong><strong>&nbsp;<\/strong>Im Fokus steht die Wirksamkeit des \u201eWaldbadens\u201c. Du lernst unter anderem einfache Entspannungs\u00fcbungen, mentale und meditative Techniken um deinen Alltag entspannter zu gestalten.<\/p>\n\n\n\n<p><strong>B\u00e4rentrail Route West:\u00a0<\/strong>Wir sind unterwegs im Gebiet B\u00e4renwald, Waldhofmoor, Tanner Moor, Kampwald-Idyll, Griesbacher Wald, Arbesbach, H\u00f6llfall, Altmelon, Meloner Au<\/p>\n\n\n\n<p>Das ist eine <strong>Schnuppertour:<\/strong>  Hier hast du die M\u00f6glichkeit mich und mein Angebot kennen zu lernen. Entscheide selbst ob du 1, 2 oder 3 Tage teil nehmen m\u00f6chtest. <\/p>\n\n\n\n<h6 class=\"has-text-color wp-block-heading\" style=\"color:#257575\">Programm\/Ablauf:<\/h6>\n\n\n\n<p>1. Tag am 23. Juni 2023<strong>:&nbsp;<\/strong>Treffpunkt um 9 Uhr in der Unterkunft: Gasthof\/Pension Dorfwirt in 4324 Rechberg, Nr.11.<\/p>\n\n\n\n<p>Kennenlernen, allgemeine Infos und Besprechung der Tour. Mit einem Shuttle&nbsp; werden wir von hier t\u00e4glich die kurze Strecke in das angrenzende Waldviertel fahren.&nbsp;<\/p>\n\n\n\n<p>Die t\u00e4glichen Etappen liegen bei ca. 16-18 km.&nbsp; Mit einem gemeinsamen Abendessen lassen wir Tag 1 und 2 gem\u00fctlich ausklingen, am 3. Tag beenden wir&nbsp; unsere gemeinsame Pilgerreise mit einem versp\u00e4teten Mittagessen.<\/p>\n\n\n\n<ul class=\"wp-block-list\">\n<li>Mit einer durchschnittlichen Fitness ist die Strecke gut zu bew\u00e4ltigen.<\/li>\n\n\n\n<li>Entsprechende Kleidung und Ausr\u00fcstung, feste Schuhe, ev. Walking- St\u00f6cke, Rucksack, Regenponcho, Trinkflasche, Blasenpflaster, Sonnenschutz, Sonnenbrille, Kopfbedeckung, Sitzunterlage, etc. sind mitzubringen.<\/li>\n\n\n\n<li>Kostenpauschale \u201eall inclusive\u201c f\u00fcr 3 Tage: 500,00 Euro<\/li>\n\n\n\n<li>Inkludierte Leistungen: tgl. Transfer, Organisation und Begleitung der Tour, 2 N\u00e4chte im EZ mit Fr\u00fchst\u00fcck,&nbsp; Coaching-Inhalte, Erm\u00e4\u00dfigung von Euro 15,00 mit Treuepass&nbsp;<\/li>\n\n\n\n<li>Anmeldeschluss: 5. Juni 2023<\/li>\n\n\n\n<li><strong>Kosten f\u00fcr Schnupper Pilgerinnen:<\/strong> Je nachdem f\u00fcr welche Variante du dich entscheidest, stelle ich dir das Angebot bei deiner Anfrage. Bitte \u00fcberlege dir auch, ob und wieviele N\u00e4chte du dabei buchen m\u00f6chtest.<\/li>\n<\/ul>\n\n\n\n<p>Als deine Begleitung habe ich die Wege ausreichend recherchiert, mir viele Gedanken \u00fcber Etappenziele und Ablauf der Tour gemacht. Gerne stehe ich dir mit Rat und Tat zur Seite und unterst\u00fctze dich so gut ich kann, damit die Tour ein sch\u00f6nes Erlebnis mit nachhaltiger Wirkung f\u00fcr dich wird.<\/p>\n\n\n<div class=\"wp-block-image\">\n<figure class=\"aligncenter size-full is-resized\"><img loading=\"lazy\" decoding=\"async\" src=\"http:\/\/www.intuitivsein.com\/wp-content\/uploads\/2023\/01\/image-1.png\" alt=\"\" class=\"wp-image-1125\" width=\"50\" height=\"50\" srcset=\"http:\/\/www.intuitivsein.com\/wp-content\/uploads\/2023\/01\/image-1.png 512w, http:\/\/www.intuitivsein.com\/wp-content\/uploads\/2023\/01\/image-1-300x300.png 300w, http:\/\/www.intuitivsein.com\/wp-content\/uploads\/2023\/01\/image-1-150x150.png 150w, http:\/\/www.intuitivsein.com\/wp-content\/uploads\/2023\/01\/image-1-75x75.png 75w\" sizes=\"auto, (max-width: 50px) 100vw, 50px\" \/><\/figure>\n<\/div>","protected":false},"excerpt":{"rendered":"<p>Gef\u00fchrte Tour f\u00fcr Frauen im Waldviertel Der B\u00e4rentrail im Waldviertler Hochland rund um den B\u00e4renwald Arbesbach, Altmelon, Gro\u00dfgerungs und Rappottenstein erstreckt sich \u00fcber 170 km Wanderwege und bietet einzigartige Natursch\u00e4tze. Moosbewachsene Granitfelsen, urt\u00fcmliche Moore, tiefe W\u00e4lder, Flusslandschaften mit spektakul\u00e4ren Schluchten und Wasserf\u00e4llen entlang des gro\u00dfen und kleinen Kamps, lassen uns die Kraft der Natur hautnah und intensiv sp\u00fcren.&nbsp;Das Eins werden mit der Natur und der Umgebung erdet und lenkt unsere Aufmerksamkeit wieder auf das Wesentliche!&nbsp; Coaching- Inhalte:&nbsp;Im Fokus steht die Wirksamkeit des \u201eWaldbadens\u201c. Du lernst unter anderem einfache Entspannungs\u00fcbungen, mentale und meditative Techniken um deinen Alltag entspannter zu gestalten. B\u00e4rentrail Route West:\u00a0Wir sind unterwegs im Gebiet B\u00e4renwald, Waldhofmoor, Tanner Moor, Kampwald-Idyll, Griesbacher Wald, Arbesbach, H\u00f6llfall, Altmelon, Meloner Au Das ist eine Schnuppertour: Hier hast du die M\u00f6glichkeit mich und mein Angebot kennen zu lernen. Entscheide selbst ob du 1, 2 oder 3 Tage teil nehmen m\u00f6chtest. Programm\/Ablauf: 1. Tag am 23. Juni 2023:&nbsp;Treffpunkt um 9 Uhr in der Unterkunft: Gasthof\/Pension Dorfwirt in 4324 Rechberg, Nr.11. Kennenlernen, allgemeine Infos und Besprechung der Tour. Mit einem Shuttle&nbsp; werden wir von hier t\u00e4glich die kurze Strecke in das angrenzende Waldviertel fahren.&nbsp; Die t\u00e4glichen Etappen liegen bei ca. 16-18 km.&nbsp; Mit einem gemeinsamen Abendessen lassen wir Tag 1 und 2 gem\u00fctlich ausklingen, am 3. Tag beenden wir&nbsp; unsere gemeinsame Pilgerreise mit einem versp\u00e4teten Mittagessen. Als deine Begleitung habe ich die Wege ausreichend recherchiert, mir viele Gedanken \u00fcber Etappenziele und Ablauf der Tour gemacht. Gerne stehe ich dir mit Rat und Tat zur Seite und unterst\u00fctze dich so gut ich kann, damit die Tour ein sch\u00f6nes Erlebnis mit nachhaltiger Wirkung f\u00fcr dich wird.<\/p>\n","protected":false},"author":1,"featured_media":0,"parent":0,"menu_order":0,"comment_status":"closed","ping_status":"closed","template":"","meta":{"_mc_calendar":[],"footnotes":""},"class_list":["post-812","page","type-page","status-publish","hentry"],"_links":{"self":[{"href":"http:\/\/www.intuitivsein.com\/index.php?rest_route=\/wp\/v2\/pages\/812","targetHints":{"allow":["GET"]}}],"collection":[{"href":"http:\/\/www.intuitivsein.com\/index.php?rest_route=\/wp\/v2\/pages"}],"about":[{"href":"http:\/\/www.intuitivsein.com\/index.php?rest_route=\/wp\/v2\/types\/page"}],"author":[{"embeddable":true,"href":"http:\/\/www.intuitivsein.com\/index.php?rest_route=\/wp\/v2\/users\/1"}],"replies":[{"embeddable":true,"href":"http:\/\/www.intuitivsein.com\/index.php?rest_route=%2Fwp%2Fv2%2Fcomments&post=812"}],"version-history":[{"count":24,"href":"http:\/\/www.intuitivsein.com\/index.php?rest_route=\/wp\/v2\/pages\/812\/revisions"}],"predecessor-version":[{"id":1571,"href":"http:\/\/www.intuitivsein.com\/index.php?rest_route=\/wp\/v2\/pages\/812\/revisions\/1571"}],"wp:attachment":[{"href":"http:\/\/www.intuitivsein.com\/index.php?rest_route=%2Fwp%2Fv2%2Fmedia&parent=812"}],"curies":[{"name":"wp","href":"https:\/\/api.w.org\/{rel}","templated":true}]}}