{"id":111,"date":"2023-01-19T15:27:13","date_gmt":"2023-01-19T14:27:13","guid":{"rendered":"http:\/\/www.intuitivsein.com\/?page_id=111"},"modified":"2025-12-08T17:02:43","modified_gmt":"2025-12-08T16:02:43","slug":"mediale-sitzungen","status":"publish","type":"page","link":"https:\/\/www.intuitivsein.com\/?page_id=111","title":{"rendered":"Mediale Sitzung &#8211; Jenseitskontakt"},"content":{"rendered":"\n<div style=\"height:22px\" aria-hidden=\"true\" class=\"wp-block-spacer\"><\/div>\n\n\n<div class=\"wp-block-image is-style-rounded\">\n<figure class=\"alignright size-full is-resized\"><img loading=\"lazy\" decoding=\"async\" width=\"333\" height=\"333\" src=\"http:\/\/www.intuitivsein.com\/wp-content\/uploads\/2023\/02\/spirituell.jpg\" alt=\"\" class=\"wp-image-1492\" style=\"aspect-ratio:1;object-fit:cover;width:400px\" srcset=\"https:\/\/www.intuitivsein.com\/wp-content\/uploads\/2023\/02\/spirituell.jpg 333w, https:\/\/www.intuitivsein.com\/wp-content\/uploads\/2023\/02\/spirituell-300x300.jpg 300w, https:\/\/www.intuitivsein.com\/wp-content\/uploads\/2023\/02\/spirituell-150x150.jpg 150w, https:\/\/www.intuitivsein.com\/wp-content\/uploads\/2023\/02\/spirituell-75x75.jpg 75w\" sizes=\"auto, (max-width: 333px) 100vw, 333px\" \/><\/figure>\n<\/div>\n\n\n<p><\/p>\n\n\n\n<p><\/p>\n\n\n\n<p>Durch den Tod meiner geliebten Gro\u00dfmutter im Jahr 2000 fing ich an, mich mit der Geistigen Welt auseinanderzusetzen. Sehr rasch bemerkte ich, dass ich mit der Seele meiner Gro\u00dfmutter kommunizieren konnte. Dies half mir nicht nur mit der Trauer und dem schmerzhaften Verlust umzugehen, sondern war f\u00fcr mich der Anfang einer wundervollen Reise. Schritt f\u00fcr Schritt integrierte ich die Kommunikation mit meinem Geistigen Team in mein Leben und meinen Alltag. F\u00fcr mich sind es meine Freunde, die immer f\u00fcr mich da sind und mich unterst\u00fctzen. <\/p>\n\n\n\n<p>Bei meinem gesamten Angebot arbeite ich stets mit diesem Team zusammen und lasse mich von ihnen f\u00fchren. Im Laufe der Zeit durfte ich einige Erfahrungen sammeln, wodurch das Vertrauen in diese geistige Zusammenarbeit wuchs. <\/p>\n\n\n\n<h3 class=\"wp-block-heading has-text-color has-link-color wp-elements-848ca604ef46c51343809cd858d1ac34\" style=\"color:#b48607\">Jenseitskontakt: <\/h3>\n\n\n\n<p>Als ausgebildetes Medium stelle ich Kontakt zu deinen Verstorbenen her. Deine Lieben in der Geistigen Welt freuen sich, wenn sie sich dir mitteilen k\u00f6nnen und du erf\u00e4hrst, dass es ihnen gut geht und sie immer noch in deiner N\u00e4he sind. Mir ist es ein gro\u00dfes Anliegen, dich in deinem Trauerprozess zu unterst\u00fctzen, Ungekl\u00e4rtes seinen Frieden finden kann und sich dein Leben nach der Sitzung leichter und befreiter anf\u00fchlt.<\/p>\n\n\n\n<p>Bitte teile mir vorab keinerlei Informationen \u00fcber die Verstorbenen mit. Es ist meine Aufgabe, Beweise und Botschaften zu \u00fcbermitteln, in denen du deine Lieben erkennst. Die Sitzung wird aufgezeichnet und du erh\u00e4ltst im Anschluss eine Audiodatei.<\/p>\n\n\n\n<p><strong> Dauer ca. 1 Std.: Kosten 120 Euro<\/strong>, <strong>ab vollen 1,5 Std. 150 Euro<\/strong><\/p>\n\n\n\n<p>Jenseitskontakte finden in meiner Praxis in Hirtenberg oder Online statt.<\/p>\n\n\n\n<p>Die Bezahlung erfolgt in bar, bei Online-Sitzungen per \u00dcberweisung.<\/p>\n\n\n\n<div style=\"height:24px\" aria-hidden=\"true\" class=\"wp-block-spacer\"><\/div>\n\n\n\n<blockquote class=\"wp-block-quote is-layout-flow wp-block-quote-is-layout-flow\">\n<p>Du bist nicht mehr da, wo du warst, aber du bist \u00fcberall, wo wir sind.<\/p>\n<cite>Victor Hugo<\/cite><\/blockquote>\n\n\n<div class=\"wp-block-image\">\n<figure class=\"aligncenter size-full is-resized\"><img loading=\"lazy\" decoding=\"async\" width=\"512\" height=\"512\" src=\"http:\/\/www.intuitivsein.com\/wp-content\/uploads\/2023\/01\/image-1.png\" alt=\"\" class=\"wp-image-1125\" style=\"object-fit:cover;width:50px;height:50px\" srcset=\"https:\/\/www.intuitivsein.com\/wp-content\/uploads\/2023\/01\/image-1.png 512w, https:\/\/www.intuitivsein.com\/wp-content\/uploads\/2023\/01\/image-1-300x300.png 300w, https:\/\/www.intuitivsein.com\/wp-content\/uploads\/2023\/01\/image-1-150x150.png 150w, https:\/\/www.intuitivsein.com\/wp-content\/uploads\/2023\/01\/image-1-75x75.png 75w\" sizes=\"auto, (max-width: 512px) 100vw, 512px\" \/><\/figure>\n<\/div>\n\n\n<div style=\"height:56px\" aria-hidden=\"true\" class=\"wp-block-spacer\"><\/div>\n\n\n\n<p><\/p>\n\n\n\n<p><\/p>\n","protected":false},"excerpt":{"rendered":"<p>Durch den Tod meiner geliebten Gro\u00dfmutter im Jahr 2000 fing ich an, mich mit der Geistigen Welt auseinanderzusetzen. Sehr rasch bemerkte ich, dass ich mit der Seele meiner Gro\u00dfmutter kommunizieren konnte. Dies half mir nicht nur mit der Trauer und dem schmerzhaften Verlust umzugehen, sondern war f\u00fcr mich der Anfang einer wundervollen Reise. Schritt f\u00fcr Schritt integrierte ich die Kommunikation mit meinem Geistigen Team in mein Leben und meinen Alltag. F\u00fcr mich sind es meine Freunde, die immer f\u00fcr mich da sind und mich unterst\u00fctzen. Bei meinem gesamten Angebot arbeite ich stets mit diesem Team zusammen und lasse mich von ihnen f\u00fchren. Im Laufe der Zeit durfte ich einige Erfahrungen sammeln, wodurch das Vertrauen in diese geistige Zusammenarbeit wuchs. Jenseitskontakt: Als ausgebildetes Medium stelle ich Kontakt zu deinen Verstorbenen her. Deine Lieben in der Geistigen Welt freuen sich, wenn sie sich dir mitteilen k\u00f6nnen und du erf\u00e4hrst, dass es ihnen gut geht und sie immer noch in deiner N\u00e4he sind. Mir ist es ein gro\u00dfes Anliegen, dich in deinem Trauerprozess zu unterst\u00fctzen, Ungekl\u00e4rtes seinen Frieden finden kann und sich dein Leben nach der Sitzung leichter und befreiter anf\u00fchlt. Bitte teile mir vorab keinerlei Informationen \u00fcber die Verstorbenen mit. Es ist meine Aufgabe, Beweise und Botschaften zu \u00fcbermitteln, in denen du deine Lieben erkennst. Die Sitzung wird aufgezeichnet und du erh\u00e4ltst im Anschluss eine Audiodatei. Dauer ca. 1 Std.: Kosten 120 Euro, ab vollen 1,5 Std. 150 Euro Jenseitskontakte finden in meiner Praxis in Hirtenberg oder Online statt. Die Bezahlung erfolgt in bar, bei Online-Sitzungen per \u00dcberweisung. Du bist nicht mehr da, wo du warst, aber du bist \u00fcberall, wo wir sind. Victor Hugo<\/p>\n","protected":false},"author":1,"featured_media":0,"parent":0,"menu_order":0,"comment_status":"closed","ping_status":"closed","template":"","meta":{"_mc_calendar":[],"footnotes":""},"class_list":["post-111","page","type-page","status-publish","hentry"],"_links":{"self":[{"href":"https:\/\/www.intuitivsein.com\/index.php?rest_route=\/wp\/v2\/pages\/111","targetHints":{"allow":["GET"]}}],"collection":[{"href":"https:\/\/www.intuitivsein.com\/index.php?rest_route=\/wp\/v2\/pages"}],"about":[{"href":"https:\/\/www.intuitivsein.com\/index.php?rest_route=\/wp\/v2\/types\/page"}],"author":[{"embeddable":true,"href":"https:\/\/www.intuitivsein.com\/index.php?rest_route=\/wp\/v2\/users\/1"}],"replies":[{"embeddable":true,"href":"https:\/\/www.intuitivsein.com\/index.php?rest_route=%2Fwp%2Fv2%2Fcomments&post=111"}],"version-history":[{"count":82,"href":"https:\/\/www.intuitivsein.com\/index.php?rest_route=\/wp\/v2\/pages\/111\/revisions"}],"predecessor-version":[{"id":5036,"href":"https:\/\/www.intuitivsein.com\/index.php?rest_route=\/wp\/v2\/pages\/111\/revisions\/5036"}],"wp:attachment":[{"href":"https:\/\/www.intuitivsein.com\/index.php?rest_route=%2Fwp%2Fv2%2Fmedia&parent=111"}],"curies":[{"name":"wp","href":"https:\/\/api.w.org\/{rel}","templated":true}]}}