{"id":1163,"date":"2023-01-29T12:51:50","date_gmt":"2023-01-29T11:51:50","guid":{"rendered":"http:\/\/www.intuitivsein.com\/?page_id=1163"},"modified":"2026-03-25T10:29:16","modified_gmt":"2026-03-25T09:29:16","slug":"pilgern-am-johannesweg","status":"publish","type":"page","link":"https:\/\/www.intuitivsein.com\/?page_id=1163","title":{"rendered":"Highlights am Johannesweg"},"content":{"rendered":"\n<figure class=\"wp-block-gallery has-nested-images columns-4 is-cropped wp-block-gallery-1 is-layout-flex wp-block-gallery-is-layout-flex\">\n<figure class=\"wp-block-image size-full\"><img loading=\"lazy\" decoding=\"async\" width=\"1920\" height=\"2560\" data-id=\"4679\" src=\"http:\/\/www.intuitivsein.com\/wp-content\/uploads\/2025\/09\/IMG_20210722_121722-scaled.jpg\" alt=\"\" class=\"wp-image-4679\" srcset=\"https:\/\/www.intuitivsein.com\/wp-content\/uploads\/2025\/09\/IMG_20210722_121722-scaled.jpg 1920w, https:\/\/www.intuitivsein.com\/wp-content\/uploads\/2025\/09\/IMG_20210722_121722-225x300.jpg 225w, https:\/\/www.intuitivsein.com\/wp-content\/uploads\/2025\/09\/IMG_20210722_121722-768x1024.jpg 768w, https:\/\/www.intuitivsein.com\/wp-content\/uploads\/2025\/09\/IMG_20210722_121722-1152x1536.jpg 1152w, https:\/\/www.intuitivsein.com\/wp-content\/uploads\/2025\/09\/IMG_20210722_121722-1536x2048.jpg 1536w, https:\/\/www.intuitivsein.com\/wp-content\/uploads\/2025\/09\/IMG_20210722_121722-1140x1520.jpg 1140w\" sizes=\"auto, (max-width: 1920px) 100vw, 1920px\" \/><\/figure>\n\n\n\n<figure class=\"wp-block-image size-large\"><img loading=\"lazy\" decoding=\"async\" width=\"1024\" height=\"904\" data-id=\"4668\" src=\"http:\/\/www.intuitivsein.com\/wp-content\/uploads\/2025\/09\/IMG_20220502_131746_edit_595697643841393-1024x904.jpg\" alt=\"\" class=\"wp-image-4668\" srcset=\"https:\/\/www.intuitivsein.com\/wp-content\/uploads\/2025\/09\/IMG_20220502_131746_edit_595697643841393-1024x904.jpg 1024w, https:\/\/www.intuitivsein.com\/wp-content\/uploads\/2025\/09\/IMG_20220502_131746_edit_595697643841393-300x265.jpg 300w, https:\/\/www.intuitivsein.com\/wp-content\/uploads\/2025\/09\/IMG_20220502_131746_edit_595697643841393-768x678.jpg 768w, https:\/\/www.intuitivsein.com\/wp-content\/uploads\/2025\/09\/IMG_20220502_131746_edit_595697643841393-1536x1355.jpg 1536w, https:\/\/www.intuitivsein.com\/wp-content\/uploads\/2025\/09\/IMG_20220502_131746_edit_595697643841393-2048x1807.jpg 2048w, https:\/\/www.intuitivsein.com\/wp-content\/uploads\/2025\/09\/IMG_20220502_131746_edit_595697643841393-1140x1006.jpg 1140w\" sizes=\"auto, (max-width: 1024px) 100vw, 1024px\" \/><\/figure>\n\n\n\n<figure class=\"wp-block-image size-large\"><img loading=\"lazy\" decoding=\"async\" width=\"2560\" height=\"2560\" data-id=\"4670\" src=\"http:\/\/www.intuitivsein.com\/wp-content\/uploads\/2025\/09\/IMG_20210720_104015-edited-scaled.jpg\" alt=\"\" class=\"wp-image-4670\" srcset=\"https:\/\/www.intuitivsein.com\/wp-content\/uploads\/2025\/09\/IMG_20210720_104015-edited-scaled.jpg 2560w, https:\/\/www.intuitivsein.com\/wp-content\/uploads\/2025\/09\/IMG_20210720_104015-edited-300x300.jpg 300w, https:\/\/www.intuitivsein.com\/wp-content\/uploads\/2025\/09\/IMG_20210720_104015-edited-1024x1024.jpg 1024w, https:\/\/www.intuitivsein.com\/wp-content\/uploads\/2025\/09\/IMG_20210720_104015-edited-150x150.jpg 150w, https:\/\/www.intuitivsein.com\/wp-content\/uploads\/2025\/09\/IMG_20210720_104015-edited-768x768.jpg 768w, https:\/\/www.intuitivsein.com\/wp-content\/uploads\/2025\/09\/IMG_20210720_104015-edited-1536x1536.jpg 1536w, https:\/\/www.intuitivsein.com\/wp-content\/uploads\/2025\/09\/IMG_20210720_104015-edited-2048x2048.jpg 2048w, https:\/\/www.intuitivsein.com\/wp-content\/uploads\/2025\/09\/IMG_20210720_104015-edited-1140x1140.jpg 1140w, https:\/\/www.intuitivsein.com\/wp-content\/uploads\/2025\/09\/IMG_20210720_104015-edited-75x75.jpg 75w\" sizes=\"auto, (max-width: 2560px) 100vw, 2560px\" \/><\/figure>\n\n\n\n<figure class=\"wp-block-image size-large\"><img loading=\"lazy\" decoding=\"async\" width=\"768\" height=\"1024\" data-id=\"4672\" src=\"http:\/\/www.intuitivsein.com\/wp-content\/uploads\/2025\/09\/IMG_20220721_113047-768x1024.jpg\" alt=\"\" class=\"wp-image-4672\" srcset=\"https:\/\/www.intuitivsein.com\/wp-content\/uploads\/2025\/09\/IMG_20220721_113047-768x1024.jpg 768w, https:\/\/www.intuitivsein.com\/wp-content\/uploads\/2025\/09\/IMG_20220721_113047-225x300.jpg 225w, https:\/\/www.intuitivsein.com\/wp-content\/uploads\/2025\/09\/IMG_20220721_113047-1152x1536.jpg 1152w, https:\/\/www.intuitivsein.com\/wp-content\/uploads\/2025\/09\/IMG_20220721_113047-1536x2048.jpg 1536w, https:\/\/www.intuitivsein.com\/wp-content\/uploads\/2025\/09\/IMG_20220721_113047-1140x1520.jpg 1140w, https:\/\/www.intuitivsein.com\/wp-content\/uploads\/2025\/09\/IMG_20220721_113047-scaled.jpg 1920w\" sizes=\"auto, (max-width: 768px) 100vw, 768px\" \/><\/figure>\n<\/figure>\n\n\n\n<div style=\"height:54px\" aria-hidden=\"true\" class=\"wp-block-spacer\"><\/div>\n\n\n\n<h4 class=\"wp-block-heading has-text-color\" style=\"color:#257575\"><strong>Gef\u00fchrte Tour f\u00fcr Frauen mit Mehrwert<\/strong><\/h4>\n\n\n\n<p><\/p>\n\n\n\n<p>\u201eSich auf den Weg machen\u201c lautete das Motto des Johannesweges, der&nbsp;bei einer L\u00e4nge von 86 Kilometern und 2800 H\u00f6henmetern durch die h\u00fcgelige Sch\u00f6nheit der M\u00fchlviertler Almlandschaft im Bezirk Freistadt f\u00fchrt. Der beliebte Pilgerweg ist in Form einer Lilie angelegt und f\u00fchrt \u00fcber 12 Stationen, die zum Innehalten und Auftanken einladen.<\/p>\n\n\n\n<p>Meist wird die Tour in drei \u2013 vier Tagen angeboten, was ausgezeichnete Fitness erfordert und keine Zeit zum Innehalten l\u00e4sst. Aus diesem Grund bieten wir <strong>ausgesuchte Highlights des Weges<\/strong> bei unserer Tour an.<\/p>\n\n\n\n<p class=\"has-text-color\" style=\"color:#257575\"><\/p>\n\n\n\n<h4 class=\"wp-block-heading has-text-color has-link-color wp-elements-bc28367fa3f8d41dbb36623fa850e5ae\" style=\"color:#257575\"><strong>Unser Angebot:<\/strong><\/h4>\n\n\n\n<ul class=\"wp-block-list\">\n<li>tgl. flexibles Shuttleservice nach unseren Bed\u00fcrfnissen<\/li>\n\n\n\n<li>Willkommensgeschenk <\/li>\n\n\n\n<li> Impulse, \u00dcbungen und Reflexion zur Selbstf\u00fcrsorge im Alltag<\/li>\n\n\n\n<li>Kleine Gruppe mit 5-8 Teilnehmerinnen<\/li>\n\n\n\n<li>ausgedehnte Recherche, Organisation und Begleitung der Tour<\/li>\n\n\n\n<li>Gutschrift mit Treuepass<\/li>\n<\/ul>\n\n\n\n<p class=\"has-text-color has-link-color wp-elements-1a1963eedd41bbd80376638fa82b7392\" style=\"color:#257575\"><strong>Kostenpauschale<\/strong> <strong>290 Euro<\/strong><\/p>\n\n\n\n<p>Kosten f\u00fcr Shuttle sind vor Ort extra zu begleichen.<\/p>\n\n\n\n<p>Die Unterkunft ist selbst zu organisieren. Gerne \u00fcbermitteln wir dir bei Interesse Vorschl\u00e4ge dazu.<\/p>\n\n\n\n<p><strong>NEU!!<\/strong>&nbsp;<strong>Du kannst dieses Angebot f\u00fcr 1 oder 2 Tage buchen<\/strong>.<\/p>\n\n\n\n<p><strong>Kosten f\u00fcr 1 Tag: 145 Euro<\/strong>, zuz\u00fcglich Kosten f\u00fcr Shuttle<\/p>\n\n\n\n<p><strong>Anmeldeschluss: 17.04.2026<\/strong><\/p>\n\n\n\n<h4 class=\"wp-block-heading\"><strong><mark style=\"background-color:rgba(0, 0, 0, 0);color:#00000000\" class=\"has-inline-color\">Programm\/Ablauf:<\/mark><\/strong><\/h4>\n\n\n\n<h4 class=\"wp-block-heading has-text-color has-link-color wp-elements-bc3576d414ddb248adc7c1cd897038f0\" style=\"color:#257575\"><strong>Programm<\/strong>\/<strong>Ablauf:<\/strong><\/h4>\n\n\n\n<p>Treffpunkt um 9:00&nbsp;Uhr nach Vereinbarung<\/p>\n\n\n\n<p>Kennenlernen, allgemeine Infos, Besprechung der Tour <br>Um ca. 9:30 Uhr brechen wir auf zur ersten Etappe. Die t\u00e4glichen Etappen liegen bei ca. 20 km und 400 &#8211; 500 Hm.<br>Mit einem gemeinsamen Abendessen lassen wir Tag 1 gem\u00fctlich ausklingen. Am 2. Tag beenden wir unsere gemeinsame Reise gegen 17:00.<\/p>\n\n\n\n<ul class=\"wp-block-list\">\n<li>Schwierigkeitsgrad: mittel **<\/li>\n\n\n\n<li>Entsprechende Kleidung und Ausr\u00fcstung, feste Schuhe, Rucksack, Regenponcho, Trinkflasche, ev. Walkingst\u00f6cke, Blasenpflaster, Sonnenschutz, Sonnenbrille, Kopfbedeckung, Sitzunterlage, etc. sind mitzubringen.<\/li>\n<\/ul>\n\n\n\n<p>Als deine Begleitung haben wir die Wege ausreichend recherchiert, uns viele Gedanken \u00fcber Etappenziele und Ablauf der Tour gemacht. Gerne stehen wir dir mit Rat und Tat zur Seite und unterst\u00fctzen dich so gut wir k\u00f6nnen, damit die Tour ein sch\u00f6nes Erlebnis mit nachhaltiger Wirkung f\u00fcr dich wird.<\/p>\n\n\n\n<p class=\"has-text-color has-link-color wp-elements-0219b74f31817c8836672c34ee96be4f\" style=\"color:#257575\"><strong>Wir freuen uns auf gemeinsame inspirierende Tage!<\/strong><\/p>\n\n\n\n<p class=\"has-text-color has-link-color wp-elements-b48c302dad35dee3b7afb3ff55d803fd\" style=\"color:#257575\"><strong>Daniela und Dagmar<\/strong><\/p>\n\n\n\n<div style=\"height:20px\" aria-hidden=\"true\" class=\"wp-block-spacer\"><\/div>\n\n\n\n<h4 class=\"wp-block-heading has-text-color\" style=\"color:#257575\"><\/h4>\n\n\n<div class=\"wp-block-image is-resized\">\n<figure class=\"aligncenter size-full\"><img loading=\"lazy\" decoding=\"async\" width=\"512\" height=\"512\" src=\"http:\/\/www.intuitivsein.com\/wp-content\/uploads\/2023\/01\/image.png\" alt=\"\" class=\"wp-image-1068\" style=\"object-fit:cover;width:50px;height:50px\" srcset=\"https:\/\/www.intuitivsein.com\/wp-content\/uploads\/2023\/01\/image.png 512w, https:\/\/www.intuitivsein.com\/wp-content\/uploads\/2023\/01\/image-300x300.png 300w, https:\/\/www.intuitivsein.com\/wp-content\/uploads\/2023\/01\/image-150x150.png 150w, https:\/\/www.intuitivsein.com\/wp-content\/uploads\/2023\/01\/image-75x75.png 75w\" sizes=\"auto, (max-width: 512px) 100vw, 512px\" \/><\/figure>\n<\/div>\n\n\n<p><\/p>\n","protected":false},"excerpt":{"rendered":"<p>Gef\u00fchrte Tour f\u00fcr Frauen mit Mehrwert \u201eSich auf den Weg machen\u201c lautete das Motto des Johannesweges, der&nbsp;bei einer L\u00e4nge von 86 Kilometern und 2800 H\u00f6henmetern durch die h\u00fcgelige Sch\u00f6nheit der M\u00fchlviertler Almlandschaft im Bezirk Freistadt f\u00fchrt. Der beliebte Pilgerweg ist in Form einer Lilie angelegt und f\u00fchrt \u00fcber 12 Stationen, die zum Innehalten und Auftanken einladen. Meist wird die Tour in drei \u2013 vier Tagen angeboten, was ausgezeichnete Fitness erfordert und keine Zeit zum Innehalten l\u00e4sst. Aus diesem Grund bieten wir ausgesuchte Highlights des Weges bei unserer Tour an. Unser Angebot: Kostenpauschale 290 Euro Kosten f\u00fcr Shuttle sind vor Ort extra zu begleichen. Die Unterkunft ist selbst zu organisieren. Gerne \u00fcbermitteln wir dir bei Interesse Vorschl\u00e4ge dazu. NEU!!&nbsp;Du kannst dieses Angebot f\u00fcr 1 oder 2 Tage buchen. Kosten f\u00fcr 1 Tag: 145 Euro, zuz\u00fcglich Kosten f\u00fcr Shuttle Anmeldeschluss: 17.04.2026 Programm\/Ablauf: Programm\/Ablauf: Treffpunkt um 9:00&nbsp;Uhr nach Vereinbarung Kennenlernen, allgemeine Infos, Besprechung der Tour Um ca. 9:30 Uhr brechen wir auf zur ersten Etappe. Die t\u00e4glichen Etappen liegen bei ca. 20 km und 400 &#8211; 500 Hm.Mit einem gemeinsamen Abendessen lassen wir Tag 1 gem\u00fctlich ausklingen. Am 2. Tag beenden wir unsere gemeinsame Reise gegen 17:00. Als deine Begleitung haben wir die Wege ausreichend recherchiert, uns viele Gedanken \u00fcber Etappenziele und Ablauf der Tour gemacht. Gerne stehen wir dir mit Rat und Tat zur Seite und unterst\u00fctzen dich so gut wir k\u00f6nnen, damit die Tour ein sch\u00f6nes Erlebnis mit nachhaltiger Wirkung f\u00fcr dich wird. Wir freuen uns auf gemeinsame inspirierende Tage! Daniela und Dagmar<\/p>\n","protected":false},"author":1,"featured_media":0,"parent":0,"menu_order":0,"comment_status":"closed","ping_status":"closed","template":"","meta":{"_mc_calendar":[],"footnotes":""},"class_list":["post-1163","page","type-page","status-publish","hentry"],"_links":{"self":[{"href":"https:\/\/www.intuitivsein.com\/index.php?rest_route=\/wp\/v2\/pages\/1163","targetHints":{"allow":["GET"]}}],"collection":[{"href":"https:\/\/www.intuitivsein.com\/index.php?rest_route=\/wp\/v2\/pages"}],"about":[{"href":"https:\/\/www.intuitivsein.com\/index.php?rest_route=\/wp\/v2\/types\/page"}],"author":[{"embeddable":true,"href":"https:\/\/www.intuitivsein.com\/index.php?rest_route=\/wp\/v2\/users\/1"}],"replies":[{"embeddable":true,"href":"https:\/\/www.intuitivsein.com\/index.php?rest_route=%2Fwp%2Fv2%2Fcomments&post=1163"}],"version-history":[{"count":66,"href":"https:\/\/www.intuitivsein.com\/index.php?rest_route=\/wp\/v2\/pages\/1163\/revisions"}],"predecessor-version":[{"id":5441,"href":"https:\/\/www.intuitivsein.com\/index.php?rest_route=\/wp\/v2\/pages\/1163\/revisions\/5441"}],"wp:attachment":[{"href":"https:\/\/www.intuitivsein.com\/index.php?rest_route=%2Fwp%2Fv2%2Fmedia&parent=1163"}],"curies":[{"name":"wp","href":"https:\/\/api.w.org\/{rel}","templated":true}]}}