{"id":3214,"date":"2024-08-02T21:17:30","date_gmt":"2024-08-02T19:17:30","guid":{"rendered":"http:\/\/www.intuitivsein.com\/?page_id=3214"},"modified":"2026-04-13T08:42:13","modified_gmt":"2026-04-13T06:42:13","slug":"medialer-uebungsabend","status":"publish","type":"page","link":"https:\/\/www.intuitivsein.com\/?page_id=3214","title":{"rendered":"Medialer \u00dcbungs-Workshop"},"content":{"rendered":"\n<div style=\"height:19px\" aria-hidden=\"true\" class=\"wp-block-spacer\"><\/div>\n\n\n\n<h4 class=\"wp-block-heading has-text-color has-link-color wp-elements-07ea9126c05a58928d6a54f5754fe18a\" style=\"color:#b48607\"><strong>Mediales Training<\/strong><\/h4>\n\n\n\n<p><\/p>\n\n\n\n<p><\/p>\n\n\n<div class=\"wp-block-image is-style-rounded\">\n<figure class=\"alignright size-full is-resized\"><img loading=\"lazy\" decoding=\"async\" width=\"333\" height=\"333\" src=\"http:\/\/www.intuitivsein.com\/wp-content\/uploads\/2023\/02\/spirituell.jpg\" alt=\"\" class=\"wp-image-1492\" style=\"aspect-ratio:1;object-fit:cover;width:400px\" srcset=\"https:\/\/www.intuitivsein.com\/wp-content\/uploads\/2023\/02\/spirituell.jpg 333w, https:\/\/www.intuitivsein.com\/wp-content\/uploads\/2023\/02\/spirituell-300x300.jpg 300w, https:\/\/www.intuitivsein.com\/wp-content\/uploads\/2023\/02\/spirituell-150x150.jpg 150w, https:\/\/www.intuitivsein.com\/wp-content\/uploads\/2023\/02\/spirituell-75x75.jpg 75w\" sizes=\"auto, (max-width: 333px) 100vw, 333px\" \/><\/figure>\n<\/div>\n\n\n<p>Als ausgebildetes Medium im Team von Irene Gira Marl biete ich \u00dcbungsabende&nbsp;f\u00fcr Seminarteilnehmer von Irene und f\u00fcr meine Klienten&nbsp;an.<\/p>\n\n\n\n<p>Dieser Workshop dient dem Training deiner sensitiven und medialen F\u00e4higkeiten, inkl. Jenseitskontakte. Die Abende werden unterschiedlich und abwechslungsreich von mir gestaltet. &#8222;Anf\u00e4nger sowie Fortgeschrittene&#8220; sind herzlich willkommen und ich werde mich bem\u00fchen Dich bestm\u00f6glich zu unterst\u00fctzen.<\/p>\n\n\n\n<p>Maximale Teilnehmeranzahl: 8 Personen<\/p>\n\n\n\n<p><\/p>\n\n\n\n<p><\/p>\n\n\n\n<p>Ort: Bezirk Baden: 2552 Hirtenberg, Berndorferstr.1\/22<\/p>\n\n\n\n<p>Kosten 25 Euro<\/p>\n\n\n\n<p><strong>Bitte unbedingt anmelden!<\/strong> <strong>Anmeldeschluss jeweils 1 Woche vorher!<\/strong><\/p>\n\n\n\n<div style=\"height:20px\" aria-hidden=\"true\" class=\"wp-block-spacer\"><\/div>\n\n\n\n<p><strong>Termine<\/strong>:<\/p>\n\n\n\n<h6 class=\"wp-block-heading\">Di, 05.05.2026: <strong>16:00 &#8211; 20:00 &#8211; Kosten 60 Euro<\/strong> &#8211; 2 Pl\u00e4tze frei!<\/h6>\n\n\n\n<h6 class=\"wp-block-heading\">Do, 18.06.2026: 18:00 &#8211; 20:00<\/h6>\n\n\n\n<h6 class=\"wp-block-heading\">Do, 16.07.2026: 18:00 &#8211; 20:00<\/h6>\n\n\n\n<h6 class=\"wp-block-heading\">Do, 17.09.2026: <strong>16:00 &#8211; 20:00 &#8211; Kosten 60 Euro<\/strong><\/h6>\n\n\n\n<h6 class=\"wp-block-heading\">Do, 22.10.2026: 18:00 &#8211; 20:00<\/h6>\n\n\n\n<h6 class=\"wp-block-heading\">Di, 24.11.2026: <strong>16:00 &#8211; 20:00 &#8211; Kosten 60 Euro<\/strong><\/h6>\n\n\n\n<div style=\"height:50px\" aria-hidden=\"true\" class=\"wp-block-spacer\"><\/div>\n\n\n<div class=\"wp-block-image\">\n<figure class=\"aligncenter size-full is-resized\"><img loading=\"lazy\" decoding=\"async\" width=\"512\" height=\"512\" src=\"http:\/\/www.intuitivsein.com\/wp-content\/uploads\/2024\/04\/image.png\" alt=\"\" class=\"wp-image-3068\" style=\"object-fit:cover;width:50px;height:50px\" srcset=\"https:\/\/www.intuitivsein.com\/wp-content\/uploads\/2024\/04\/image.png 512w, https:\/\/www.intuitivsein.com\/wp-content\/uploads\/2024\/04\/image-300x300.png 300w, https:\/\/www.intuitivsein.com\/wp-content\/uploads\/2024\/04\/image-150x150.png 150w, https:\/\/www.intuitivsein.com\/wp-content\/uploads\/2024\/04\/image-75x75.png 75w\" sizes=\"auto, (max-width: 512px) 100vw, 512px\" \/><\/figure>\n<\/div>\n\n\n<div style=\"height:77px\" aria-hidden=\"true\" class=\"wp-block-spacer\"><\/div>\n","protected":false},"excerpt":{"rendered":"<p>Mediales Training Als ausgebildetes Medium im Team von Irene Gira Marl biete ich \u00dcbungsabende&nbsp;f\u00fcr Seminarteilnehmer von Irene und f\u00fcr meine Klienten&nbsp;an. Dieser Workshop dient dem Training deiner sensitiven und medialen F\u00e4higkeiten, inkl. Jenseitskontakte. Die Abende werden unterschiedlich und abwechslungsreich von mir gestaltet. &#8222;Anf\u00e4nger sowie Fortgeschrittene&#8220; sind herzlich willkommen und ich werde mich bem\u00fchen Dich bestm\u00f6glich zu unterst\u00fctzen. Maximale Teilnehmeranzahl: 8 Personen Ort: Bezirk Baden: 2552 Hirtenberg, Berndorferstr.1\/22 Kosten 25 Euro Bitte unbedingt anmelden! Anmeldeschluss jeweils 1 Woche vorher! Termine: Di, 05.05.2026: 16:00 &#8211; 20:00 &#8211; Kosten 60 Euro &#8211; 2 Pl\u00e4tze frei! Do, 18.06.2026: 18:00 &#8211; 20:00 Do, 16.07.2026: 18:00 &#8211; 20:00 Do, 17.09.2026: 16:00 &#8211; 20:00 &#8211; Kosten 60 Euro Do, 22.10.2026: 18:00 &#8211; 20:00 Di, 24.11.2026: 16:00 &#8211; 20:00 &#8211; Kosten 60 Euro<\/p>\n","protected":false},"author":1,"featured_media":0,"parent":0,"menu_order":0,"comment_status":"closed","ping_status":"closed","template":"","meta":{"_mc_calendar":[],"footnotes":""},"class_list":["post-3214","page","type-page","status-publish","hentry"],"_links":{"self":[{"href":"https:\/\/www.intuitivsein.com\/index.php?rest_route=\/wp\/v2\/pages\/3214","targetHints":{"allow":["GET"]}}],"collection":[{"href":"https:\/\/www.intuitivsein.com\/index.php?rest_route=\/wp\/v2\/pages"}],"about":[{"href":"https:\/\/www.intuitivsein.com\/index.php?rest_route=\/wp\/v2\/types\/page"}],"author":[{"embeddable":true,"href":"https:\/\/www.intuitivsein.com\/index.php?rest_route=\/wp\/v2\/users\/1"}],"replies":[{"embeddable":true,"href":"https:\/\/www.intuitivsein.com\/index.php?rest_route=%2Fwp%2Fv2%2Fcomments&post=3214"}],"version-history":[{"count":64,"href":"https:\/\/www.intuitivsein.com\/index.php?rest_route=\/wp\/v2\/pages\/3214\/revisions"}],"predecessor-version":[{"id":5560,"href":"https:\/\/www.intuitivsein.com\/index.php?rest_route=\/wp\/v2\/pages\/3214\/revisions\/5560"}],"wp:attachment":[{"href":"https:\/\/www.intuitivsein.com\/index.php?rest_route=%2Fwp%2Fv2%2Fmedia&parent=3214"}],"curies":[{"name":"wp","href":"https:\/\/api.w.org\/{rel}","templated":true}]}}