{"id":3466,"date":"2024-10-03T12:45:17","date_gmt":"2024-10-03T10:45:17","guid":{"rendered":"https:\/\/www.intuitivsein.com\/?page_id=3466"},"modified":"2026-03-25T11:00:43","modified_gmt":"2026-03-25T10:00:43","slug":"auf-und-ab-am-lebensweg","status":"publish","type":"page","link":"https:\/\/www.intuitivsein.com\/?page_id=3466","title":{"rendered":"Goldener Herbst im Yspertal"},"content":{"rendered":"\n<div style=\"height:50px\" aria-hidden=\"true\" class=\"wp-block-spacer\"><\/div>\n\n\n\n<div class=\"wp-block-group\"><div class=\"wp-block-group__inner-container is-layout-constrained wp-block-group-is-layout-constrained\">\n<figure class=\"wp-block-gallery has-nested-images columns-4 is-cropped wp-block-gallery-1 is-layout-flex wp-block-gallery-is-layout-flex\">\n<figure class=\"wp-block-image size-large\"><img loading=\"lazy\" decoding=\"async\" width=\"1024\" height=\"768\" data-id=\"4989\" src=\"http:\/\/www.intuitivsein.com\/wp-content\/uploads\/2025\/10\/IMG_20231023_114304-1024x768.jpg\" alt=\"\" class=\"wp-image-4989\" srcset=\"https:\/\/www.intuitivsein.com\/wp-content\/uploads\/2025\/10\/IMG_20231023_114304-1024x768.jpg 1024w, https:\/\/www.intuitivsein.com\/wp-content\/uploads\/2025\/10\/IMG_20231023_114304-300x225.jpg 300w, https:\/\/www.intuitivsein.com\/wp-content\/uploads\/2025\/10\/IMG_20231023_114304-768x576.jpg 768w, https:\/\/www.intuitivsein.com\/wp-content\/uploads\/2025\/10\/IMG_20231023_114304-1536x1152.jpg 1536w, https:\/\/www.intuitivsein.com\/wp-content\/uploads\/2025\/10\/IMG_20231023_114304-2048x1536.jpg 2048w, https:\/\/www.intuitivsein.com\/wp-content\/uploads\/2025\/10\/IMG_20231023_114304-1140x855.jpg 1140w\" sizes=\"auto, (max-width: 1024px) 100vw, 1024px\" \/><\/figure>\n\n\n\n<figure class=\"wp-block-image size-large\"><img loading=\"lazy\" decoding=\"async\" width=\"768\" height=\"1024\" data-id=\"4988\" src=\"https:\/\/www.intuitivsein.com\/wp-content\/uploads\/2025\/10\/IMG_20231023_110916-768x1024.jpg\" alt=\"\" class=\"wp-image-4988\" srcset=\"https:\/\/www.intuitivsein.com\/wp-content\/uploads\/2025\/10\/IMG_20231023_110916-768x1024.jpg 768w, https:\/\/www.intuitivsein.com\/wp-content\/uploads\/2025\/10\/IMG_20231023_110916-225x300.jpg 225w, https:\/\/www.intuitivsein.com\/wp-content\/uploads\/2025\/10\/IMG_20231023_110916-1152x1536.jpg 1152w, https:\/\/www.intuitivsein.com\/wp-content\/uploads\/2025\/10\/IMG_20231023_110916-1536x2048.jpg 1536w, https:\/\/www.intuitivsein.com\/wp-content\/uploads\/2025\/10\/IMG_20231023_110916-1140x1520.jpg 1140w, https:\/\/www.intuitivsein.com\/wp-content\/uploads\/2025\/10\/IMG_20231023_110916-scaled.jpg 1920w\" sizes=\"auto, (max-width: 768px) 100vw, 768px\" \/><\/figure>\n\n\n\n<figure class=\"wp-block-image size-large\"><img loading=\"lazy\" decoding=\"async\" width=\"1024\" height=\"1024\" data-id=\"4866\" src=\"http:\/\/www.intuitivsein.com\/wp-content\/uploads\/2025\/10\/IMG_20231023_104131-edited-1024x1024.jpg\" alt=\"\" class=\"wp-image-4866\" srcset=\"https:\/\/www.intuitivsein.com\/wp-content\/uploads\/2025\/10\/IMG_20231023_104131-edited-1024x1024.jpg 1024w, https:\/\/www.intuitivsein.com\/wp-content\/uploads\/2025\/10\/IMG_20231023_104131-edited-300x300.jpg 300w, https:\/\/www.intuitivsein.com\/wp-content\/uploads\/2025\/10\/IMG_20231023_104131-edited-150x150.jpg 150w, https:\/\/www.intuitivsein.com\/wp-content\/uploads\/2025\/10\/IMG_20231023_104131-edited-768x768.jpg 768w, https:\/\/www.intuitivsein.com\/wp-content\/uploads\/2025\/10\/IMG_20231023_104131-edited-1536x1536.jpg 1536w, https:\/\/www.intuitivsein.com\/wp-content\/uploads\/2025\/10\/IMG_20231023_104131-edited-2048x2048.jpg 2048w, https:\/\/www.intuitivsein.com\/wp-content\/uploads\/2025\/10\/IMG_20231023_104131-edited-1140x1140.jpg 1140w, https:\/\/www.intuitivsein.com\/wp-content\/uploads\/2025\/10\/IMG_20231023_104131-edited-75x75.jpg 75w\" sizes=\"auto, (max-width: 1024px) 100vw, 1024px\" \/><\/figure>\n\n\n\n<figure class=\"wp-block-image size-large\"><img loading=\"lazy\" decoding=\"async\" width=\"768\" height=\"1024\" data-id=\"4994\" src=\"https:\/\/www.intuitivsein.com\/wp-content\/uploads\/2025\/10\/IMG_20241008_105038-768x1024.jpg\" alt=\"\" class=\"wp-image-4994\" srcset=\"https:\/\/www.intuitivsein.com\/wp-content\/uploads\/2025\/10\/IMG_20241008_105038-768x1024.jpg 768w, https:\/\/www.intuitivsein.com\/wp-content\/uploads\/2025\/10\/IMG_20241008_105038-225x300.jpg 225w, https:\/\/www.intuitivsein.com\/wp-content\/uploads\/2025\/10\/IMG_20241008_105038-1152x1536.jpg 1152w, https:\/\/www.intuitivsein.com\/wp-content\/uploads\/2025\/10\/IMG_20241008_105038-1536x2048.jpg 1536w, https:\/\/www.intuitivsein.com\/wp-content\/uploads\/2025\/10\/IMG_20241008_105038-1140x1520.jpg 1140w, https:\/\/www.intuitivsein.com\/wp-content\/uploads\/2025\/10\/IMG_20241008_105038-scaled.jpg 1920w\" sizes=\"auto, (max-width: 768px) 100vw, 768px\" \/><\/figure>\n<\/figure>\n<\/div><\/div>\n\n\n\n<p><\/p>\n\n\n\n<div style=\"height:51px\" aria-hidden=\"true\" class=\"wp-block-spacer\"><\/div>\n\n\n\n<h4 class=\"wp-block-heading has-text-color has-link-color wp-elements-c63e390f8cb00371c904ee4885d11c05\" style=\"color:#257575\"><strong>Gef\u00fchrte Tour mit Mehrwert<\/strong><\/h4>\n\n\n\n<p>Das Ysper- Weitental im s\u00fcdlichen Waldviertel ist ein wahres Wanderparadies.  Stille Sch\u00f6nheit, ber\u00fchrende Natur einer Region, die ideal zum Entdecken, Wandern und Verweilen ist. Landschaftlich abwechslungsreich mit besonderen Ausblicken zum \u00d6tscher und Ges\u00e4use.<\/p>\n\n\n\n<p>Wir steigen durch die bekannte Ysperklamm zahlreiche Treppen 2 km nach oben in die Stille des Weinsbergerwaldes, wandern weiter am Druidenweg vorbei an geheimnisvollen Steinformationen keltischer Kultst\u00e4tten. <\/p>\n\n\n\n<p>Einen sch\u00f6nen Abschluss findet der Tag  im Wallfahrtsort Maria Taferl mit einem Blick auf das traumhafte Panorama.<\/p>\n\n\n\n<p><\/p>\n\n\n\n<p><strong>Mit durchschnittlicher Fitness ist diese Tour gut zu bew\u00e4ltigen. <\/strong>Sie ist ca.15 km lang mit  450 Hm.<\/p>\n\n\n\n<p class=\"has-text-color has-link-color wp-elements-8511f1e5f5217ee1d3a873fbdff14f01\" style=\"color:#257575\"><p class=\"has-text-color has-link-color\" style=\"color:#257575\"><strong> <\/strong><\/p><\/p>\n\n\n\n<div style=\"height:30px\" aria-hidden=\"true\" class=\"wp-block-spacer\"><\/div>\n\n\n\n<h5 class=\"wp-block-heading has-text-color has-link-color wp-elements-4d983e033a299076b855529dd594446c\" style=\"color:#257575\"><strong>Unser Angebot\/ Ablauf:<\/strong><\/h5>\n\n\n\n<p class=\"has-text-color has-link-color wp-elements-c2de694a67c2f27d1539af1ea9e53cda\" style=\"color:#257575\"><\/p>\n\n\n\n<ul class=\"wp-block-list\">\n<li>Treffpunkt 9.00 Ybbs a.d. Donau<\/li>\n\n\n\n<li>Transfer <\/li>\n\n\n\n<li>bei Bed. Transfer vom und zum Bhf.<\/li>\n\n\n\n<li>Eintrittsticket Ysperklamm<\/li>\n\n\n\n<li>Impulse und Reflexion zur Selbstf\u00fcrsorge im Alltag<\/li>\n\n\n\n<li>Lunchpaket f\u00fcr unterwegs<\/li>\n\n\n\n<li>Betreuung durch 2 Trainerinnnen<\/li>\n\n\n\n<li>Kleine Gruppe, 5-8 Teilnehmerinnen<\/li>\n\n\n\n<li>ausgedehnte Recherche, Organisation und Begleitung der Tour<\/li>\n\n\n\n<li>Abschluss im Wallfahrtsort Maria Taferl<\/li>\n\n\n\n<li>Gutschrift mit Treuepass <\/li>\n\n\n\n<li>Dauer bis ca.16:00<\/li>\n<\/ul>\n\n\n\n<p class=\"has-text-color has-link-color wp-elements-61b49b1143979257523706a61047da99\" style=\"color:#257575\"><strong>Kostenpauschale 150 Euro<\/strong>, inkl. Lunchpaket, Ticket<\/p>\n\n\n\n<p><\/p>\n\n\n\n<p><\/p>\n\n\n\n<p><strong>Anmeldeschluss: 10.10.2026<\/strong><\/p>\n\n\n\n<div style=\"height:21px\" aria-hidden=\"true\" class=\"wp-block-spacer\"><\/div>\n\n\n\n<h4 class=\"wp-block-heading has-text-color\" style=\"color:#257575\"><\/h4>\n\n\n\n<p class=\"has-text-color has-link-color wp-elements-85b89e7d36f71421d32828bf4e5faf7f\" style=\"color:#257575\"><strong>Wir freuen uns auf einen gemeinsamen inspirierenden Tag!<\/strong><\/p>\n\n\n\n<p class=\"has-text-color has-link-color wp-elements-b48c302dad35dee3b7afb3ff55d803fd\" style=\"color:#257575\"><strong>Daniela und Dagmar<\/strong><\/p>\n\n\n\n<div style=\"height:49px\" aria-hidden=\"true\" class=\"wp-block-spacer\"><\/div>\n\n\n<div class=\"wp-block-image\">\n<figure class=\"aligncenter size-full is-resized\"><img loading=\"lazy\" decoding=\"async\" width=\"512\" height=\"512\" src=\"http:\/\/www.intuitivsein.com\/wp-content\/uploads\/2024\/04\/image.png\" alt=\"\" class=\"wp-image-3068\" style=\"object-fit:cover;width:50px;height:50px\" srcset=\"https:\/\/www.intuitivsein.com\/wp-content\/uploads\/2024\/04\/image.png 512w, https:\/\/www.intuitivsein.com\/wp-content\/uploads\/2024\/04\/image-300x300.png 300w, https:\/\/www.intuitivsein.com\/wp-content\/uploads\/2024\/04\/image-150x150.png 150w, https:\/\/www.intuitivsein.com\/wp-content\/uploads\/2024\/04\/image-75x75.png 75w\" sizes=\"auto, (max-width: 512px) 100vw, 512px\" \/><\/figure>\n<\/div>\n\n\n<div style=\"height:50px\" aria-hidden=\"true\" class=\"wp-block-spacer\"><\/div>\n\n\n\n<p><br><\/p>\n","protected":false},"excerpt":{"rendered":"<p>Gef\u00fchrte Tour mit Mehrwert Das Ysper- Weitental im s\u00fcdlichen Waldviertel ist ein wahres Wanderparadies. Stille Sch\u00f6nheit, ber\u00fchrende Natur einer Region, die ideal zum Entdecken, Wandern und Verweilen ist. Landschaftlich abwechslungsreich mit besonderen Ausblicken zum \u00d6tscher und Ges\u00e4use. Wir steigen durch die bekannte Ysperklamm zahlreiche Treppen 2 km nach oben in die Stille des Weinsbergerwaldes, wandern weiter am Druidenweg vorbei an geheimnisvollen Steinformationen keltischer Kultst\u00e4tten. Einen sch\u00f6nen Abschluss findet der Tag im Wallfahrtsort Maria Taferl mit einem Blick auf das traumhafte Panorama. Mit durchschnittlicher Fitness ist diese Tour gut zu bew\u00e4ltigen. Sie ist ca.15 km lang mit 450 Hm. Unser Angebot\/ Ablauf: Kostenpauschale 150 Euro, inkl. Lunchpaket, Ticket Anmeldeschluss: 10.10.2026 Wir freuen uns auf einen gemeinsamen inspirierenden Tag! Daniela und Dagmar<\/p>\n","protected":false},"author":1,"featured_media":0,"parent":0,"menu_order":0,"comment_status":"closed","ping_status":"closed","template":"","meta":{"_mc_calendar":[],"footnotes":""},"class_list":["post-3466","page","type-page","status-publish","hentry"],"_links":{"self":[{"href":"https:\/\/www.intuitivsein.com\/index.php?rest_route=\/wp\/v2\/pages\/3466","targetHints":{"allow":["GET"]}}],"collection":[{"href":"https:\/\/www.intuitivsein.com\/index.php?rest_route=\/wp\/v2\/pages"}],"about":[{"href":"https:\/\/www.intuitivsein.com\/index.php?rest_route=\/wp\/v2\/types\/page"}],"author":[{"embeddable":true,"href":"https:\/\/www.intuitivsein.com\/index.php?rest_route=\/wp\/v2\/users\/1"}],"replies":[{"embeddable":true,"href":"https:\/\/www.intuitivsein.com\/index.php?rest_route=%2Fwp%2Fv2%2Fcomments&post=3466"}],"version-history":[{"count":61,"href":"https:\/\/www.intuitivsein.com\/index.php?rest_route=\/wp\/v2\/pages\/3466\/revisions"}],"predecessor-version":[{"id":5454,"href":"https:\/\/www.intuitivsein.com\/index.php?rest_route=\/wp\/v2\/pages\/3466\/revisions\/5454"}],"wp:attachment":[{"href":"https:\/\/www.intuitivsein.com\/index.php?rest_route=%2Fwp%2Fv2%2Fmedia&parent=3466"}],"curies":[{"name":"wp","href":"https:\/\/api.w.org\/{rel}","templated":true}]}}