{"id":3901,"date":"2025-01-22T19:19:51","date_gmt":"2025-01-22T18:19:51","guid":{"rendered":"https:\/\/www.intuitivsein.com\/?page_id=3901"},"modified":"2026-03-24T11:50:50","modified_gmt":"2026-03-24T10:50:50","slug":"cranio-lehrgang-2025-26","status":"publish","type":"page","link":"https:\/\/www.intuitivsein.com\/?page_id=3901","title":{"rendered":"Ausbildungen"},"content":{"rendered":"\n<div style=\"height:16px\" aria-hidden=\"true\" class=\"wp-block-spacer\"><\/div>\n\n\n\n<div style=\"height:31px\" aria-hidden=\"true\" class=\"wp-block-spacer\"><\/div>\n\n\n<div class=\"wp-block-image is-style-rounded\">\n<figure class=\"aligncenter size-large is-resized\"><img loading=\"lazy\" decoding=\"async\" width=\"1024\" height=\"1012\" src=\"http:\/\/www.intuitivsein.com\/wp-content\/uploads\/2024\/02\/Screenshot_20231107_102728_com.instagram.android_edit_135936519281861-1024x1012.jpg\" alt=\"\" class=\"wp-image-2645\" style=\"aspect-ratio:1;object-fit:cover;width:400px\" srcset=\"https:\/\/www.intuitivsein.com\/wp-content\/uploads\/2024\/02\/Screenshot_20231107_102728_com.instagram.android_edit_135936519281861-1024x1012.jpg 1024w, https:\/\/www.intuitivsein.com\/wp-content\/uploads\/2024\/02\/Screenshot_20231107_102728_com.instagram.android_edit_135936519281861-300x296.jpg 300w, https:\/\/www.intuitivsein.com\/wp-content\/uploads\/2024\/02\/Screenshot_20231107_102728_com.instagram.android_edit_135936519281861-768x759.jpg 768w, https:\/\/www.intuitivsein.com\/wp-content\/uploads\/2024\/02\/Screenshot_20231107_102728_com.instagram.android_edit_135936519281861-75x75.jpg 75w, https:\/\/www.intuitivsein.com\/wp-content\/uploads\/2024\/02\/Screenshot_20231107_102728_com.instagram.android_edit_135936519281861.jpg 1080w\" sizes=\"auto, (max-width: 1024px) 100vw, 1024px\" \/><\/figure>\n<\/div>\n\n\n<div style=\"height:50px\" aria-hidden=\"true\" class=\"wp-block-spacer\"><\/div>\n\n\n\n<p><\/p>\n\n\n\n<p><\/p>\n\n\n\n<p>Seit mehr als 40 Jahren arbeite ich mit Menschen im unterschiedlichen Kontext. Dabei hatte das Wohl meiner Patienten bzw. Klienten immer oberste Priorit\u00e4t. Mit dem Beginn meiner Selbst\u00e4ndigkeit Anfang 2012 begann ich meine eigenen Erfahrungen immer mehr mit einzubringen. In Verbindung mit meiner Intuition und Medialit\u00e4t entwickelte ich besonders in der Cranio Sacralen K\u00f6rperarbeit und in der Lebenskr\u00e4fte-Aufstellung mein individuelles Konzept. Ich lie\u00df mich f\u00fchren, bei jeder Sitzung und bei jeder Aufstellung bin ich Kanal der Geistigen Welt. Die Ausbildung zum Medium festigte und erg\u00e4nzte meine Erfahrungen.<\/p>\n\n\n\n<p>Mir ist es sehr wichtig in Kleingruppen von 6-12 TeilnehmerInnen zu lehren. Der Unterricht findet ausschlie\u00dflich in Pr\u00e4senz statt. Die praxisorientierte und pers\u00f6nliche Betreuung w\u00e4hrend der Module ist mir ein besonderes Anliegen und ein wesentlicher Bestandteil meiner Ausbildungen.<\/p>\n\n\n\n<p>Folgende Lehrg\u00e4nge stehen zur Wahl:<\/p>\n\n\n\n<p><a href=\"https:\/\/www.intuitivsein.com\/?page_id=5320\" data-type=\"page\" data-id=\"5320\"><strong>Cranio Sacrale K\u00f6rperarbeit mit medialer Begleitung<\/strong><\/a><\/p>\n\n\n\n<p><a href=\"https:\/\/www.intuitivsein.com\/?page_id=5247\" data-type=\"page\" data-id=\"5247\"><strong>Energetische Aufstellungsarbeit und Coaching mit Lebenskr\u00e4ften<\/strong><\/a><\/p>\n\n\n\n<p><\/p>\n\n\n\n<p><\/p>\n\n\n\n<div style=\"height:50px\" aria-hidden=\"true\" class=\"wp-block-spacer\"><\/div>\n\n\n<div class=\"wp-block-image\">\n<figure class=\"aligncenter size-full is-resized\"><img loading=\"lazy\" decoding=\"async\" width=\"512\" height=\"512\" src=\"http:\/\/www.intuitivsein.com\/wp-content\/uploads\/2024\/04\/image.png\" alt=\"\" class=\"wp-image-3068\" style=\"object-fit:cover;width:50px;height:50px\" srcset=\"https:\/\/www.intuitivsein.com\/wp-content\/uploads\/2024\/04\/image.png 512w, https:\/\/www.intuitivsein.com\/wp-content\/uploads\/2024\/04\/image-300x300.png 300w, https:\/\/www.intuitivsein.com\/wp-content\/uploads\/2024\/04\/image-150x150.png 150w, https:\/\/www.intuitivsein.com\/wp-content\/uploads\/2024\/04\/image-75x75.png 75w\" sizes=\"auto, (max-width: 512px) 100vw, 512px\" \/><\/figure>\n<\/div>\n\n\n<div style=\"height:49px\" aria-hidden=\"true\" class=\"wp-block-spacer\"><\/div>\n","protected":false},"excerpt":{"rendered":"<p>Seit mehr als 40 Jahren arbeite ich mit Menschen im unterschiedlichen Kontext. Dabei hatte das Wohl meiner Patienten bzw. Klienten immer oberste Priorit\u00e4t. Mit dem Beginn meiner Selbst\u00e4ndigkeit Anfang 2012 begann ich meine eigenen Erfahrungen immer mehr mit einzubringen. In Verbindung mit meiner Intuition und Medialit\u00e4t entwickelte ich besonders in der Cranio Sacralen K\u00f6rperarbeit und in der Lebenskr\u00e4fte-Aufstellung mein individuelles Konzept. Ich lie\u00df mich f\u00fchren, bei jeder Sitzung und bei jeder Aufstellung bin ich Kanal der Geistigen Welt. Die Ausbildung zum Medium festigte und erg\u00e4nzte meine Erfahrungen. Mir ist es sehr wichtig in Kleingruppen von 6-12 TeilnehmerInnen zu lehren. Der Unterricht findet ausschlie\u00dflich in Pr\u00e4senz statt. Die praxisorientierte und pers\u00f6nliche Betreuung w\u00e4hrend der Module ist mir ein besonderes Anliegen und ein wesentlicher Bestandteil meiner Ausbildungen. Folgende Lehrg\u00e4nge stehen zur Wahl: Cranio Sacrale K\u00f6rperarbeit mit medialer Begleitung Energetische Aufstellungsarbeit und Coaching mit Lebenskr\u00e4ften<\/p>\n","protected":false},"author":1,"featured_media":0,"parent":0,"menu_order":0,"comment_status":"closed","ping_status":"closed","template":"","meta":{"_mc_calendar":[],"footnotes":""},"class_list":["post-3901","page","type-page","status-publish","hentry"],"_links":{"self":[{"href":"https:\/\/www.intuitivsein.com\/index.php?rest_route=\/wp\/v2\/pages\/3901","targetHints":{"allow":["GET"]}}],"collection":[{"href":"https:\/\/www.intuitivsein.com\/index.php?rest_route=\/wp\/v2\/pages"}],"about":[{"href":"https:\/\/www.intuitivsein.com\/index.php?rest_route=\/wp\/v2\/types\/page"}],"author":[{"embeddable":true,"href":"https:\/\/www.intuitivsein.com\/index.php?rest_route=\/wp\/v2\/users\/1"}],"replies":[{"embeddable":true,"href":"https:\/\/www.intuitivsein.com\/index.php?rest_route=%2Fwp%2Fv2%2Fcomments&post=3901"}],"version-history":[{"count":80,"href":"https:\/\/www.intuitivsein.com\/index.php?rest_route=\/wp\/v2\/pages\/3901\/revisions"}],"predecessor-version":[{"id":5438,"href":"https:\/\/www.intuitivsein.com\/index.php?rest_route=\/wp\/v2\/pages\/3901\/revisions\/5438"}],"wp:attachment":[{"href":"https:\/\/www.intuitivsein.com\/index.php?rest_route=%2Fwp%2Fv2%2Fmedia&parent=3901"}],"curies":[{"name":"wp","href":"https:\/\/api.w.org\/{rel}","templated":true}]}}