{"id":4115,"date":"2025-04-22T10:33:42","date_gmt":"2025-04-22T08:33:42","guid":{"rendered":"http:\/\/www.intuitivsein.com\/?page_id=4115"},"modified":"2026-03-24T11:08:58","modified_gmt":"2026-03-24T10:08:58","slug":"die-kraft-deiner-angst","status":"publish","type":"page","link":"https:\/\/www.intuitivsein.com\/?page_id=4115","title":{"rendered":"WEGE aus der Angst"},"content":{"rendered":"\n<p><\/p>\n\n\n\n<p><\/p>\n\n\n\n<p><\/p>\n\n\n\n<p>Erlerne Wege und Methoden, wie du \u00c4ngsten und anderen belastenden Gef\u00fchlen begegnest und dadurch in deine volle Kraft kommst.<\/p>\n\n\n\n<h4 class=\"wp-block-heading has-text-color has-link-color wp-elements-5991723a86f447c08a2773fb21618bac\" style=\"color:#b48607\"><strong>2 Tages-Seminar<\/strong>: Sa 28. + So 29.11. 2026<\/h4>\n\n\n\n<p>jeweils von 10:00 &#8211; 17:00<\/p>\n\n\n<div class=\"wp-block-image is-style-rounded\">\n<figure class=\"alignright size-large is-resized\"><img loading=\"lazy\" decoding=\"async\" width=\"743\" height=\"1024\" src=\"http:\/\/www.intuitivsein.com\/wp-content\/uploads\/2025\/04\/Screenshot_20250330_214351_com.android.gallery3d_edit_774779601630215-743x1024.jpg\" alt=\"\" class=\"wp-image-4118\" style=\"aspect-ratio:1;object-fit:cover;width:400px\" srcset=\"https:\/\/www.intuitivsein.com\/wp-content\/uploads\/2025\/04\/Screenshot_20250330_214351_com.android.gallery3d_edit_774779601630215-743x1024.jpg 743w, https:\/\/www.intuitivsein.com\/wp-content\/uploads\/2025\/04\/Screenshot_20250330_214351_com.android.gallery3d_edit_774779601630215-218x300.jpg 218w, https:\/\/www.intuitivsein.com\/wp-content\/uploads\/2025\/04\/Screenshot_20250330_214351_com.android.gallery3d_edit_774779601630215-768x1059.jpg 768w, https:\/\/www.intuitivsein.com\/wp-content\/uploads\/2025\/04\/Screenshot_20250330_214351_com.android.gallery3d_edit_774779601630215.jpg 1031w\" sizes=\"auto, (max-width: 743px) 100vw, 743px\" \/><\/figure>\n<\/div>\n\n\n<p><\/p>\n\n\n\n<p>\u00c4ngste, Panik, Zweifel, Unsicherheiten, innerer Druck, &#8230;. , immer wiederkehrende belastende Emotionen schr\u00e4nken uns ein. Wir leben nicht unser volles Potenzial.<\/p>\n\n\n\n<p>In diesem Workshop lernst du die andere Seite dieser Emotionen als Ressource zu nutzen und in die volle Kraft deines Potenzials zu kommen. In dem wir uns unseren Emotionen stellen, aktivieren wir Kraftquellen f\u00fcr ein stabileres Leben.<\/p>\n\n\n\n<p>Aus eigener Erfahrung wei\u00df ich, wie belastend und einschr\u00e4nkend diese Thematik ist. Seit 12 Jahren begleite ich vermehrt Menschen mit Angstsymptomen, die sich auf unterschiedlichste Art und Weise zeigen. <\/p>\n\n\n\n<p>\u00c4ngste k\u00f6nnen k\u00f6rperliche Symptome wie Herzrasen, Schwei\u00dfausbr\u00fcche, Schwindel, \u00dcbelkeit, Ohnmachtsgef\u00fchl, Druck in Brust und Kopf, uvm. aufweisen. Sie k\u00f6nnen sich aber auch, durch st\u00e4ndige Zweifel und Unsicherheiten, Furcht vor allen m\u00f6glichen Situationen oder katastrophierenden Gedanken \u00e4u\u00dfern.<\/p>\n\n\n\n<p>Diese 2 Tage stehen im Zeichen der Selbstf\u00fcrsorge und Selbstakzeptanz. Erlerne wie du dich befreiter und sicherer f\u00fchlen kannst. Erfahre einen gesunden Umgang mit emotionalen Belastungen aller Art und erkenne deine sabotierende Muster. <\/p>\n\n\n\n<p>Wir erarbeiten deinen individuellen Werkzeugkoffer, bef\u00fcllt mit vielen unterschiedlichsten Tools, die sehr hilfreich sind und effizient wirken. <\/p>\n\n\n\n<p>Auch besch\u00e4ftigen wir uns mit den Hintergr\u00fcnden, Wissen und Fakten aus der Neurowissenschaft und Hirnforschung, damit du verstehst, was in dir passiert. Das erzeugt wiederum Sicherheit und Verst\u00e4ndnis f\u00fcr dich. Nach und nach bist du in der Lage, anzunehmen was ist. Genau hier beginnt der Wandel der angstvollen Energie in Zuversicht, Vertrauen und Stabilit\u00e4t.<\/p>\n\n\n\n<div style=\"height:57px\" aria-hidden=\"true\" class=\"wp-block-spacer\"><\/div>\n\n\n\n<blockquote class=\"wp-block-quote is-layout-flow wp-block-quote-is-layout-flow\">\n<p>Betrachte deine \u00c4ngste und verb\u00fcnde dich mit ihnen.<\/p>\n<\/blockquote>\n\n\n\n<div style=\"height:51px\" aria-hidden=\"true\" class=\"wp-block-spacer\"><\/div>\n\n\n\n<p><\/p>\n\n\n\n<p>Ort: 2552 Hirtenberg, Berndorferstr. 1 \/ Top 22<\/p>\n\n\n\n<p>Kosten 298 Euro, inkl. Getr\u00e4nke und Snacks<\/p>\n\n\n\n<p>Anmeldeschluss: 6.11.2026<\/p>\n\n\n\n<p>Maximale Teilnehmeranzahl: 8 Personen<\/p>\n\n\n\n<p><\/p>\n\n\n\n<div style=\"height:46px\" aria-hidden=\"true\" class=\"wp-block-spacer\"><\/div>\n\n\n<div class=\"wp-block-image\">\n<figure class=\"aligncenter size-full is-resized\"><img loading=\"lazy\" decoding=\"async\" width=\"512\" height=\"512\" src=\"http:\/\/www.intuitivsein.com\/wp-content\/uploads\/2024\/04\/image.png\" alt=\"\" class=\"wp-image-3068\" style=\"aspect-ratio:1;object-fit:cover;width:50px\" srcset=\"https:\/\/www.intuitivsein.com\/wp-content\/uploads\/2024\/04\/image.png 512w, https:\/\/www.intuitivsein.com\/wp-content\/uploads\/2024\/04\/image-300x300.png 300w, https:\/\/www.intuitivsein.com\/wp-content\/uploads\/2024\/04\/image-150x150.png 150w, https:\/\/www.intuitivsein.com\/wp-content\/uploads\/2024\/04\/image-75x75.png 75w\" sizes=\"auto, (max-width: 512px) 100vw, 512px\" \/><\/figure>\n<\/div>\n\n\n<div style=\"height:49px\" aria-hidden=\"true\" class=\"wp-block-spacer\"><\/div>\n\n\n\n<p><\/p>\n","protected":false},"excerpt":{"rendered":"<p>Erlerne Wege und Methoden, wie du \u00c4ngsten und anderen belastenden Gef\u00fchlen begegnest und dadurch in deine volle Kraft kommst. 2 Tages-Seminar: Sa 28. + So 29.11. 2026 jeweils von 10:00 &#8211; 17:00 \u00c4ngste, Panik, Zweifel, Unsicherheiten, innerer Druck, &#8230;. , immer wiederkehrende belastende Emotionen schr\u00e4nken uns ein. Wir leben nicht unser volles Potenzial. In diesem Workshop lernst du die andere Seite dieser Emotionen als Ressource zu nutzen und in die volle Kraft deines Potenzials zu kommen. In dem wir uns unseren Emotionen stellen, aktivieren wir Kraftquellen f\u00fcr ein stabileres Leben. Aus eigener Erfahrung wei\u00df ich, wie belastend und einschr\u00e4nkend diese Thematik ist. Seit 12 Jahren begleite ich vermehrt Menschen mit Angstsymptomen, die sich auf unterschiedlichste Art und Weise zeigen. \u00c4ngste k\u00f6nnen k\u00f6rperliche Symptome wie Herzrasen, Schwei\u00dfausbr\u00fcche, Schwindel, \u00dcbelkeit, Ohnmachtsgef\u00fchl, Druck in Brust und Kopf, uvm. aufweisen. Sie k\u00f6nnen sich aber auch, durch st\u00e4ndige Zweifel und Unsicherheiten, Furcht vor allen m\u00f6glichen Situationen oder katastrophierenden Gedanken \u00e4u\u00dfern. Diese 2 Tage stehen im Zeichen der Selbstf\u00fcrsorge und Selbstakzeptanz. Erlerne wie du dich befreiter und sicherer f\u00fchlen kannst. Erfahre einen gesunden Umgang mit emotionalen Belastungen aller Art und erkenne deine sabotierende Muster. Wir erarbeiten deinen individuellen Werkzeugkoffer, bef\u00fcllt mit vielen unterschiedlichsten Tools, die sehr hilfreich sind und effizient wirken. Auch besch\u00e4ftigen wir uns mit den Hintergr\u00fcnden, Wissen und Fakten aus der Neurowissenschaft und Hirnforschung, damit du verstehst, was in dir passiert. Das erzeugt wiederum Sicherheit und Verst\u00e4ndnis f\u00fcr dich. Nach und nach bist du in der Lage, anzunehmen was ist. Genau hier beginnt der Wandel der angstvollen Energie in Zuversicht, Vertrauen und Stabilit\u00e4t. Betrachte deine \u00c4ngste und verb\u00fcnde dich mit ihnen. Ort: 2552 Hirtenberg, Berndorferstr. 1 \/ Top 22 Kosten 298 Euro, inkl. Getr\u00e4nke und Snacks Anmeldeschluss: 6.11.2026 Maximale Teilnehmeranzahl: 8 Personen<\/p>\n","protected":false},"author":1,"featured_media":0,"parent":0,"menu_order":0,"comment_status":"closed","ping_status":"closed","template":"","meta":{"_mc_calendar":[],"footnotes":""},"class_list":["post-4115","page","type-page","status-publish","hentry"],"_links":{"self":[{"href":"https:\/\/www.intuitivsein.com\/index.php?rest_route=\/wp\/v2\/pages\/4115","targetHints":{"allow":["GET"]}}],"collection":[{"href":"https:\/\/www.intuitivsein.com\/index.php?rest_route=\/wp\/v2\/pages"}],"about":[{"href":"https:\/\/www.intuitivsein.com\/index.php?rest_route=\/wp\/v2\/types\/page"}],"author":[{"embeddable":true,"href":"https:\/\/www.intuitivsein.com\/index.php?rest_route=\/wp\/v2\/users\/1"}],"replies":[{"embeddable":true,"href":"https:\/\/www.intuitivsein.com\/index.php?rest_route=%2Fwp%2Fv2%2Fcomments&post=4115"}],"version-history":[{"count":68,"href":"https:\/\/www.intuitivsein.com\/index.php?rest_route=\/wp\/v2\/pages\/4115\/revisions"}],"predecessor-version":[{"id":5417,"href":"https:\/\/www.intuitivsein.com\/index.php?rest_route=\/wp\/v2\/pages\/4115\/revisions\/5417"}],"wp:attachment":[{"href":"https:\/\/www.intuitivsein.com\/index.php?rest_route=%2Fwp%2Fv2%2Fmedia&parent=4115"}],"curies":[{"name":"wp","href":"https:\/\/api.w.org\/{rel}","templated":true}]}}