{"id":4186,"date":"2025-05-26T20:16:15","date_gmt":"2025-05-26T18:16:15","guid":{"rendered":"https:\/\/www.intuitivsein.com\/?page_id=4186"},"modified":"2025-05-26T20:16:15","modified_gmt":"2025-05-26T18:16:15","slug":"mediale-sitzung-rueckfuehrung","status":"publish","type":"page","link":"https:\/\/www.intuitivsein.com\/?page_id=4186","title":{"rendered":"Mediale Sitzung &#8211; R\u00fcckf\u00fchrung"},"content":{"rendered":"\n<div style=\"height:30px\" aria-hidden=\"true\" class=\"wp-block-spacer\"><\/div>\n\n\n\n<p><\/p>\n\n\n\n<h3 class=\"wp-block-heading has-text-color has-link-color wp-elements-0e87525ab543c583c7fed80e9254ea5f\" style=\"color:#b48607\">Spirituelle R\u00fcckf\u00fchrung in fr\u00fchere Leben:<\/h3>\n\n\n<div class=\"wp-block-image is-style-rounded\">\n<figure class=\"alignright size-full is-resized\"><img loading=\"lazy\" decoding=\"async\" width=\"333\" height=\"333\" src=\"http:\/\/www.intuitivsein.com\/wp-content\/uploads\/2023\/02\/spirituell.jpg\" alt=\"\" class=\"wp-image-1492\" style=\"aspect-ratio:1;object-fit:cover;width:400px\" srcset=\"https:\/\/www.intuitivsein.com\/wp-content\/uploads\/2023\/02\/spirituell.jpg 333w, https:\/\/www.intuitivsein.com\/wp-content\/uploads\/2023\/02\/spirituell-300x300.jpg 300w, https:\/\/www.intuitivsein.com\/wp-content\/uploads\/2023\/02\/spirituell-150x150.jpg 150w, https:\/\/www.intuitivsein.com\/wp-content\/uploads\/2023\/02\/spirituell-75x75.jpg 75w\" sizes=\"auto, (max-width: 333px) 100vw, 333px\" \/><\/figure>\n<\/div>\n\n\n<p><\/p>\n\n\n\n<p>Eine R\u00fcckf\u00fchrung dient deinem Wachstum und deiner Heilung. Wiederkehrende Muster oder Verhaltensweisen, unerkl\u00e4rliche \u00c4ngste, udgl. k\u00f6nnen durch die Reise in ein fr\u00fcheres Leben aufgel\u00f6st werden. Du erh\u00e4ltst Einsicht und Verst\u00e4ndnis daf\u00fcr, auf welche Weise sich der Sinn von Handlungen und \u00e4u\u00dferen Umst\u00e4nden zeigt. Dies tr\u00e4gt wesentlich zur Transformation deiner Probleme bei.<\/p>\n\n\n\n<p>Ablauf: Mir ist es sehr wichtig, einen wertsch\u00e4tzenden Umgang mit meinen Klientinnen und Klienten zu pflegen. Kontaktiere mich gerne, und wir besprechen deine Fragen und W\u00fcnsche. Ich erkl\u00e4re dir den Ablauf und wir entscheiden dann gemeinsam, ob oder wie wir weiter vorgehen wollen.<\/p>\n\n\n\n<p><strong>Dauer einer R\u00fcckf\u00fchrung: 2-3 Std.<\/strong>, inkl. Vorgespr\u00e4ch und Nachgespr\u00e4ch<\/p>\n\n\n\n<p><strong>Kosten pro Stunde: 100 Euro,<\/strong>&nbsp;die Sitzung wird f\u00fcr dich als Audiodatei aufgezeichnet<\/p>\n\n\n\n<p>R\u00fcckf\u00fchrungen finden in meiner Praxis in Hirtenberg statt. Die Bezahlung erfolgt  in bar.<\/p>\n\n\n\n<div style=\"height:52px\" aria-hidden=\"true\" class=\"wp-block-spacer\"><\/div>\n\n\n<div class=\"wp-block-image\">\n<figure class=\"aligncenter size-full is-resized\"><img loading=\"lazy\" decoding=\"async\" width=\"512\" height=\"512\" src=\"http:\/\/www.intuitivsein.com\/wp-content\/uploads\/2024\/04\/image.png\" alt=\"\" class=\"wp-image-3068\" style=\"object-fit:cover;width:50px;height:50px\" srcset=\"https:\/\/www.intuitivsein.com\/wp-content\/uploads\/2024\/04\/image.png 512w, https:\/\/www.intuitivsein.com\/wp-content\/uploads\/2024\/04\/image-300x300.png 300w, https:\/\/www.intuitivsein.com\/wp-content\/uploads\/2024\/04\/image-150x150.png 150w, https:\/\/www.intuitivsein.com\/wp-content\/uploads\/2024\/04\/image-75x75.png 75w\" sizes=\"auto, (max-width: 512px) 100vw, 512px\" \/><\/figure>\n<\/div>\n\n\n<div style=\"height:54px\" aria-hidden=\"true\" class=\"wp-block-spacer\"><\/div>\n\n\n\n<p><\/p>\n\n\n\n<p><\/p>\n","protected":false},"excerpt":{"rendered":"<p>Spirituelle R\u00fcckf\u00fchrung in fr\u00fchere Leben: Eine R\u00fcckf\u00fchrung dient deinem Wachstum und deiner Heilung. Wiederkehrende Muster oder Verhaltensweisen, unerkl\u00e4rliche \u00c4ngste, udgl. k\u00f6nnen durch die Reise in ein fr\u00fcheres Leben aufgel\u00f6st werden. Du erh\u00e4ltst Einsicht und Verst\u00e4ndnis daf\u00fcr, auf welche Weise sich der Sinn von Handlungen und \u00e4u\u00dferen Umst\u00e4nden zeigt. Dies tr\u00e4gt wesentlich zur Transformation deiner Probleme bei. Ablauf: Mir ist es sehr wichtig, einen wertsch\u00e4tzenden Umgang mit meinen Klientinnen und Klienten zu pflegen. Kontaktiere mich gerne, und wir besprechen deine Fragen und W\u00fcnsche. Ich erkl\u00e4re dir den Ablauf und wir entscheiden dann gemeinsam, ob oder wie wir weiter vorgehen wollen. Dauer einer R\u00fcckf\u00fchrung: 2-3 Std., inkl. Vorgespr\u00e4ch und Nachgespr\u00e4ch Kosten pro Stunde: 100 Euro,&nbsp;die Sitzung wird f\u00fcr dich als Audiodatei aufgezeichnet R\u00fcckf\u00fchrungen finden in meiner Praxis in Hirtenberg statt. Die Bezahlung erfolgt in bar.<\/p>\n","protected":false},"author":1,"featured_media":0,"parent":0,"menu_order":0,"comment_status":"closed","ping_status":"closed","template":"","meta":{"_mc_calendar":[],"footnotes":""},"class_list":["post-4186","page","type-page","status-publish","hentry"],"_links":{"self":[{"href":"https:\/\/www.intuitivsein.com\/index.php?rest_route=\/wp\/v2\/pages\/4186","targetHints":{"allow":["GET"]}}],"collection":[{"href":"https:\/\/www.intuitivsein.com\/index.php?rest_route=\/wp\/v2\/pages"}],"about":[{"href":"https:\/\/www.intuitivsein.com\/index.php?rest_route=\/wp\/v2\/types\/page"}],"author":[{"embeddable":true,"href":"https:\/\/www.intuitivsein.com\/index.php?rest_route=\/wp\/v2\/users\/1"}],"replies":[{"embeddable":true,"href":"https:\/\/www.intuitivsein.com\/index.php?rest_route=%2Fwp%2Fv2%2Fcomments&post=4186"}],"version-history":[{"count":11,"href":"https:\/\/www.intuitivsein.com\/index.php?rest_route=\/wp\/v2\/pages\/4186\/revisions"}],"predecessor-version":[{"id":4197,"href":"https:\/\/www.intuitivsein.com\/index.php?rest_route=\/wp\/v2\/pages\/4186\/revisions\/4197"}],"wp:attachment":[{"href":"https:\/\/www.intuitivsein.com\/index.php?rest_route=%2Fwp%2Fv2%2Fmedia&parent=4186"}],"curies":[{"name":"wp","href":"https:\/\/api.w.org\/{rel}","templated":true}]}}