{"id":4309,"date":"2025-06-16T20:36:57","date_gmt":"2025-06-16T18:36:57","guid":{"rendered":"https:\/\/www.intuitivsein.com\/?page_id=4309"},"modified":"2025-06-16T20:39:22","modified_gmt":"2025-06-16T18:39:22","slug":"feedback-lehrgang-2024-25","status":"publish","type":"page","link":"https:\/\/www.intuitivsein.com\/?page_id=4309","title":{"rendered":"Feedback Lehrgang 2024-25"},"content":{"rendered":"\n<h3 class=\"wp-block-heading has-text-align-center has-text-color\" style=\"color:#257575\"><mark style=\"background-color:rgba(0, 0, 0, 0);color:#b48607\" class=\"has-inline-color\">Cranio Sacrale K\u00f6rperarbeit mit medialer Begleitung<\/mark><\/h3>\n\n\n\n<div style=\"height:53px\" aria-hidden=\"true\" class=\"wp-block-spacer\"><\/div>\n\n\n\n<p><\/p>\n\n\n\n<div style=\"height:0px\" aria-hidden=\"true\" class=\"wp-block-spacer\"><\/div>\n\n\n<div class=\"wp-block-image is-style-rounded\">\n<figure class=\"alignleft size-large is-resized\"><img loading=\"lazy\" decoding=\"async\" width=\"768\" height=\"1024\" src=\"http:\/\/www.intuitivsein.com\/wp-content\/uploads\/2025\/06\/IMG_20250426_113650-768x1024.jpg\" alt=\"\" class=\"wp-image-4248\" style=\"aspect-ratio:1;object-fit:cover;width:300px\" srcset=\"https:\/\/www.intuitivsein.com\/wp-content\/uploads\/2025\/06\/IMG_20250426_113650-768x1024.jpg 768w, https:\/\/www.intuitivsein.com\/wp-content\/uploads\/2025\/06\/IMG_20250426_113650-225x300.jpg 225w, https:\/\/www.intuitivsein.com\/wp-content\/uploads\/2025\/06\/IMG_20250426_113650-1152x1536.jpg 1152w, https:\/\/www.intuitivsein.com\/wp-content\/uploads\/2025\/06\/IMG_20250426_113650-1536x2048.jpg 1536w, https:\/\/www.intuitivsein.com\/wp-content\/uploads\/2025\/06\/IMG_20250426_113650-1140x1520.jpg 1140w, https:\/\/www.intuitivsein.com\/wp-content\/uploads\/2025\/06\/IMG_20250426_113650-scaled.jpg 1920w\" sizes=\"auto, (max-width: 768px) 100vw, 768px\" \/><\/figure>\n<\/div>\n\n\n<p class=\"has-text-align-left\" id=\"block-22423af5-cff1-45ee-be46-71583956c3e1\"><br>Der Lehrgang \u201eCranio Sacrale K\u00f6rperarbeit mit medialer Begleitung\u201c bei Daniela kam genau im richtigen Moment in mein Leben. Ich hatte schon seit einiger Zeit gesp\u00fcrt, dass es f\u00fcr mich an der Zeit war f\u00fcr einen n\u00e4chsten Entwicklungsschritt in meinem Leben und war auf der Suche nach einer Lehrerin daf\u00fcr. <\/p>\n\n\n\n<p class=\"has-text-align-left\" id=\"block-22423af5-cff1-45ee-be46-71583956c3e1\">Mit Daniela Habenicht habe ich diese Lehrerin und Mentorin absolut gefunden. Daniela hat mich in diesem Ausbildungsjahr in meiner pers\u00f6nlichen Entwicklung begleitet und gef\u00f6rdert, mir ganz viel Handwerkszeug und Wissen mitgegeben und dar\u00fcber hinaus die fundamental wichtigen Tools wie die absichtslose Haltung, Achtsamkeit, Sensitivit\u00e4t, Medialit\u00e4t und Einf\u00fchlungsverm\u00f6gen vermittelt und geschult, um in der K\u00f6rper- und Energiearbeit t\u00e4tig sein zu k\u00f6nnen.<br><\/p>\n\n\n\n<p class=\"has-text-align-left\" id=\"block-22423af5-cff1-45ee-be46-71583956c3e1\">Die Ausbildung war f\u00fcr mich eine immense Bereicherung meine beruflichen M\u00f6glichkeiten betreffend und dar\u00fcber hinaus eine meiner sch\u00f6nsten Reisen in meiner pers\u00f6nlichen Entwicklung und daf\u00fcr bin ich Daniela sehr sehr dankbar. Insgesamt hat der Lehrgang meine Erwartungen auf jeden Fall weit \u00fcbertroffen, einfach, weil ich nicht nur eine wundersch\u00f6ne Arbeit, sondern ganz viel \u00fcber mich selbst lernen durfte.<br><\/p>\n\n\n\n<p class=\"has-text-align-left\" id=\"block-22423af5-cff1-45ee-be46-71583956c3e1\">Dagmar K.<\/p>\n\n\n\n<p class=\"has-text-align-left\" id=\"block-22423af5-cff1-45ee-be46-71583956c3e1\"><\/p>\n\n\n<div class=\"wp-block-image\">\n<figure class=\"aligncenter size-full is-resized\"><img loading=\"lazy\" decoding=\"async\" width=\"512\" height=\"512\" src=\"http:\/\/www.intuitivsein.com\/wp-content\/uploads\/2024\/04\/image.png\" alt=\"\" class=\"wp-image-3068\" style=\"aspect-ratio:1;object-fit:cover;width:50px\" srcset=\"https:\/\/www.intuitivsein.com\/wp-content\/uploads\/2024\/04\/image.png 512w, https:\/\/www.intuitivsein.com\/wp-content\/uploads\/2024\/04\/image-300x300.png 300w, https:\/\/www.intuitivsein.com\/wp-content\/uploads\/2024\/04\/image-150x150.png 150w, https:\/\/www.intuitivsein.com\/wp-content\/uploads\/2024\/04\/image-75x75.png 75w\" sizes=\"auto, (max-width: 512px) 100vw, 512px\" \/><\/figure>\n<\/div>\n\n\n<div style=\"height:51px\" aria-hidden=\"true\" class=\"wp-block-spacer\"><\/div>\n\n\n<div class=\"wp-block-image is-style-rounded\">\n<figure class=\"alignright size-large is-resized\"><img loading=\"lazy\" decoding=\"async\" width=\"768\" height=\"1024\" src=\"http:\/\/www.intuitivsein.com\/wp-content\/uploads\/2025\/06\/IMG_20250426_111727-768x1024.jpg\" alt=\"\" class=\"wp-image-4249\" style=\"aspect-ratio:1;object-fit:cover;width:300px\" srcset=\"https:\/\/www.intuitivsein.com\/wp-content\/uploads\/2025\/06\/IMG_20250426_111727-768x1024.jpg 768w, https:\/\/www.intuitivsein.com\/wp-content\/uploads\/2025\/06\/IMG_20250426_111727-225x300.jpg 225w, https:\/\/www.intuitivsein.com\/wp-content\/uploads\/2025\/06\/IMG_20250426_111727-1152x1536.jpg 1152w, https:\/\/www.intuitivsein.com\/wp-content\/uploads\/2025\/06\/IMG_20250426_111727-1536x2048.jpg 1536w, https:\/\/www.intuitivsein.com\/wp-content\/uploads\/2025\/06\/IMG_20250426_111727-1140x1520.jpg 1140w, https:\/\/www.intuitivsein.com\/wp-content\/uploads\/2025\/06\/IMG_20250426_111727-scaled.jpg 1920w\" sizes=\"auto, (max-width: 768px) 100vw, 768px\" \/><\/figure>\n<\/div>\n\n\n<p>Dieser Lehrgang war eine Entdeckungsreise zu sich selbst und zu dem Zugang zu unterschiedlichsten Herausforderungen, die das Leben einem stellt. <\/p>\n\n\n\n<p>In all den Monaten geht man selbst durch viele Prozesse. Ich f\u00fchlte mich dabei von Daniela immer sehr einf\u00fchlsam und professionell begleitet und unterst\u00fctzt. <\/p>\n\n\n\n<p>Durch meine eigene Weiterentwicklung lernte ich ebenso das R\u00fcstzeug f\u00fcr die &#8222;Cranio Sacrale K\u00f6rperarbeit mit medialer Begleitung&#8220; wie durch die spannend aufgebauten Module und deren Inhalte. <\/p>\n\n\n\n<p>Danielas eigens entwickelte Methode ist eine wundervolle M\u00f6glichkeit, Menschen auf ihren Weg zu begleiten und deren Potenzial zu entfalten.<\/p>\n\n\n\n<p>Maria P.<\/p>\n\n\n\n<p><\/p>\n\n\n<div class=\"wp-block-image\">\n<figure class=\"aligncenter size-full is-resized\"><img loading=\"lazy\" decoding=\"async\" width=\"512\" height=\"512\" src=\"http:\/\/www.intuitivsein.com\/wp-content\/uploads\/2024\/04\/image.png\" alt=\"\" class=\"wp-image-3068\" style=\"aspect-ratio:1;object-fit:cover;width:50px\" srcset=\"https:\/\/www.intuitivsein.com\/wp-content\/uploads\/2024\/04\/image.png 512w, https:\/\/www.intuitivsein.com\/wp-content\/uploads\/2024\/04\/image-300x300.png 300w, https:\/\/www.intuitivsein.com\/wp-content\/uploads\/2024\/04\/image-150x150.png 150w, https:\/\/www.intuitivsein.com\/wp-content\/uploads\/2024\/04\/image-75x75.png 75w\" sizes=\"auto, (max-width: 512px) 100vw, 512px\" \/><\/figure>\n<\/div>\n\n\n<div style=\"height:47px\" aria-hidden=\"true\" class=\"wp-block-spacer\"><\/div>\n\n\n<div class=\"wp-block-image is-style-rounded\">\n<figure class=\"alignleft size-large is-resized\"><img loading=\"lazy\" decoding=\"async\" width=\"1024\" height=\"768\" src=\"http:\/\/www.intuitivsein.com\/wp-content\/uploads\/2025\/06\/IMG_20250426_111814-1024x768.jpg\" alt=\"\" class=\"wp-image-4251\" style=\"aspect-ratio:1;object-fit:cover;width:300px\" srcset=\"https:\/\/www.intuitivsein.com\/wp-content\/uploads\/2025\/06\/IMG_20250426_111814-1024x768.jpg 1024w, https:\/\/www.intuitivsein.com\/wp-content\/uploads\/2025\/06\/IMG_20250426_111814-300x225.jpg 300w, https:\/\/www.intuitivsein.com\/wp-content\/uploads\/2025\/06\/IMG_20250426_111814-768x576.jpg 768w, https:\/\/www.intuitivsein.com\/wp-content\/uploads\/2025\/06\/IMG_20250426_111814-1536x1152.jpg 1536w, https:\/\/www.intuitivsein.com\/wp-content\/uploads\/2025\/06\/IMG_20250426_111814-2048x1536.jpg 2048w, https:\/\/www.intuitivsein.com\/wp-content\/uploads\/2025\/06\/IMG_20250426_111814-1140x855.jpg 1140w\" sizes=\"auto, (max-width: 1024px) 100vw, 1024px\" \/><\/figure>\n<\/div>\n\n\n<p>Diese Ausbildung war so viel mehr als nur Lernen. Es war eine Reise zu mir selbst. <\/p>\n\n\n\n<p>Zu tieferem Sp\u00fcren. Zu Vertrauen &#8211; in den K\u00f6rper, in die feinen Schwingungen, in die Verbindung zwischen Mensch und Seele. Ich bin dankbar f\u00fcr alles, was ich erfahren, f\u00fchlen und entwickeln durfte. <\/p>\n\n\n\n<p>Ganz besonders auch f\u00fcr die Menschen, die mich begleitet haben. F\u00fcr jede einzelne Begegnung und Erfahrung auf dieser Reise.<\/p>\n\n\n\n<p>Ich freue mich auf alles, was jetzt kommt.<\/p>\n\n\n\n<p>Tanja R.<\/p>\n\n\n\n<div style=\"height:100px\" aria-hidden=\"true\" class=\"wp-block-spacer\"><\/div>\n\n\n\n<p><\/p>\n\n\n\n<p><\/p>\n","protected":false},"excerpt":{"rendered":"<p>Cranio Sacrale K\u00f6rperarbeit mit medialer Begleitung Der Lehrgang \u201eCranio Sacrale K\u00f6rperarbeit mit medialer Begleitung\u201c bei Daniela kam genau im richtigen Moment in mein Leben. Ich hatte schon seit einiger Zeit gesp\u00fcrt, dass es f\u00fcr mich an der Zeit war f\u00fcr einen n\u00e4chsten Entwicklungsschritt in meinem Leben und war auf der Suche nach einer Lehrerin daf\u00fcr. Mit Daniela Habenicht habe ich diese Lehrerin und Mentorin absolut gefunden. Daniela hat mich in diesem Ausbildungsjahr in meiner pers\u00f6nlichen Entwicklung begleitet und gef\u00f6rdert, mir ganz viel Handwerkszeug und Wissen mitgegeben und dar\u00fcber hinaus die fundamental wichtigen Tools wie die absichtslose Haltung, Achtsamkeit, Sensitivit\u00e4t, Medialit\u00e4t und Einf\u00fchlungsverm\u00f6gen vermittelt und geschult, um in der K\u00f6rper- und Energiearbeit t\u00e4tig sein zu k\u00f6nnen. Die Ausbildung war f\u00fcr mich eine immense Bereicherung meine beruflichen M\u00f6glichkeiten betreffend und dar\u00fcber hinaus eine meiner sch\u00f6nsten Reisen in meiner pers\u00f6nlichen Entwicklung und daf\u00fcr bin ich Daniela sehr sehr dankbar. Insgesamt hat der Lehrgang meine Erwartungen auf jeden Fall weit \u00fcbertroffen, einfach, weil ich nicht nur eine wundersch\u00f6ne Arbeit, sondern ganz viel \u00fcber mich selbst lernen durfte. Dagmar K. Dieser Lehrgang war eine Entdeckungsreise zu sich selbst und zu dem Zugang zu unterschiedlichsten Herausforderungen, die das Leben einem stellt. In all den Monaten geht man selbst durch viele Prozesse. Ich f\u00fchlte mich dabei von Daniela immer sehr einf\u00fchlsam und professionell begleitet und unterst\u00fctzt. Durch meine eigene Weiterentwicklung lernte ich ebenso das R\u00fcstzeug f\u00fcr die &#8222;Cranio Sacrale K\u00f6rperarbeit mit medialer Begleitung&#8220; wie durch die spannend aufgebauten Module und deren Inhalte. Danielas eigens entwickelte Methode ist eine wundervolle M\u00f6glichkeit, Menschen auf ihren Weg zu begleiten und deren Potenzial zu entfalten. Maria P. Diese Ausbildung war so viel mehr als nur Lernen. Es war eine Reise zu mir selbst. Zu tieferem Sp\u00fcren. Zu Vertrauen &#8211; in den K\u00f6rper, in die feinen Schwingungen, in die Verbindung zwischen Mensch und Seele. Ich bin dankbar f\u00fcr alles, was ich erfahren, f\u00fchlen und entwickeln durfte. Ganz besonders auch f\u00fcr die Menschen, die mich begleitet haben. F\u00fcr jede einzelne Begegnung und Erfahrung auf dieser Reise. Ich freue mich auf alles, was jetzt kommt. Tanja R.<\/p>\n","protected":false},"author":1,"featured_media":0,"parent":0,"menu_order":0,"comment_status":"closed","ping_status":"closed","template":"","meta":{"_mc_calendar":[],"footnotes":""},"class_list":["post-4309","page","type-page","status-publish","hentry"],"_links":{"self":[{"href":"https:\/\/www.intuitivsein.com\/index.php?rest_route=\/wp\/v2\/pages\/4309","targetHints":{"allow":["GET"]}}],"collection":[{"href":"https:\/\/www.intuitivsein.com\/index.php?rest_route=\/wp\/v2\/pages"}],"about":[{"href":"https:\/\/www.intuitivsein.com\/index.php?rest_route=\/wp\/v2\/types\/page"}],"author":[{"embeddable":true,"href":"https:\/\/www.intuitivsein.com\/index.php?rest_route=\/wp\/v2\/users\/1"}],"replies":[{"embeddable":true,"href":"https:\/\/www.intuitivsein.com\/index.php?rest_route=%2Fwp%2Fv2%2Fcomments&post=4309"}],"version-history":[{"count":18,"href":"https:\/\/www.intuitivsein.com\/index.php?rest_route=\/wp\/v2\/pages\/4309\/revisions"}],"predecessor-version":[{"id":4328,"href":"https:\/\/www.intuitivsein.com\/index.php?rest_route=\/wp\/v2\/pages\/4309\/revisions\/4328"}],"wp:attachment":[{"href":"https:\/\/www.intuitivsein.com\/index.php?rest_route=%2Fwp%2Fv2%2Fmedia&parent=4309"}],"curies":[{"name":"wp","href":"https:\/\/api.w.org\/{rel}","templated":true}]}}