{"id":4395,"date":"2025-07-21T20:59:25","date_gmt":"2025-07-21T18:59:25","guid":{"rendered":"https:\/\/www.intuitivsein.com\/?page_id=4395"},"modified":"2026-04-30T11:05:38","modified_gmt":"2026-04-30T09:05:38","slug":"wandertouren-fuer-frauen","status":"publish","type":"page","link":"https:\/\/www.intuitivsein.com\/?page_id=4395","title":{"rendered":"Wandertouren f\u00fcr Frauen"},"content":{"rendered":"\n<div style=\"height:56px\" aria-hidden=\"true\" class=\"wp-block-spacer\"><\/div>\n\n\n<div class=\"wp-block-image is-style-rounded\">\n<figure class=\"alignleft size-large is-resized\"><img loading=\"lazy\" decoding=\"async\" width=\"768\" height=\"1024\" src=\"http:\/\/www.intuitivsein.com\/wp-content\/uploads\/2025\/07\/IMG_20240509_130832-1-768x1024.jpg\" alt=\"\" class=\"wp-image-4411\" style=\"aspect-ratio:1;object-fit:cover;width:400px\" srcset=\"https:\/\/www.intuitivsein.com\/wp-content\/uploads\/2025\/07\/IMG_20240509_130832-1-768x1024.jpg 768w, https:\/\/www.intuitivsein.com\/wp-content\/uploads\/2025\/07\/IMG_20240509_130832-1-225x300.jpg 225w, https:\/\/www.intuitivsein.com\/wp-content\/uploads\/2025\/07\/IMG_20240509_130832-1-1152x1536.jpg 1152w, https:\/\/www.intuitivsein.com\/wp-content\/uploads\/2025\/07\/IMG_20240509_130832-1-1536x2048.jpg 1536w, https:\/\/www.intuitivsein.com\/wp-content\/uploads\/2025\/07\/IMG_20240509_130832-1-scaled.jpg 1920w\" sizes=\"auto, (max-width: 768px) 100vw, 768px\" \/><figcaption class=\"wp-element-caption\">                                  Daniela<\/figcaption><\/figure>\n<\/div>\n\n<div class=\"wp-block-image is-style-rounded\">\n<figure class=\"alignright size-large is-resized\"><img loading=\"lazy\" decoding=\"async\" width=\"1024\" height=\"1024\" src=\"http:\/\/www.intuitivsein.com\/wp-content\/uploads\/2025\/03\/IMG-20250330-WA0002-edited-1024x1024.jpg\" alt=\"\" class=\"wp-image-4067\" style=\"aspect-ratio:1;object-fit:cover;width:400px\" srcset=\"https:\/\/www.intuitivsein.com\/wp-content\/uploads\/2025\/03\/IMG-20250330-WA0002-edited-1024x1024.jpg 1024w, https:\/\/www.intuitivsein.com\/wp-content\/uploads\/2025\/03\/IMG-20250330-WA0002-edited-300x300.jpg 300w, https:\/\/www.intuitivsein.com\/wp-content\/uploads\/2025\/03\/IMG-20250330-WA0002-edited-150x150.jpg 150w, https:\/\/www.intuitivsein.com\/wp-content\/uploads\/2025\/03\/IMG-20250330-WA0002-edited-768x768.jpg 768w, https:\/\/www.intuitivsein.com\/wp-content\/uploads\/2025\/03\/IMG-20250330-WA0002-edited-1140x1140.jpg 1140w, https:\/\/www.intuitivsein.com\/wp-content\/uploads\/2025\/03\/IMG-20250330-WA0002-edited-75x75.jpg 75w, https:\/\/www.intuitivsein.com\/wp-content\/uploads\/2025\/03\/IMG-20250330-WA0002-edited.jpg 1512w\" sizes=\"auto, (max-width: 1024px) 100vw, 1024px\" \/><figcaption class=\"wp-element-caption\">                                  Dagmar<\/figcaption><\/figure>\n<\/div>\n\n\n<p><\/p>\n\n\n\n<div style=\"height:53px\" aria-hidden=\"true\" class=\"wp-block-spacer\"><\/div>\n\n\n\n<p>Wir haben unser Gl\u00fcck beim Wandern gefunden. Das Eintauchen in die Natur erdet uns und lenkt unsere Aufmerksamkeit wieder auf das Wesentliche. Immer wieder staunen wir \u00fcber die Sch\u00f6nheit und Vielfalt der Sch\u00f6pfung und finden hier den idealen Ausgleich, Energie und St\u00e4rke.<\/p>\n\n\n\n<p>In einer kleinen Gruppe lassen wir den oft stressigen Alltag hinter uns, erkunden gemeinsam neue Wege und inspirierende Orte. Eine ideale Kulisse, um sich eine Auszeit zu g\u00f6nnen und den inneren Rucksack neu zu sortieren. Geist und Seele k\u00f6nnen sich beim Gehen erholen, w\u00e4hrend der K\u00f6rper Schritt f\u00fcr Schritt seinen Rhythmus findet. Wir machen uns die Kraft der Natur bewusst, achten auf Raum f\u00fcr Individualit\u00e4t und Zeiten der Stille f\u00fcr das Wohlbefinden in der Gruppe.<\/p>\n\n\n\n<p>Yoga, Impulse am Weg, \u00dcbungen aus dem Mental- und Achtsamkeitstraining und gemeinsame Reflexion verst\u00e4rken die Wirksamkeit des Weges.<\/p>\n\n\n\n<div style=\"height:50px\" aria-hidden=\"true\" class=\"wp-block-spacer\"><\/div>\n\n\n\n<p class=\"has-text-align-center\"><strong>NEU!! Wir sind super flexibel und bieten dir die M\u00f6glichkeit je nach Tour &#8211; 1, 2 oder 3 Tage zu buchen. Kontaktiere uns gerne und wir informieren dich.<\/strong><\/p>\n\n\n\n<div style=\"height:51px\" aria-hidden=\"true\" class=\"wp-block-spacer\"><\/div>\n\n\n<div class=\"wp-block-image\">\n<figure class=\"aligncenter size-full is-resized\"><img loading=\"lazy\" decoding=\"async\" width=\"512\" height=\"512\" src=\"http:\/\/www.intuitivsein.com\/wp-content\/uploads\/2024\/04\/image.png\" alt=\"\" class=\"wp-image-3068\" style=\"object-fit:cover;width:50px;height:50px\" srcset=\"https:\/\/www.intuitivsein.com\/wp-content\/uploads\/2024\/04\/image.png 512w, https:\/\/www.intuitivsein.com\/wp-content\/uploads\/2024\/04\/image-300x300.png 300w, https:\/\/www.intuitivsein.com\/wp-content\/uploads\/2024\/04\/image-150x150.png 150w, https:\/\/www.intuitivsein.com\/wp-content\/uploads\/2024\/04\/image-75x75.png 75w\" sizes=\"auto, (max-width: 512px) 100vw, 512px\" \/><\/figure>\n<\/div>\n\n\n<div style=\"height:41px\" aria-hidden=\"true\" class=\"wp-block-spacer\"><\/div>\n\n\n\n<p><\/p>\n\n\n\n<h5 class=\"wp-block-heading\"><a href=\"https:\/\/www.intuitivsein.com\/?page_id=1163\" data-type=\"page\" data-id=\"3706\">Highlights am Johannesweg:<\/a><strong> <\/strong>2-Tagestour: 25. &#8211; 26. April 2026<\/h5>\n\n\n\n<p>\u201eSich auf den Weg machen\u201c lautete das Motto des Johannesweges, der&nbsp;bei einer L\u00e4nge von 86 Kilometern und 2800 H\u00f6henmetern durch die h\u00fcgelige Sch\u00f6nheit der M\u00fchlviertler Almlandschaft im Bezirk Freistadt f\u00fchrt. Der beliebte Pilgerweg ist in Form einer Lilie angelegt und f\u00fchrt \u00fcber 12 Stationen, die zum Innehalten und Auftanken einladen.<sub><strong> <a href=\"https:\/\/www.intuitivsein.com\/?page_id=1163\" data-type=\"page\" data-id=\"1163\">Mehr dazu<\/a><\/strong><\/sub><\/p>\n\n\n\n<p><strong> Fitness: **<\/strong><\/p>\n\n\n\n<p><\/p>\n\n\n\n<div style=\"height:101px\" aria-hidden=\"true\" class=\"wp-block-spacer\"><\/div>\n\n\n<div class=\"wp-block-image\">\n<figure class=\"aligncenter size-full is-resized\"><img loading=\"lazy\" decoding=\"async\" width=\"512\" height=\"512\" src=\"http:\/\/www.intuitivsein.com\/wp-content\/uploads\/2024\/04\/image.png\" alt=\"\" class=\"wp-image-3068\" style=\"object-fit:cover;width:50px;height:50px\" srcset=\"https:\/\/www.intuitivsein.com\/wp-content\/uploads\/2024\/04\/image.png 512w, https:\/\/www.intuitivsein.com\/wp-content\/uploads\/2024\/04\/image-300x300.png 300w, https:\/\/www.intuitivsein.com\/wp-content\/uploads\/2024\/04\/image-150x150.png 150w, https:\/\/www.intuitivsein.com\/wp-content\/uploads\/2024\/04\/image-75x75.png 75w\" sizes=\"auto, (max-width: 512px) 100vw, 512px\" \/><\/figure>\n<\/div>\n\n\n<div style=\"height:50px\" aria-hidden=\"true\" class=\"wp-block-spacer\"><\/div>\n\n\n\n<h5 class=\"wp-block-heading\"><strong><a href=\"https:\/\/www.intuitivsein.com\/?page_id=1520\" data-type=\"page\" data-id=\"1520\">Genusswandern am Almuferweg:<\/a> <\/strong><mark style=\"background-color:rgba(0, 0, 0, 0)\" class=\"has-inline-color has-black-color\"><strong>29. &#8211; 31. Mai 2026<\/strong><\/mark><mark style=\"background-color:rgba(0, 0, 0, 0)\" class=\"has-inline-color has-vivid-red-color\"><strong> Ausgebucht! <\/strong><\/mark><\/h5>\n\n\n\n<p>Mit \u201eGenuss am Almfluss\u201c, ist der 52 km lange Almuferweg, vom Almspitz zum malerischen Almsee im Salzkammergut, O\u00d6, beschildert. Ein Wanderweg im Almtal entlang der Alm, wo wir \u00f6kologisch wertvolle und inspirierende Natur erleben. <sub><a href=\"https:\/\/www.intuitivsein.com\/?page_id=1520\" data-type=\"page\" data-id=\"1520\"><strong>Mehr dazu<\/strong><\/a><\/sub><\/p>\n\n\n\n<p><strong>Fitness:*<\/strong><\/p>\n\n\n\n<div style=\"height:52px\" aria-hidden=\"true\" class=\"wp-block-spacer\"><\/div>\n\n\n<div class=\"wp-block-image\">\n<figure class=\"aligncenter size-full is-resized\"><img loading=\"lazy\" decoding=\"async\" width=\"512\" height=\"512\" src=\"http:\/\/www.intuitivsein.com\/wp-content\/uploads\/2024\/04\/image.png\" alt=\"\" class=\"wp-image-3068\" style=\"object-fit:cover;width:50px;height:50px\" srcset=\"https:\/\/www.intuitivsein.com\/wp-content\/uploads\/2024\/04\/image.png 512w, https:\/\/www.intuitivsein.com\/wp-content\/uploads\/2024\/04\/image-300x300.png 300w, https:\/\/www.intuitivsein.com\/wp-content\/uploads\/2024\/04\/image-150x150.png 150w, https:\/\/www.intuitivsein.com\/wp-content\/uploads\/2024\/04\/image-75x75.png 75w\" sizes=\"auto, (max-width: 512px) 100vw, 512px\" \/><\/figure>\n<\/div>\n\n\n<div style=\"height:52px\" aria-hidden=\"true\" class=\"wp-block-spacer\"><\/div>\n\n\n\n<h5 class=\"wp-block-heading\"><strong>Neu! 1-Tagestour<\/strong> <strong><a href=\"https:\/\/www.intuitivsein.com\/?page_id=3603\" data-type=\"page\" data-id=\"3603\">Mohnbl\u00fctenwanderung im Waldviertler Hochland:<\/a> <\/strong><mark style=\"background-color:rgba(0, 0, 0, 0)\" class=\"has-inline-color has-black-color\"><strong>4. Juli 2026<\/strong><\/mark><\/h5>\n\n\n\n<p><\/p>\n\n\n\n<p>Zur Zeit der Mohnbl\u00fcte wandern wir durch die Pracht der bl\u00fchenden Felder und tauchen mit allen Sinnen in eine Welt urspr\u00fcnglicher Kraftpl\u00e4tze aus Wasser, Wald und Granit ein. <sub><a href=\"https:\/\/www.intuitivsein.com\/?page_id=3603\" data-type=\"page\" data-id=\"3603\"><strong>Mehr dazu<\/strong><\/a><\/sub><\/p>\n\n\n\n<p><strong>Fitness:*-**<\/strong><\/p>\n\n\n\n<p><\/p>\n\n\n\n<div style=\"height:51px\" aria-hidden=\"true\" class=\"wp-block-spacer\"><\/div>\n\n\n<div class=\"wp-block-image\">\n<figure class=\"aligncenter size-full is-resized\"><img loading=\"lazy\" decoding=\"async\" width=\"512\" height=\"512\" src=\"http:\/\/www.intuitivsein.com\/wp-content\/uploads\/2024\/04\/image.png\" alt=\"\" class=\"wp-image-3068\" style=\"object-fit:cover;width:50px;height:50px\" srcset=\"https:\/\/www.intuitivsein.com\/wp-content\/uploads\/2024\/04\/image.png 512w, https:\/\/www.intuitivsein.com\/wp-content\/uploads\/2024\/04\/image-300x300.png 300w, https:\/\/www.intuitivsein.com\/wp-content\/uploads\/2024\/04\/image-150x150.png 150w, https:\/\/www.intuitivsein.com\/wp-content\/uploads\/2024\/04\/image-75x75.png 75w\" sizes=\"auto, (max-width: 512px) 100vw, 512px\" \/><\/figure>\n<\/div>\n\n\n<div style=\"height:53px\" aria-hidden=\"true\" class=\"wp-block-spacer\"><\/div>\n\n\n\n<p class=\"has-black-color has-text-color has-link-color wp-elements-9ac00cf961d1ea846fe5a532228b76c6\"><\/p>\n\n\n\n<h5 class=\"wp-block-heading\"><strong>NEU!!<\/strong> <strong><a href=\"https:\/\/www.intuitivsein.com\/?page_id=4779\" data-type=\"page\" data-id=\"4779\">Wandern und Yoga im Einklang: <\/a>11. &#8211; 13. September 2026<\/strong><\/h5>\n\n\n\n<p>Yoga am See. Wir genie\u00dfen die wunderbaren Wege im Salzkammergut und wandern jeden Tag zu einem anderen See. Im Rucksack die Yogamatte, die wir an ausgew\u00e4hlten Kraftpl\u00e4tzen ausrollen und inmitten der inspirierenden Natur in die Yogapraxis eintauchen. Liebevoll und achtsam angeleitet von <a href=\"https:\/\/yoga-perchtoldsdorf.at\"><strong>Dagmar <\/strong><\/a>mit ihrer langj\u00e4hrigen Erfahrung, getragen und intensiviert von der heilsamen Umgebung. <sub><strong><a href=\"https:\/\/www.intuitivsein.com\/?page_id=4779\" data-type=\"page\" data-id=\"4779\">Mehr dazu <\/a><\/strong><\/sub><\/p>\n\n\n\n<p><strong>Fitness:*-**<\/strong><\/p>\n\n\n\n<div style=\"height:51px\" aria-hidden=\"true\" class=\"wp-block-spacer\"><\/div>\n\n\n<div class=\"wp-block-image\">\n<figure class=\"aligncenter size-full is-resized\"><img loading=\"lazy\" decoding=\"async\" width=\"512\" height=\"512\" src=\"http:\/\/www.intuitivsein.com\/wp-content\/uploads\/2024\/04\/image.png\" alt=\"\" class=\"wp-image-3068\" style=\"aspect-ratio:1;object-fit:cover;width:50px\" srcset=\"https:\/\/www.intuitivsein.com\/wp-content\/uploads\/2024\/04\/image.png 512w, https:\/\/www.intuitivsein.com\/wp-content\/uploads\/2024\/04\/image-300x300.png 300w, https:\/\/www.intuitivsein.com\/wp-content\/uploads\/2024\/04\/image-150x150.png 150w, https:\/\/www.intuitivsein.com\/wp-content\/uploads\/2024\/04\/image-75x75.png 75w\" sizes=\"auto, (max-width: 512px) 100vw, 512px\" \/><\/figure>\n<\/div>\n\n\n<div style=\"height:54px\" aria-hidden=\"true\" class=\"wp-block-spacer\"><\/div>\n\n\n\n<h5 class=\"wp-block-heading\"><strong>NEU!! 1- Tagestour:<\/strong> <strong><a href=\"https:\/\/www.intuitivsein.com\/?page_id=3466\">Goldener Herbst im Yspertal<\/a>:<\/strong> <strong>17.10.2026<\/strong><\/h5>\n\n\n\n<p>Das Ysper- Weitental im s\u00fcdlichen Waldviertel, an der Grenze zu O\u00d6, mit der Stadt Ybbs an der Donau, ist ein wahres Wanderparadies. Stille Sch\u00f6nheit, ber\u00fchrende Natur einer Region, die ideal zum Entdecken, Wandern und Verweilen ist. Wir besuchen die bekannte Ysperklamm und erholen uns in der Stille des Weinsbergerwaldes. <a href=\"https:\/\/www.intuitivsein.com\/?page_id=3466\" data-type=\"page\" data-id=\"3466\"><sub><strong>Mehr dazu<\/strong><\/sub><\/a><\/p>\n\n\n\n<p><strong> Fitness: **<\/strong><\/p>\n\n\n\n<div style=\"height:54px\" aria-hidden=\"true\" class=\"wp-block-spacer\"><\/div>\n\n\n<div class=\"wp-block-image\">\n<figure class=\"aligncenter size-full is-resized\"><img loading=\"lazy\" decoding=\"async\" width=\"512\" height=\"512\" src=\"http:\/\/www.intuitivsein.com\/wp-content\/uploads\/2024\/04\/image.png\" alt=\"\" class=\"wp-image-3068\" style=\"aspect-ratio:1;object-fit:cover;width:50px\" srcset=\"https:\/\/www.intuitivsein.com\/wp-content\/uploads\/2024\/04\/image.png 512w, https:\/\/www.intuitivsein.com\/wp-content\/uploads\/2024\/04\/image-300x300.png 300w, https:\/\/www.intuitivsein.com\/wp-content\/uploads\/2024\/04\/image-150x150.png 150w, https:\/\/www.intuitivsein.com\/wp-content\/uploads\/2024\/04\/image-75x75.png 75w\" sizes=\"auto, (max-width: 512px) 100vw, 512px\" \/><\/figure>\n<\/div>\n\n\n<div style=\"height:47px\" aria-hidden=\"true\" class=\"wp-block-spacer\"><\/div>\n","protected":false},"excerpt":{"rendered":"<p>Wir haben unser Gl\u00fcck beim Wandern gefunden. Das Eintauchen in die Natur erdet uns und lenkt unsere Aufmerksamkeit wieder auf das Wesentliche. Immer wieder staunen wir \u00fcber die Sch\u00f6nheit und Vielfalt der Sch\u00f6pfung und finden hier den idealen Ausgleich, Energie und St\u00e4rke. In einer kleinen Gruppe lassen wir den oft stressigen Alltag hinter uns, erkunden gemeinsam neue Wege und inspirierende Orte. Eine ideale Kulisse, um sich eine Auszeit zu g\u00f6nnen und den inneren Rucksack neu zu sortieren. Geist und Seele k\u00f6nnen sich beim Gehen erholen, w\u00e4hrend der K\u00f6rper Schritt f\u00fcr Schritt seinen Rhythmus findet. Wir machen uns die Kraft der Natur bewusst, achten auf Raum f\u00fcr Individualit\u00e4t und Zeiten der Stille f\u00fcr das Wohlbefinden in der Gruppe. Yoga, Impulse am Weg, \u00dcbungen aus dem Mental- und Achtsamkeitstraining und gemeinsame Reflexion verst\u00e4rken die Wirksamkeit des Weges. NEU!! Wir sind super flexibel und bieten dir die M\u00f6glichkeit je nach Tour &#8211; 1, 2 oder 3 Tage zu buchen. Kontaktiere uns gerne und wir informieren dich. Highlights am Johannesweg: 2-Tagestour: 25. &#8211; 26. April 2026 \u201eSich auf den Weg machen\u201c lautete das Motto des Johannesweges, der&nbsp;bei einer L\u00e4nge von 86 Kilometern und 2800 H\u00f6henmetern durch die h\u00fcgelige Sch\u00f6nheit der M\u00fchlviertler Almlandschaft im Bezirk Freistadt f\u00fchrt. Der beliebte Pilgerweg ist in Form einer Lilie angelegt und f\u00fchrt \u00fcber 12 Stationen, die zum Innehalten und Auftanken einladen. Mehr dazu Fitness: ** Genusswandern am Almuferweg: 29. &#8211; 31. Mai 2026 Ausgebucht! Mit \u201eGenuss am Almfluss\u201c, ist der 52 km lange Almuferweg, vom Almspitz zum malerischen Almsee im Salzkammergut, O\u00d6, beschildert. Ein Wanderweg im Almtal entlang der Alm, wo wir \u00f6kologisch wertvolle und inspirierende Natur erleben. Mehr dazu Fitness:* Neu! 1-Tagestour Mohnbl\u00fctenwanderung im Waldviertler Hochland: 4. Juli 2026 Zur Zeit der Mohnbl\u00fcte wandern wir durch die Pracht der bl\u00fchenden Felder und tauchen mit allen Sinnen in eine Welt urspr\u00fcnglicher Kraftpl\u00e4tze aus Wasser, Wald und Granit ein. Mehr dazu Fitness:*-** NEU!! Wandern und Yoga im Einklang: 11. &#8211; 13. September 2026 Yoga am See. Wir genie\u00dfen die wunderbaren Wege im Salzkammergut und wandern jeden Tag zu einem anderen See. Im Rucksack die Yogamatte, die wir an ausgew\u00e4hlten Kraftpl\u00e4tzen ausrollen und inmitten der inspirierenden Natur in die Yogapraxis eintauchen. Liebevoll und achtsam angeleitet von Dagmar mit ihrer langj\u00e4hrigen Erfahrung, getragen und intensiviert von der heilsamen Umgebung. Mehr dazu Fitness:*-** NEU!! 1- Tagestour: Goldener Herbst im Yspertal: 17.10.2026 Das Ysper- Weitental im s\u00fcdlichen Waldviertel, an der Grenze zu O\u00d6, mit der Stadt Ybbs an der Donau, ist ein wahres Wanderparadies. Stille Sch\u00f6nheit, ber\u00fchrende Natur einer Region, die ideal zum Entdecken, Wandern und Verweilen ist. Wir besuchen die bekannte Ysperklamm und erholen uns in der Stille des Weinsbergerwaldes. Mehr dazu Fitness: **<\/p>\n","protected":false},"author":1,"featured_media":0,"parent":0,"menu_order":0,"comment_status":"closed","ping_status":"closed","template":"","meta":{"_mc_calendar":[],"footnotes":""},"class_list":["post-4395","page","type-page","status-publish","hentry"],"_links":{"self":[{"href":"https:\/\/www.intuitivsein.com\/index.php?rest_route=\/wp\/v2\/pages\/4395","targetHints":{"allow":["GET"]}}],"collection":[{"href":"https:\/\/www.intuitivsein.com\/index.php?rest_route=\/wp\/v2\/pages"}],"about":[{"href":"https:\/\/www.intuitivsein.com\/index.php?rest_route=\/wp\/v2\/types\/page"}],"author":[{"embeddable":true,"href":"https:\/\/www.intuitivsein.com\/index.php?rest_route=\/wp\/v2\/users\/1"}],"replies":[{"embeddable":true,"href":"https:\/\/www.intuitivsein.com\/index.php?rest_route=%2Fwp%2Fv2%2Fcomments&post=4395"}],"version-history":[{"count":88,"href":"https:\/\/www.intuitivsein.com\/index.php?rest_route=\/wp\/v2\/pages\/4395\/revisions"}],"predecessor-version":[{"id":5575,"href":"https:\/\/www.intuitivsein.com\/index.php?rest_route=\/wp\/v2\/pages\/4395\/revisions\/5575"}],"wp:attachment":[{"href":"https:\/\/www.intuitivsein.com\/index.php?rest_route=%2Fwp%2Fv2%2Fmedia&parent=4395"}],"curies":[{"name":"wp","href":"https:\/\/api.w.org\/{rel}","templated":true}]}}