{"id":468,"date":"2023-01-20T19:21:04","date_gmt":"2023-01-20T18:21:04","guid":{"rendered":"http:\/\/www.intuitivsein.com\/?page_id=468"},"modified":"2026-01-25T12:14:59","modified_gmt":"2026-01-25T11:14:59","slug":"willkommen","status":"publish","type":"page","link":"https:\/\/www.intuitivsein.com\/","title":{"rendered":"Willkommen"},"content":{"rendered":"\n<p><\/p>\n\n\n<div class=\"wp-block-image is-style-rounded\">\n<figure class=\"aligncenter size-full is-resized\"><img loading=\"lazy\" decoding=\"async\" width=\"2560\" height=\"2382\" src=\"http:\/\/www.intuitivsein.com\/wp-content\/uploads\/2025\/01\/IMG_20241223_204734-scaled.jpg\" alt=\"\" class=\"wp-image-3823\" style=\"aspect-ratio:1;object-fit:cover;width:500px\" srcset=\"https:\/\/www.intuitivsein.com\/wp-content\/uploads\/2025\/01\/IMG_20241223_204734-scaled.jpg 2560w, https:\/\/www.intuitivsein.com\/wp-content\/uploads\/2025\/01\/IMG_20241223_204734-300x279.jpg 300w, https:\/\/www.intuitivsein.com\/wp-content\/uploads\/2025\/01\/IMG_20241223_204734-1024x953.jpg 1024w, https:\/\/www.intuitivsein.com\/wp-content\/uploads\/2025\/01\/IMG_20241223_204734-768x715.jpg 768w, https:\/\/www.intuitivsein.com\/wp-content\/uploads\/2025\/01\/IMG_20241223_204734-1536x1429.jpg 1536w, https:\/\/www.intuitivsein.com\/wp-content\/uploads\/2025\/01\/IMG_20241223_204734-2048x1905.jpg 2048w, https:\/\/www.intuitivsein.com\/wp-content\/uploads\/2025\/01\/IMG_20241223_204734-1140x1061.jpg 1140w\" sizes=\"auto, (max-width: 2560px) 100vw, 2560px\" \/><\/figure>\n<\/div>\n\n\n<div style=\"height:59px\" aria-hidden=\"true\" class=\"wp-block-spacer\"><\/div>\n\n\n\n<p class=\"has-text-align-center has-text-color\" style=\"color:#257575\"><\/p>\n\n\n\n<h5 class=\"wp-block-heading has-text-align-center has-text-color has-link-color wp-elements-cc5893c9b94f0aecb03c764f4bd1bf39\" style=\"color:#b48602\">Mein Name ist Daniela Habenicht.<\/h5>\n\n\n\n<div style=\"height:20px\" aria-hidden=\"true\" class=\"wp-block-spacer\"><\/div>\n\n\n\n<p>Ich nehme Menschen in ihrer Ganzheitlichkeit wahr und bin in der Lage, vielschichtige Problematiken durch meine Intuition\/Medialit\u00e4t zu erfassen. <\/p>\n\n\n\n<p>Sich mit sich selbst auseinanderzusetzen, sich auszuprobieren, zu definieren und zu akzeptieren, sind Wege zur eigenen Identit\u00e4t. Mit offenen Augen durchs Leben zu gehen, neugierig zu bleiben und zu lernen, ist spannend und st\u00e4rkt unser Grundvertrauen.<\/p>\n\n\n\n<div style=\"height:20px\" aria-hidden=\"true\" class=\"wp-block-spacer\"><\/div>\n\n\n\n<blockquote class=\"wp-block-quote is-layout-flow wp-block-quote-is-layout-flow\">\n<p>Leben hei\u00dft, auf dem Weg zu sein.<\/p>\n<cite>Anselm Gr\u00fcn<\/cite><\/blockquote>\n\n\n\n<div style=\"height:100px\" aria-hidden=\"true\" class=\"wp-block-spacer\"><\/div>\n","protected":false},"excerpt":{"rendered":"<p>Mein Name ist Daniela Habenicht. Ich nehme Menschen in ihrer Ganzheitlichkeit wahr und bin in der Lage, vielschichtige Problematiken durch meine Intuition\/Medialit\u00e4t zu erfassen. Sich mit sich selbst auseinanderzusetzen, sich auszuprobieren, zu definieren und zu akzeptieren, sind Wege zur eigenen Identit\u00e4t. Mit offenen Augen durchs Leben zu gehen, neugierig zu bleiben und zu lernen, ist spannend und st\u00e4rkt unser Grundvertrauen. Leben hei\u00dft, auf dem Weg zu sein. Anselm Gr\u00fcn<\/p>\n","protected":false},"author":1,"featured_media":0,"parent":0,"menu_order":0,"comment_status":"closed","ping_status":"closed","template":"","meta":{"_mc_calendar":[],"footnotes":""},"class_list":["post-468","page","type-page","status-publish","hentry"],"_links":{"self":[{"href":"https:\/\/www.intuitivsein.com\/index.php?rest_route=\/wp\/v2\/pages\/468","targetHints":{"allow":["GET"]}}],"collection":[{"href":"https:\/\/www.intuitivsein.com\/index.php?rest_route=\/wp\/v2\/pages"}],"about":[{"href":"https:\/\/www.intuitivsein.com\/index.php?rest_route=\/wp\/v2\/types\/page"}],"author":[{"embeddable":true,"href":"https:\/\/www.intuitivsein.com\/index.php?rest_route=\/wp\/v2\/users\/1"}],"replies":[{"embeddable":true,"href":"https:\/\/www.intuitivsein.com\/index.php?rest_route=%2Fwp%2Fv2%2Fcomments&post=468"}],"version-history":[{"count":23,"href":"https:\/\/www.intuitivsein.com\/index.php?rest_route=\/wp\/v2\/pages\/468\/revisions"}],"predecessor-version":[{"id":5122,"href":"https:\/\/www.intuitivsein.com\/index.php?rest_route=\/wp\/v2\/pages\/468\/revisions\/5122"}],"wp:attachment":[{"href":"https:\/\/www.intuitivsein.com\/index.php?rest_route=%2Fwp%2Fv2%2Fmedia&parent=468"}],"curies":[{"name":"wp","href":"https:\/\/api.w.org\/{rel}","templated":true}]}}