{"id":4779,"date":"2025-10-12T20:48:56","date_gmt":"2025-10-12T18:48:56","guid":{"rendered":"https:\/\/www.intuitivsein.com\/?page_id=4779"},"modified":"2026-04-27T13:35:47","modified_gmt":"2026-04-27T11:35:47","slug":"wandern-und-yoga-im-einklang","status":"publish","type":"page","link":"https:\/\/www.intuitivsein.com\/?page_id=4779","title":{"rendered":"Wandern und Yoga im Einklang"},"content":{"rendered":"\n<div style=\"height:51px\" aria-hidden=\"true\" class=\"wp-block-spacer\"><\/div>\n\n\n\n<figure class=\"wp-block-gallery has-nested-images columns-4 is-cropped wp-block-gallery-1 is-layout-flex wp-block-gallery-is-layout-flex\">\n<figure class=\"wp-block-image size-large\"><img loading=\"lazy\" decoding=\"async\" width=\"1024\" height=\"768\" data-id=\"4788\" src=\"http:\/\/www.intuitivsein.com\/wp-content\/uploads\/2025\/10\/IMG_20250511_114351-1024x768.jpg\" alt=\"\" class=\"wp-image-4788\" srcset=\"https:\/\/www.intuitivsein.com\/wp-content\/uploads\/2025\/10\/IMG_20250511_114351-1024x768.jpg 1024w, https:\/\/www.intuitivsein.com\/wp-content\/uploads\/2025\/10\/IMG_20250511_114351-300x225.jpg 300w, https:\/\/www.intuitivsein.com\/wp-content\/uploads\/2025\/10\/IMG_20250511_114351-768x576.jpg 768w, https:\/\/www.intuitivsein.com\/wp-content\/uploads\/2025\/10\/IMG_20250511_114351-1536x1152.jpg 1536w, https:\/\/www.intuitivsein.com\/wp-content\/uploads\/2025\/10\/IMG_20250511_114351-2048x1536.jpg 2048w, https:\/\/www.intuitivsein.com\/wp-content\/uploads\/2025\/10\/IMG_20250511_114351-1140x855.jpg 1140w\" sizes=\"auto, (max-width: 1024px) 100vw, 1024px\" \/><\/figure>\n\n\n\n<figure class=\"wp-block-image size-large\"><img loading=\"lazy\" decoding=\"async\" width=\"2560\" height=\"2560\" data-id=\"4833\" src=\"https:\/\/www.intuitivsein.com\/wp-content\/uploads\/2025\/10\/IMG_20250706_080736-1-edited-scaled.jpg\" alt=\"\" class=\"wp-image-4833\" srcset=\"https:\/\/www.intuitivsein.com\/wp-content\/uploads\/2025\/10\/IMG_20250706_080736-1-edited-scaled.jpg 2560w, https:\/\/www.intuitivsein.com\/wp-content\/uploads\/2025\/10\/IMG_20250706_080736-1-edited-300x300.jpg 300w, https:\/\/www.intuitivsein.com\/wp-content\/uploads\/2025\/10\/IMG_20250706_080736-1-edited-1024x1024.jpg 1024w, https:\/\/www.intuitivsein.com\/wp-content\/uploads\/2025\/10\/IMG_20250706_080736-1-edited-150x150.jpg 150w, https:\/\/www.intuitivsein.com\/wp-content\/uploads\/2025\/10\/IMG_20250706_080736-1-edited-768x768.jpg 768w, https:\/\/www.intuitivsein.com\/wp-content\/uploads\/2025\/10\/IMG_20250706_080736-1-edited-1536x1536.jpg 1536w, https:\/\/www.intuitivsein.com\/wp-content\/uploads\/2025\/10\/IMG_20250706_080736-1-edited-2048x2048.jpg 2048w, https:\/\/www.intuitivsein.com\/wp-content\/uploads\/2025\/10\/IMG_20250706_080736-1-edited-1140x1140.jpg 1140w, https:\/\/www.intuitivsein.com\/wp-content\/uploads\/2025\/10\/IMG_20250706_080736-1-edited-75x75.jpg 75w\" sizes=\"auto, (max-width: 2560px) 100vw, 2560px\" \/><\/figure>\n\n\n\n<figure class=\"wp-block-image size-full\"><img loading=\"lazy\" decoding=\"async\" width=\"1966\" height=\"1964\" data-id=\"4834\" src=\"http:\/\/www.intuitivsein.com\/wp-content\/uploads\/2025\/10\/Screenshot_20250815_141717_WhatsAppBusiness-edited.jpg\" alt=\"\" class=\"wp-image-4834\" srcset=\"https:\/\/www.intuitivsein.com\/wp-content\/uploads\/2025\/10\/Screenshot_20250815_141717_WhatsAppBusiness-edited.jpg 1966w, https:\/\/www.intuitivsein.com\/wp-content\/uploads\/2025\/10\/Screenshot_20250815_141717_WhatsAppBusiness-edited-300x300.jpg 300w, https:\/\/www.intuitivsein.com\/wp-content\/uploads\/2025\/10\/Screenshot_20250815_141717_WhatsAppBusiness-edited-1024x1024.jpg 1024w, https:\/\/www.intuitivsein.com\/wp-content\/uploads\/2025\/10\/Screenshot_20250815_141717_WhatsAppBusiness-edited-150x150.jpg 150w, https:\/\/www.intuitivsein.com\/wp-content\/uploads\/2025\/10\/Screenshot_20250815_141717_WhatsAppBusiness-edited-768x767.jpg 768w, https:\/\/www.intuitivsein.com\/wp-content\/uploads\/2025\/10\/Screenshot_20250815_141717_WhatsAppBusiness-edited-1536x1534.jpg 1536w, https:\/\/www.intuitivsein.com\/wp-content\/uploads\/2025\/10\/Screenshot_20250815_141717_WhatsAppBusiness-edited-1140x1139.jpg 1140w, https:\/\/www.intuitivsein.com\/wp-content\/uploads\/2025\/10\/Screenshot_20250815_141717_WhatsAppBusiness-edited-75x75.jpg 75w\" sizes=\"auto, (max-width: 1966px) 100vw, 1966px\" \/><\/figure>\n\n\n\n<figure class=\"wp-block-image size-large\"><img loading=\"lazy\" decoding=\"async\" width=\"1080\" height=\"1081\" data-id=\"4947\" src=\"https:\/\/www.intuitivsein.com\/wp-content\/uploads\/2025\/10\/FB_IMG_1683479137820-1-edited.jpg\" alt=\"\" class=\"wp-image-4947\" srcset=\"https:\/\/www.intuitivsein.com\/wp-content\/uploads\/2025\/10\/FB_IMG_1683479137820-1-edited.jpg 1080w, https:\/\/www.intuitivsein.com\/wp-content\/uploads\/2025\/10\/FB_IMG_1683479137820-1-edited-300x300.jpg 300w, https:\/\/www.intuitivsein.com\/wp-content\/uploads\/2025\/10\/FB_IMG_1683479137820-1-edited-1024x1024.jpg 1024w, https:\/\/www.intuitivsein.com\/wp-content\/uploads\/2025\/10\/FB_IMG_1683479137820-1-edited-150x150.jpg 150w, https:\/\/www.intuitivsein.com\/wp-content\/uploads\/2025\/10\/FB_IMG_1683479137820-1-edited-768x769.jpg 768w, https:\/\/www.intuitivsein.com\/wp-content\/uploads\/2025\/10\/FB_IMG_1683479137820-1-edited-75x75.jpg 75w\" sizes=\"auto, (max-width: 1080px) 100vw, 1080px\" \/><\/figure>\n<\/figure>\n\n\n\n<div style=\"height:31px\" aria-hidden=\"true\" class=\"wp-block-spacer\"><\/div>\n\n\n\n<div style=\"height:46px\" aria-hidden=\"true\" class=\"wp-block-spacer\"><\/div>\n\n\n\n<p><\/p>\n\n\n\n<p><\/p>\n\n\n\n<h4 class=\"wp-block-heading has-text-color\" style=\"color:#257575\"><strong>Neu!!! Wandern &#8211; Yoga &#8211; Selbstf\u00fcrsorge<\/strong><\/h4>\n\n\n\n<div style=\"height:15px\" aria-hidden=\"true\" class=\"wp-block-spacer\"><\/div>\n\n\n\n<p>Yoga am See. Wir sind unterwegs im Salzkammergut und genie\u00dfen das beeindruckende Panorama der Berge und Seen. Jeden Tag wandern wir zu einem anderen Gebirgssee. Im Rucksack die Yogamatte, die wir am See und an ausgew\u00e4hlten Kraftpl\u00e4tzen ausrollen und in die Yogapraxis eintauchen.<\/p>\n\n\n\n<p>Liebevoll und achtsam gestaltet und angeleitet von&nbsp;<a href=\"https:\/\/yoga-perchtoldsdorf.at\/\"><strong>Dagmar Kieweg<\/strong><\/a> mit ihrer langj\u00e4hrigen Erfahrung, getragen und intensiviert durch die heilsame Umgebung der inspirierenden Natur.<\/p>\n\n\n\n<p>Die Yogaeinheiten finden grunds\u00e4tzlich in der Natur statt. Sie werden je nach Wettersituation so in den Tagesablauf integriert, dass Wandern und Yoga sich stimmig erg\u00e4nzen.<\/p>\n\n\n\n<p>Bei Schlechtwetter werden wir auf alle F\u00e4lle wandern und Yoga alternativ im Trockenen anbieten.<\/p>\n\n\n\n<p><\/p>\n\n\n\n<p>Die Wege zu den Seen sind einfach zu begehen, mit moderaten H\u00f6henmetern sind sie gut zu bew\u00e4ltigen. Diese Tour eignet sich  f\u00fcr Frauen mit normaler Fitness, die Interesse an Yoga bzw. \u00fcber Grundkenntnisse verf\u00fcgen. <\/p>\n\n\n\n<h4 class=\"wp-block-heading has-text-color has-link-color wp-elements-bc28367fa3f8d41dbb36623fa850e5ae\" style=\"color:#257575\"><strong>Unser Angebot:<\/strong><\/h4>\n\n\n\n<p class=\"has-text-color has-link-color wp-elements-c2de694a67c2f27d1539af1ea9e53cda\" style=\"color:#257575\"><\/p>\n\n\n\n<ul class=\"wp-block-list\">\n<li>2 N\u00e4chte im Comfort-DZ zur Einzelnutzung im <strong>Laudach Inn<\/strong><\/li>\n\n\n\n<li>reichhaltiges Fr\u00fchst\u00fccksbuffet<\/li>\n\n\n\n<li>Lunchpaket an Tag 2 und 3<\/li>\n\n\n\n<li>Kaffee und selbstgemachter Kuchen ganzt\u00e4gig kostenfrei <\/li>\n\n\n\n<li>Willkommensgeschenk von uns<\/li>\n\n\n\n<li>tgl. Yogaeinheit und Yogapraxis<\/li>\n\n\n\n<li>Betreuung durch 2 Trainerinnen<\/li>\n\n\n\n<li>tgl. flexibles Shuttleservice nach unseren Bed\u00fcrfnissen<\/li>\n\n\n\n<li>Kleine Gruppe mit 6-8 Teilnehmerinnen<\/li>\n\n\n\n<li>ausgedehnte Recherche, Organisation und Begleitung der Tour<\/li>\n<\/ul>\n\n\n\n<p class=\"has-text-color has-link-color wp-elements-134889db350e1abf49553dc50adf7dfe\" style=\"color:#257575\"><strong><mark style=\"background-color:rgba(0, 0, 0, 0);color:#257575\" class=\"has-inline-color\">Kostenpauschale: <\/mark>675<\/strong> <strong><mark style=\"background-color:rgba(0, 0, 0, 0);color:#257575\" class=\"has-inline-color\">Euro <\/mark><\/strong><\/p>\n\n\n\n<p><strong>bei Doppelbelegung 625 Euro <\/strong> pro Person (Betten k\u00f6nnen getrennt gestellt werden)<\/p>\n\n\n\n<p>Auf Wunsch kannst du eine zus\u00e4tzliche Nacht von 10. &#8211; 11.09. buchen, falls du 1 Tag fr\u00fcher anreisen m\u00f6chtest. Kosten 115 Euro bzw. 90 Euro + 2,50 Tourismusabgabe.<\/p>\n\n\n\n<p><strong>Anmeldeschluss:  31. Juli 2026<\/strong><\/p>\n\n\n\n<div style=\"height:21px\" aria-hidden=\"true\" class=\"wp-block-spacer\"><\/div>\n\n\n\n<h4 class=\"wp-block-heading has-text-color\" style=\"color:#257575\"><strong>Programm\/Ablauf:<\/strong><\/h4>\n\n\n\n<p><font _mstmutation=\"1\" _msttexthash=\"507637\" _msthash=\"318\">Treffpunkt um 9:00 <\/font><font _mstmutation=\"1\" _msttexthash=\"9600747\" _msthash=\"319\">Uhr in der Unterkunft: Laudach Inn, 4655 Vorchdorf, M\u00fchlenstra\u00dfe 26. Kennenlernen, allgemeine Infos, Besprechung des Ablaufes und entspanntes Ankommen<\/font> <br><font _mstmutation=\"1\" _msttexthash=\"9344855\" _msthash=\"320\">Anschlie\u00dfend brechen wir auf zur ersten Tour. Die t\u00e4glichen Etappen liegen bei ca. 15 km.<\/font><br><font _mstmutation=\"1\" _msttexthash=\"30352647\" _msthash=\"321\">Mit einem gemeinsamen Abendessen lassen wir Tag 1 und 2 gem\u00fctlich ausklingen. Am 3. Tag beenden wir unsere gemeinsame Reise gegen 14:00.<\/font><\/p>\n\n\n\n<p><\/p>\n\n\n\n<p><strong>Yogamatten und Zubeh\u00f6r werden von uns zur Verf\u00fcgung gestellt.<\/strong><\/p>\n\n\n\n<p>Entsprechende Kleidung und Ausr\u00fcstung, Rucksack, Regenponcho, Trinkflasche, ev. Walkingst\u00f6cke, Blasenpflaster, Sonnenschutz, Sonnenbrille, Kopfbedeckung, etc. sind mitzubringen.<\/p>\n\n\n\n<div style=\"height:11px\" aria-hidden=\"true\" class=\"wp-block-spacer\"><\/div>\n\n\n\n<p>Als deine Begleitung haben wir die Wege ausreichend recherchiert, uns viele Gedanken \u00fcber Etappenziele und Ablauf der Tour gemacht. Gerne stehen wir dir mit Rat und Tat zur Seite und unterst\u00fctzen dich so gut wir k\u00f6nnen, damit die Tour ein sch\u00f6nes Erlebnis mit nachhaltiger Wirkung f\u00fcr dich wird.<\/p>\n\n\n\n<p class=\"has-text-color has-link-color wp-elements-0219b74f31817c8836672c34ee96be4f\" style=\"color:#257575\"><strong>Wir freuen uns auf gemeinsame inspirierende Tage!<\/strong><\/p>\n\n\n\n<p class=\"has-text-color has-link-color wp-elements-b48c302dad35dee3b7afb3ff55d803fd\" style=\"color:#257575\"><strong>Daniela und Dagmar<\/strong><\/p>\n\n\n\n<div style=\"height:51px\" aria-hidden=\"true\" class=\"wp-block-spacer\"><\/div>\n\n\n<div class=\"wp-block-image\">\n<figure class=\"aligncenter size-full is-resized\"><img loading=\"lazy\" decoding=\"async\" width=\"512\" height=\"512\" src=\"http:\/\/www.intuitivsein.com\/wp-content\/uploads\/2024\/04\/image.png\" alt=\"\" class=\"wp-image-3068\" style=\"aspect-ratio:1;object-fit:cover;width:50px\" srcset=\"https:\/\/www.intuitivsein.com\/wp-content\/uploads\/2024\/04\/image.png 512w, https:\/\/www.intuitivsein.com\/wp-content\/uploads\/2024\/04\/image-300x300.png 300w, https:\/\/www.intuitivsein.com\/wp-content\/uploads\/2024\/04\/image-150x150.png 150w, https:\/\/www.intuitivsein.com\/wp-content\/uploads\/2024\/04\/image-75x75.png 75w\" sizes=\"auto, (max-width: 512px) 100vw, 512px\" \/><\/figure>\n<\/div>\n\n\n<p><\/p>\n","protected":false},"excerpt":{"rendered":"<p>Neu!!! Wandern &#8211; Yoga &#8211; Selbstf\u00fcrsorge Yoga am See. Wir sind unterwegs im Salzkammergut und genie\u00dfen das beeindruckende Panorama der Berge und Seen. Jeden Tag wandern wir zu einem anderen Gebirgssee. Im Rucksack die Yogamatte, die wir am See und an ausgew\u00e4hlten Kraftpl\u00e4tzen ausrollen und in die Yogapraxis eintauchen. Liebevoll und achtsam gestaltet und angeleitet von&nbsp;Dagmar Kieweg mit ihrer langj\u00e4hrigen Erfahrung, getragen und intensiviert durch die heilsame Umgebung der inspirierenden Natur. Die Yogaeinheiten finden grunds\u00e4tzlich in der Natur statt. Sie werden je nach Wettersituation so in den Tagesablauf integriert, dass Wandern und Yoga sich stimmig erg\u00e4nzen. Bei Schlechtwetter werden wir auf alle F\u00e4lle wandern und Yoga alternativ im Trockenen anbieten. Die Wege zu den Seen sind einfach zu begehen, mit moderaten H\u00f6henmetern sind sie gut zu bew\u00e4ltigen. Diese Tour eignet sich f\u00fcr Frauen mit normaler Fitness, die Interesse an Yoga bzw. \u00fcber Grundkenntnisse verf\u00fcgen. Unser Angebot: Kostenpauschale: 675 Euro bei Doppelbelegung 625 Euro pro Person (Betten k\u00f6nnen getrennt gestellt werden) Auf Wunsch kannst du eine zus\u00e4tzliche Nacht von 10. &#8211; 11.09. buchen, falls du 1 Tag fr\u00fcher anreisen m\u00f6chtest. Kosten 115 Euro bzw. 90 Euro + 2,50 Tourismusabgabe. Anmeldeschluss: 31. Juli 2026 Programm\/Ablauf: Treffpunkt um 9:00 Uhr in der Unterkunft: Laudach Inn, 4655 Vorchdorf, M\u00fchlenstra\u00dfe 26. Kennenlernen, allgemeine Infos, Besprechung des Ablaufes und entspanntes Ankommen Anschlie\u00dfend brechen wir auf zur ersten Tour. Die t\u00e4glichen Etappen liegen bei ca. 15 km.Mit einem gemeinsamen Abendessen lassen wir Tag 1 und 2 gem\u00fctlich ausklingen. Am 3. Tag beenden wir unsere gemeinsame Reise gegen 14:00. Yogamatten und Zubeh\u00f6r werden von uns zur Verf\u00fcgung gestellt. Entsprechende Kleidung und Ausr\u00fcstung, Rucksack, Regenponcho, Trinkflasche, ev. Walkingst\u00f6cke, Blasenpflaster, Sonnenschutz, Sonnenbrille, Kopfbedeckung, etc. sind mitzubringen. Als deine Begleitung haben wir die Wege ausreichend recherchiert, uns viele Gedanken \u00fcber Etappenziele und Ablauf der Tour gemacht. Gerne stehen wir dir mit Rat und Tat zur Seite und unterst\u00fctzen dich so gut wir k\u00f6nnen, damit die Tour ein sch\u00f6nes Erlebnis mit nachhaltiger Wirkung f\u00fcr dich wird. Wir freuen uns auf gemeinsame inspirierende Tage! Daniela und Dagmar<\/p>\n","protected":false},"author":1,"featured_media":0,"parent":0,"menu_order":0,"comment_status":"closed","ping_status":"closed","template":"","meta":{"_mc_calendar":[],"footnotes":""},"class_list":["post-4779","page","type-page","status-publish","hentry"],"_links":{"self":[{"href":"https:\/\/www.intuitivsein.com\/index.php?rest_route=\/wp\/v2\/pages\/4779","targetHints":{"allow":["GET"]}}],"collection":[{"href":"https:\/\/www.intuitivsein.com\/index.php?rest_route=\/wp\/v2\/pages"}],"about":[{"href":"https:\/\/www.intuitivsein.com\/index.php?rest_route=\/wp\/v2\/types\/page"}],"author":[{"embeddable":true,"href":"https:\/\/www.intuitivsein.com\/index.php?rest_route=\/wp\/v2\/users\/1"}],"replies":[{"embeddable":true,"href":"https:\/\/www.intuitivsein.com\/index.php?rest_route=%2Fwp%2Fv2%2Fcomments&post=4779"}],"version-history":[{"count":34,"href":"https:\/\/www.intuitivsein.com\/index.php?rest_route=\/wp\/v2\/pages\/4779\/revisions"}],"predecessor-version":[{"id":5565,"href":"https:\/\/www.intuitivsein.com\/index.php?rest_route=\/wp\/v2\/pages\/4779\/revisions\/5565"}],"wp:attachment":[{"href":"https:\/\/www.intuitivsein.com\/index.php?rest_route=%2Fwp%2Fv2%2Fmedia&parent=4779"}],"curies":[{"name":"wp","href":"https:\/\/api.w.org\/{rel}","templated":true}]}}