{"id":5081,"date":"2025-12-30T21:30:01","date_gmt":"2025-12-30T20:30:01","guid":{"rendered":"https:\/\/www.intuitivsein.com\/?page_id=5081"},"modified":"2026-04-11T07:44:33","modified_gmt":"2026-04-11T05:44:33","slug":"mein-innerer-kompass-2","status":"publish","type":"page","link":"https:\/\/www.intuitivsein.com\/?page_id=5081","title":{"rendered":"Mein innerer Kompass"},"content":{"rendered":"\n<div style=\"height:49px\" aria-hidden=\"true\" class=\"wp-block-spacer\"><\/div>\n\n\n\n<p><\/p>\n\n\n\n<p><\/p>\n\n\n\n<h4 class=\"wp-block-heading has-text-color has-link-color wp-elements-87a1a52c213499cae03d5c6f1842039f\" style=\"color:#b48607\">Intuition als wertvoller Wegweiser und Ratgeber<\/h4>\n\n\n<div class=\"wp-block-image is-style-rounded\">\n<figure class=\"alignright size-large is-resized\"><img loading=\"lazy\" decoding=\"async\" width=\"1024\" height=\"787\" src=\"https:\/\/www.intuitivsein.com\/wp-content\/uploads\/2025\/12\/Screenshot_20251231_074619_Google-1024x787.jpg\" alt=\"\" class=\"wp-image-5100\" style=\"aspect-ratio:1;object-fit:cover;width:400px\" srcset=\"https:\/\/www.intuitivsein.com\/wp-content\/uploads\/2025\/12\/Screenshot_20251231_074619_Google-1024x787.jpg 1024w, https:\/\/www.intuitivsein.com\/wp-content\/uploads\/2025\/12\/Screenshot_20251231_074619_Google-300x231.jpg 300w, https:\/\/www.intuitivsein.com\/wp-content\/uploads\/2025\/12\/Screenshot_20251231_074619_Google-768x591.jpg 768w, https:\/\/www.intuitivsein.com\/wp-content\/uploads\/2025\/12\/Screenshot_20251231_074619_Google-1536x1181.jpg 1536w, https:\/\/www.intuitivsein.com\/wp-content\/uploads\/2025\/12\/Screenshot_20251231_074619_Google-2048x1575.jpg 2048w, https:\/\/www.intuitivsein.com\/wp-content\/uploads\/2025\/12\/Screenshot_20251231_074619_Google-1140x877.jpg 1140w\" sizes=\"auto, (max-width: 1024px) 100vw, 1024px\" \/><\/figure>\n<\/div>\n\n\n<p>Unsere Intuition ist ein wertvolles Instrument, das unser Leben sehr erleichtern kann. Sie ist eine wertvolle Unterst\u00fctzung zur Selbsterkenntnis, zur Orientierung oder bei Entscheidungsfindungen. <\/p>\n\n\n\n<p><\/p>\n\n\n\n<p>Besonders in schwierigen Situationen, weist sie uns die Richtung, die im Einklang mit unseren pers\u00f6nlichen Werten und Bed\u00fcrfnissen steht, w\u00e4hrend unser Verstand sich im Kreis dreht und keine L\u00f6sung findet. Aber auch bei den kleinen Dingen im Alltag kann sie uns eine wertvolle Unterst\u00fctzung sein, indem sie uns entspannter und stressfreier agieren l\u00e4sst.<\/p>\n\n\n\n<p>Wir erfahren sie u.a. durch eine innere Stimme und innere Bilder, als Quelle einer h\u00f6chsten Intelligenz. Sie zeichnet sich durch ruhige, klare Gewissheit aus, sie &#8222;wei\u00df&#8220; einfach. Wer lernt seinem inneren Kompass zu vertrauen, navigiert nicht nur sicherer durch das Leben, sondern bleibt auch sich selbst dabei treu.<\/p>\n\n\n\n<p>St\u00e4rke in diesem Workshop deine Intuition, lerne ihr zu vertrauen, sie zu nutzen und ihre Botschaften zu verstehen. Durch viele praktische \u00dcbungen aus dem Bereich des <strong>&#8222;Mental-, Intuitions- und Bewusstseinstrainings&#8220; <\/strong>wirst du sie leicht in deinen Alltag integrieren k\u00f6nnen. Deine innere Stimme wird eine wertvolle und bereichernde Instanz in deiner Lebensf\u00fchrung.<\/p>\n\n\n\n<div style=\"height:49px\" aria-hidden=\"true\" class=\"wp-block-spacer\"><\/div>\n\n\n\n<p><strong>Workshop\/Termine:<\/strong><\/p>\n\n\n\n<h6 class=\"wp-block-heading\"><strong>Intuition und Selbstvertrauen:<\/strong> <strong>Fr 25.09.2026, 16:00-20:00<\/strong><\/h6>\n\n\n\n<h6 class=\"wp-block-heading\"><strong>Intuition und Selbstbewusstsein<\/strong>: <strong>Fr 30.10.2026, 16:00-20:00<\/strong><\/h6>\n\n\n\n<h6 class=\"wp-block-heading\"><strong>Intuition und Selbstakzeptanz:<\/strong><strong> Fr 11.12.2026, 16:00-202:00<\/strong><\/h6>\n\n\n\n<p>Die Workshops k\u00f6nnen unabh\u00e4ngig voneinander besucht werden. Ab dem 3. Workshop erh\u00e4ltst du einen Rabatt (gilt auch f\u00fcr Wiederholer )<\/p>\n\n\n\n<div style=\"height:32px\" aria-hidden=\"true\" class=\"wp-block-spacer\"><\/div>\n\n\n\n<p><strong>Ort:<\/strong> 2552 Hirtenberg, Berndorferstr. 1 \/ Bezirk Baden<\/p>\n\n\n\n<p><strong>Kosten<\/strong>: 100 Euro, inkl. Unterlagen und \u00dcbungen, Getr\u00e4nke und Snacks<\/p>\n\n\n\n<p>Maximale Teilnehmeranzahl: 8 Personen<\/p>\n\n\n\n<div style=\"height:49px\" aria-hidden=\"true\" class=\"wp-block-spacer\"><\/div>\n\n\n\n<p><\/p>\n\n\n<div class=\"wp-block-image\">\n<figure class=\"aligncenter size-full is-resized\"><img loading=\"lazy\" decoding=\"async\" width=\"512\" height=\"512\" src=\"http:\/\/www.intuitivsein.com\/wp-content\/uploads\/2024\/04\/image.png\" alt=\"\" class=\"wp-image-3068\" style=\"object-fit:cover;width:50px;height:50px\" srcset=\"https:\/\/www.intuitivsein.com\/wp-content\/uploads\/2024\/04\/image.png 512w, https:\/\/www.intuitivsein.com\/wp-content\/uploads\/2024\/04\/image-300x300.png 300w, https:\/\/www.intuitivsein.com\/wp-content\/uploads\/2024\/04\/image-150x150.png 150w, https:\/\/www.intuitivsein.com\/wp-content\/uploads\/2024\/04\/image-75x75.png 75w\" sizes=\"auto, (max-width: 512px) 100vw, 512px\" \/><\/figure>\n<\/div>\n\n\n<div style=\"height:96px\" aria-hidden=\"true\" class=\"wp-block-spacer\"><\/div>\n\n\n\n<p><\/p>\n","protected":false},"excerpt":{"rendered":"<p>Intuition als wertvoller Wegweiser und Ratgeber Unsere Intuition ist ein wertvolles Instrument, das unser Leben sehr erleichtern kann. Sie ist eine wertvolle Unterst\u00fctzung zur Selbsterkenntnis, zur Orientierung oder bei Entscheidungsfindungen. Besonders in schwierigen Situationen, weist sie uns die Richtung, die im Einklang mit unseren pers\u00f6nlichen Werten und Bed\u00fcrfnissen steht, w\u00e4hrend unser Verstand sich im Kreis dreht und keine L\u00f6sung findet. Aber auch bei den kleinen Dingen im Alltag kann sie uns eine wertvolle Unterst\u00fctzung sein, indem sie uns entspannter und stressfreier agieren l\u00e4sst. Wir erfahren sie u.a. durch eine innere Stimme und innere Bilder, als Quelle einer h\u00f6chsten Intelligenz. Sie zeichnet sich durch ruhige, klare Gewissheit aus, sie &#8222;wei\u00df&#8220; einfach. Wer lernt seinem inneren Kompass zu vertrauen, navigiert nicht nur sicherer durch das Leben, sondern bleibt auch sich selbst dabei treu. St\u00e4rke in diesem Workshop deine Intuition, lerne ihr zu vertrauen, sie zu nutzen und ihre Botschaften zu verstehen. Durch viele praktische \u00dcbungen aus dem Bereich des &#8222;Mental-, Intuitions- und Bewusstseinstrainings&#8220; wirst du sie leicht in deinen Alltag integrieren k\u00f6nnen. Deine innere Stimme wird eine wertvolle und bereichernde Instanz in deiner Lebensf\u00fchrung. Workshop\/Termine: Intuition und Selbstvertrauen: Fr 25.09.2026, 16:00-20:00 Intuition und Selbstbewusstsein: Fr 30.10.2026, 16:00-20:00 Intuition und Selbstakzeptanz: Fr 11.12.2026, 16:00-202:00 Die Workshops k\u00f6nnen unabh\u00e4ngig voneinander besucht werden. Ab dem 3. Workshop erh\u00e4ltst du einen Rabatt (gilt auch f\u00fcr Wiederholer ) Ort: 2552 Hirtenberg, Berndorferstr. 1 \/ Bezirk Baden Kosten: 100 Euro, inkl. Unterlagen und \u00dcbungen, Getr\u00e4nke und Snacks Maximale Teilnehmeranzahl: 8 Personen<\/p>\n","protected":false},"author":1,"featured_media":0,"parent":0,"menu_order":0,"comment_status":"closed","ping_status":"closed","template":"","meta":{"_mc_calendar":[],"footnotes":""},"class_list":["post-5081","page","type-page","status-publish","hentry"],"_links":{"self":[{"href":"https:\/\/www.intuitivsein.com\/index.php?rest_route=\/wp\/v2\/pages\/5081","targetHints":{"allow":["GET"]}}],"collection":[{"href":"https:\/\/www.intuitivsein.com\/index.php?rest_route=\/wp\/v2\/pages"}],"about":[{"href":"https:\/\/www.intuitivsein.com\/index.php?rest_route=\/wp\/v2\/types\/page"}],"author":[{"embeddable":true,"href":"https:\/\/www.intuitivsein.com\/index.php?rest_route=\/wp\/v2\/users\/1"}],"replies":[{"embeddable":true,"href":"https:\/\/www.intuitivsein.com\/index.php?rest_route=%2Fwp%2Fv2%2Fcomments&post=5081"}],"version-history":[{"count":36,"href":"https:\/\/www.intuitivsein.com\/index.php?rest_route=\/wp\/v2\/pages\/5081\/revisions"}],"predecessor-version":[{"id":5556,"href":"https:\/\/www.intuitivsein.com\/index.php?rest_route=\/wp\/v2\/pages\/5081\/revisions\/5556"}],"wp:attachment":[{"href":"https:\/\/www.intuitivsein.com\/index.php?rest_route=%2Fwp%2Fv2%2Fmedia&parent=5081"}],"curies":[{"name":"wp","href":"https:\/\/api.w.org\/{rel}","templated":true}]}}