{"id":5247,"date":"2026-02-03T12:59:12","date_gmt":"2026-02-03T11:59:12","guid":{"rendered":"https:\/\/www.intuitivsein.com\/?page_id=5247"},"modified":"2026-04-03T14:37:58","modified_gmt":"2026-04-03T12:37:58","slug":"lehrgang","status":"publish","type":"page","link":"https:\/\/www.intuitivsein.com\/?page_id=5247","title":{"rendered":"Lehrgang 2"},"content":{"rendered":"\n<h3 class=\"wp-block-heading has-text-align-center has-text-color has-link-color wp-elements-1ec78ee7f1c541a40457ffc4b655abae\" style=\"color:#b48607\">Energetische Aufstellungsarbeit und Coaching mit Lebenskr\u00e4ften<\/h3>\n\n\n\n<div style=\"height:49px\" aria-hidden=\"true\" class=\"wp-block-spacer\"><\/div>\n\n\n<div class=\"wp-block-image is-style-rounded\">\n<figure class=\"alignright size-large is-resized\"><img loading=\"lazy\" decoding=\"async\" width=\"808\" height=\"1024\" src=\"http:\/\/www.intuitivsein.com\/wp-content\/uploads\/2026\/02\/Screenshot_20251105_092309_WhatsAppBusiness-808x1024.jpg\" alt=\"\" class=\"wp-image-5278\" style=\"aspect-ratio:1;object-fit:cover;width:400px\" srcset=\"https:\/\/www.intuitivsein.com\/wp-content\/uploads\/2026\/02\/Screenshot_20251105_092309_WhatsAppBusiness-808x1024.jpg 808w, https:\/\/www.intuitivsein.com\/wp-content\/uploads\/2026\/02\/Screenshot_20251105_092309_WhatsAppBusiness-237x300.jpg 237w, https:\/\/www.intuitivsein.com\/wp-content\/uploads\/2026\/02\/Screenshot_20251105_092309_WhatsAppBusiness-768x973.jpg 768w, https:\/\/www.intuitivsein.com\/wp-content\/uploads\/2026\/02\/Screenshot_20251105_092309_WhatsAppBusiness.jpg 1080w\" sizes=\"auto, (max-width: 808px) 100vw, 808px\" \/><\/figure>\n<\/div>\n\n\n<p><\/p>\n\n\n\n<p><\/p>\n\n\n\n<p>Das Lebenskr\u00e4fte-Modell spiegelt die menschliche Natur und ihre Kr\u00e4fte wider.<\/p>\n\n\n\n<p>In den Aufstellungen und Coaching-Prozessen hilft seine Symbolik dabei, verborgene Zusammenh\u00e4nge und Dynamiken sichtbar zu machen. Es er\u00f6ffnet sich ein Feld, in dem ein Entwicklungsprozess entstehen kann \u2013 hin zu mehr innerer Klarheit, Tiefe und neuer Ausrichtung.&nbsp;<\/p>\n\n\n\n<p>So k\u00f6nnen sich Themen, Symptome und Blockaden allm\u00e4hlich l\u00f6sen. Der ontologische Ansatz und die achtsame Pr\u00e4senz meiner Methode lassen den notwendigen Raum, der f\u00fcr das aktuelle Anliegen erforderlich ist. Durch die Integration medialer Informationen und Botschaften, gewinnt der Klient wesentliche Erkenntnisse und tiefe Heilung kann geschehen.<\/p>\n\n\n\n<p>Das Lebenskr\u00e4fte-Modell mit seiner Vielfalt an Anwendungsm\u00f6glichkeiten und die Grundlagen der Systemischen Aufstellungsarbeit, werden in dieser Ausbildung u.a. sehr praxisorientiert vermittelt.<\/p>\n\n\n\n<p>Der Lehrgang wird in&nbsp;<strong>6 Modulen<\/strong>&nbsp;angeboten, die jeweils<\/p>\n\n\n\n<p><strong>Freitag von 14:00 \u2013 19:00 und Samstag von 9:00 \u2013 18:00 in Hirtenberg oder Perchtoldsdorf stattfinden.<\/strong> <\/p>\n\n\n\n<p><strong>Leitung:&nbsp;<\/strong>Der Lehrgang wird von mir und Dagmar Kieweg geleitet. So bist du bestens betreut und unterst\u00fctzt w\u00e4hrend der Dauer der Ausbildung.<\/p>\n\n\n\n<p><strong>Dauer: Oktober 2026 bis Juni 2027.<\/strong><\/p>\n\n\n\n<p>Termine 2026:<\/p>\n\n\n\n<ul class=\"wp-block-list\">\n<li>23.+24.10.2026<\/li>\n\n\n\n<li>20.+21.11.2026<\/li>\n<\/ul>\n\n\n\n<p>Termine 2027 folgen.<\/p>\n\n\n\n<p><strong>Bei Interesse am Lehrgang 26\/27 melde dich gerne bei mir. Du erh\u00e4ltst dann genaue Informationen<\/strong>. Solltest du bereits den Cranio-Lehrgang bei uns besucht haben, bieten wir dir einen erm\u00e4\u00dfigten Preis.<\/p>\n\n\n\n<p><strong>Info-Abend am Do 27. August 2026 von 18:00 \u2013 20:00.<\/strong>&nbsp;<strong>Wir ersuchen um Anmeldung.<\/strong><\/p>\n\n\n\n<div style=\"height:60px\" aria-hidden=\"true\" class=\"wp-block-spacer\"><\/div>\n\n\n<div class=\"wp-block-image\">\n<figure class=\"aligncenter size-full is-resized\"><img loading=\"lazy\" decoding=\"async\" width=\"512\" height=\"512\" src=\"http:\/\/www.intuitivsein.com\/wp-content\/uploads\/2024\/04\/image.png\" alt=\"\" class=\"wp-image-3068\" style=\"object-fit:cover;width:50px;height:50px\" srcset=\"https:\/\/www.intuitivsein.com\/wp-content\/uploads\/2024\/04\/image.png 512w, https:\/\/www.intuitivsein.com\/wp-content\/uploads\/2024\/04\/image-300x300.png 300w, https:\/\/www.intuitivsein.com\/wp-content\/uploads\/2024\/04\/image-150x150.png 150w, https:\/\/www.intuitivsein.com\/wp-content\/uploads\/2024\/04\/image-75x75.png 75w\" sizes=\"auto, (max-width: 512px) 100vw, 512px\" \/><\/figure>\n<\/div>\n\n\n<p><\/p>\n","protected":false},"excerpt":{"rendered":"<p>Energetische Aufstellungsarbeit und Coaching mit Lebenskr\u00e4ften Das Lebenskr\u00e4fte-Modell spiegelt die menschliche Natur und ihre Kr\u00e4fte wider. In den Aufstellungen und Coaching-Prozessen hilft seine Symbolik dabei, verborgene Zusammenh\u00e4nge und Dynamiken sichtbar zu machen. Es er\u00f6ffnet sich ein Feld, in dem ein Entwicklungsprozess entstehen kann \u2013 hin zu mehr innerer Klarheit, Tiefe und neuer Ausrichtung.&nbsp; So k\u00f6nnen sich Themen, Symptome und Blockaden allm\u00e4hlich l\u00f6sen. Der ontologische Ansatz und die achtsame Pr\u00e4senz meiner Methode lassen den notwendigen Raum, der f\u00fcr das aktuelle Anliegen erforderlich ist. Durch die Integration medialer Informationen und Botschaften, gewinnt der Klient wesentliche Erkenntnisse und tiefe Heilung kann geschehen. Das Lebenskr\u00e4fte-Modell mit seiner Vielfalt an Anwendungsm\u00f6glichkeiten und die Grundlagen der Systemischen Aufstellungsarbeit, werden in dieser Ausbildung u.a. sehr praxisorientiert vermittelt. Der Lehrgang wird in&nbsp;6 Modulen&nbsp;angeboten, die jeweils Freitag von 14:00 \u2013 19:00 und Samstag von 9:00 \u2013 18:00 in Hirtenberg oder Perchtoldsdorf stattfinden. Leitung:&nbsp;Der Lehrgang wird von mir und Dagmar Kieweg geleitet. So bist du bestens betreut und unterst\u00fctzt w\u00e4hrend der Dauer der Ausbildung. Dauer: Oktober 2026 bis Juni 2027. Termine 2026: Termine 2027 folgen. Bei Interesse am Lehrgang 26\/27 melde dich gerne bei mir. Du erh\u00e4ltst dann genaue Informationen. Solltest du bereits den Cranio-Lehrgang bei uns besucht haben, bieten wir dir einen erm\u00e4\u00dfigten Preis. Info-Abend am Do 27. August 2026 von 18:00 \u2013 20:00.&nbsp;Wir ersuchen um Anmeldung.<\/p>\n","protected":false},"author":1,"featured_media":0,"parent":0,"menu_order":0,"comment_status":"closed","ping_status":"closed","template":"","meta":{"_mc_calendar":[],"footnotes":""},"class_list":["post-5247","page","type-page","status-publish","hentry"],"_links":{"self":[{"href":"https:\/\/www.intuitivsein.com\/index.php?rest_route=\/wp\/v2\/pages\/5247","targetHints":{"allow":["GET"]}}],"collection":[{"href":"https:\/\/www.intuitivsein.com\/index.php?rest_route=\/wp\/v2\/pages"}],"about":[{"href":"https:\/\/www.intuitivsein.com\/index.php?rest_route=\/wp\/v2\/types\/page"}],"author":[{"embeddable":true,"href":"https:\/\/www.intuitivsein.com\/index.php?rest_route=\/wp\/v2\/users\/1"}],"replies":[{"embeddable":true,"href":"https:\/\/www.intuitivsein.com\/index.php?rest_route=%2Fwp%2Fv2%2Fcomments&post=5247"}],"version-history":[{"count":25,"href":"https:\/\/www.intuitivsein.com\/index.php?rest_route=\/wp\/v2\/pages\/5247\/revisions"}],"predecessor-version":[{"id":5461,"href":"https:\/\/www.intuitivsein.com\/index.php?rest_route=\/wp\/v2\/pages\/5247\/revisions\/5461"}],"wp:attachment":[{"href":"https:\/\/www.intuitivsein.com\/index.php?rest_route=%2Fwp%2Fv2%2Fmedia&parent=5247"}],"curies":[{"name":"wp","href":"https:\/\/api.w.org\/{rel}","templated":true}]}}