{"id":5320,"date":"2026-02-24T18:56:26","date_gmt":"2026-02-24T17:56:26","guid":{"rendered":"https:\/\/www.intuitivsein.com\/?page_id=5320"},"modified":"2026-04-03T14:37:28","modified_gmt":"2026-04-03T12:37:28","slug":"lehrgang-1","status":"publish","type":"page","link":"https:\/\/www.intuitivsein.com\/?page_id=5320","title":{"rendered":"Lehrgang 1"},"content":{"rendered":"\n<h3 class=\"wp-block-heading has-text-align-center has-text-color has-link-color wp-elements-9716dd74e9c53bc4e04757e39e2360dc\" style=\"color:#b48607\">Cranio Sacrale K\u00f6rperarbeit mit medialer Begleitung<\/h3>\n\n\n\n<div style=\"height:50px\" aria-hidden=\"true\" class=\"wp-block-spacer\"><\/div>\n\n\n<div class=\"wp-block-image is-style-rounded\">\n<figure class=\"alignright size-full is-resized\"><img loading=\"lazy\" decoding=\"async\" width=\"2560\" height=\"1920\" src=\"https:\/\/www.intuitivsein.com\/wp-content\/uploads\/2025\/06\/IMG_20250426_113637-scaled.jpg\" alt=\"\" class=\"wp-image-4268\" style=\"aspect-ratio:1;object-fit:cover;width:400px\" srcset=\"https:\/\/www.intuitivsein.com\/wp-content\/uploads\/2025\/06\/IMG_20250426_113637-scaled.jpg 2560w, https:\/\/www.intuitivsein.com\/wp-content\/uploads\/2025\/06\/IMG_20250426_113637-300x225.jpg 300w, https:\/\/www.intuitivsein.com\/wp-content\/uploads\/2025\/06\/IMG_20250426_113637-1024x768.jpg 1024w, https:\/\/www.intuitivsein.com\/wp-content\/uploads\/2025\/06\/IMG_20250426_113637-768x576.jpg 768w, https:\/\/www.intuitivsein.com\/wp-content\/uploads\/2025\/06\/IMG_20250426_113637-1536x1152.jpg 1536w, https:\/\/www.intuitivsein.com\/wp-content\/uploads\/2025\/06\/IMG_20250426_113637-2048x1536.jpg 2048w, https:\/\/www.intuitivsein.com\/wp-content\/uploads\/2025\/06\/IMG_20250426_113637-1140x855.jpg 1140w\" sizes=\"auto, (max-width: 2560px) 100vw, 2560px\" \/><\/figure>\n<\/div>\n\n\n<p><\/p>\n\n\n\n<p>Die Cranio Sacrale K\u00f6rperarbeit ist eine sanfte, nicht manipulative Form der Ber\u00fchrung. Gearbeitet wird vorwiegend am Kopf und an der Wirbels\u00e4ule. Diese Technik hilft K\u00f6rper, Geist und Seele in Einklang zu gelangen. Dadurch wird ein tiefer Entspannungszustand erreicht, wodurch Regeneration und Ausgleich auf allen Ebenen stattfinden kann. Der ontologische Ansatz und die achtsame Pr\u00e4senz meiner Methode lassen den notwendigen Raum, der f\u00fcr das aktuelle Anliegen erforderlich ist. Durch die Integration medialer Informationen und Botschaften w\u00e4hrend der Sitzung gewinnt der Klient wesentliche Erkenntnisse und tiefe Heilung kann geschehen.<\/p>\n\n\n\n<p>Der Lehrgang wird in&nbsp;<strong>9 Modulen<\/strong>&nbsp;angeboten, die jeweils<\/p>\n\n\n\n<p><strong>Freitag von 14:00 \u2013 19:00 und Samstag von 9:00 \u2013 18:00 in 2552 Hirtenberg stattfinden.<\/strong><\/p>\n\n\n\n<p><strong>Leitung:<\/strong>&nbsp;Der Lehrgang wird von mir und Dagmar Kieweg geleitet. So bist du bestens betreut und unterst\u00fctzt w\u00e4hrend der Dauer der Ausbildung.<\/p>\n\n\n\n<p><strong>Dauer: Oktober 2026 bis Juni 2027.<\/strong><\/p>\n\n\n\n<p><strong>Termine 2026:<\/strong><\/p>\n\n\n\n<p>2.+3.10.2026<\/p>\n\n\n\n<p>13.+14.11.2026<\/p>\n\n\n\n<p>4.+5.12.2026<\/p>\n\n\n\n<p>Termine 2027 folgen.<\/p>\n\n\n\n<p id=\"block-22423af5-cff1-45ee-be46-71583956c3e1\"><\/p>\n\n\n\n<p><strong>Bei Interesse f\u00fcr den Lehrgang 26\/27 melde dich gerne bei mir. Du erh\u00e4ltst dann genaue Informationen.<\/strong><\/p>\n\n\n\n<p><strong>Info-Abend am Dienstag, 30. Juni 2026 von 18:00 \u2013 20:00 Uhr<\/strong>. <strong>Wir ersuchen um Anmeldung.<\/strong><\/p>\n\n\n\n<p><\/p>\n\n\n\n<div style=\"height:56px\" aria-hidden=\"true\" class=\"wp-block-spacer\"><\/div>\n\n\n<div class=\"wp-block-image\">\n<figure class=\"aligncenter size-full is-resized\"><img loading=\"lazy\" decoding=\"async\" width=\"512\" height=\"512\" src=\"http:\/\/www.intuitivsein.com\/wp-content\/uploads\/2024\/04\/image.png\" alt=\"\" class=\"wp-image-3068\" style=\"object-fit:cover;width:50px;height:50px\" srcset=\"https:\/\/www.intuitivsein.com\/wp-content\/uploads\/2024\/04\/image.png 512w, https:\/\/www.intuitivsein.com\/wp-content\/uploads\/2024\/04\/image-300x300.png 300w, https:\/\/www.intuitivsein.com\/wp-content\/uploads\/2024\/04\/image-150x150.png 150w, https:\/\/www.intuitivsein.com\/wp-content\/uploads\/2024\/04\/image-75x75.png 75w\" sizes=\"auto, (max-width: 512px) 100vw, 512px\" \/><\/figure>\n<\/div>\n\n\n<p><\/p>\n","protected":false},"excerpt":{"rendered":"<p>Cranio Sacrale K\u00f6rperarbeit mit medialer Begleitung Die Cranio Sacrale K\u00f6rperarbeit ist eine sanfte, nicht manipulative Form der Ber\u00fchrung. Gearbeitet wird vorwiegend am Kopf und an der Wirbels\u00e4ule. Diese Technik hilft K\u00f6rper, Geist und Seele in Einklang zu gelangen. Dadurch wird ein tiefer Entspannungszustand erreicht, wodurch Regeneration und Ausgleich auf allen Ebenen stattfinden kann. Der ontologische Ansatz und die achtsame Pr\u00e4senz meiner Methode lassen den notwendigen Raum, der f\u00fcr das aktuelle Anliegen erforderlich ist. Durch die Integration medialer Informationen und Botschaften w\u00e4hrend der Sitzung gewinnt der Klient wesentliche Erkenntnisse und tiefe Heilung kann geschehen. Der Lehrgang wird in&nbsp;9 Modulen&nbsp;angeboten, die jeweils Freitag von 14:00 \u2013 19:00 und Samstag von 9:00 \u2013 18:00 in 2552 Hirtenberg stattfinden. Leitung:&nbsp;Der Lehrgang wird von mir und Dagmar Kieweg geleitet. So bist du bestens betreut und unterst\u00fctzt w\u00e4hrend der Dauer der Ausbildung. Dauer: Oktober 2026 bis Juni 2027. Termine 2026: 2.+3.10.2026 13.+14.11.2026 4.+5.12.2026 Termine 2027 folgen. Bei Interesse f\u00fcr den Lehrgang 26\/27 melde dich gerne bei mir. Du erh\u00e4ltst dann genaue Informationen. Info-Abend am Dienstag, 30. Juni 2026 von 18:00 \u2013 20:00 Uhr. Wir ersuchen um Anmeldung.<\/p>\n","protected":false},"author":1,"featured_media":0,"parent":0,"menu_order":0,"comment_status":"closed","ping_status":"closed","template":"","meta":{"_mc_calendar":[],"footnotes":""},"class_list":["post-5320","page","type-page","status-publish","hentry"],"_links":{"self":[{"href":"https:\/\/www.intuitivsein.com\/index.php?rest_route=\/wp\/v2\/pages\/5320","targetHints":{"allow":["GET"]}}],"collection":[{"href":"https:\/\/www.intuitivsein.com\/index.php?rest_route=\/wp\/v2\/pages"}],"about":[{"href":"https:\/\/www.intuitivsein.com\/index.php?rest_route=\/wp\/v2\/types\/page"}],"author":[{"embeddable":true,"href":"https:\/\/www.intuitivsein.com\/index.php?rest_route=\/wp\/v2\/users\/1"}],"replies":[{"embeddable":true,"href":"https:\/\/www.intuitivsein.com\/index.php?rest_route=%2Fwp%2Fv2%2Fcomments&post=5320"}],"version-history":[{"count":16,"href":"https:\/\/www.intuitivsein.com\/index.php?rest_route=\/wp\/v2\/pages\/5320\/revisions"}],"predecessor-version":[{"id":5554,"href":"https:\/\/www.intuitivsein.com\/index.php?rest_route=\/wp\/v2\/pages\/5320\/revisions\/5554"}],"wp:attachment":[{"href":"https:\/\/www.intuitivsein.com\/index.php?rest_route=%2Fwp%2Fv2%2Fmedia&parent=5320"}],"curies":[{"name":"wp","href":"https:\/\/api.w.org\/{rel}","templated":true}]}}