{"id":5394,"date":"2026-03-24T11:13:25","date_gmt":"2026-03-24T10:13:25","guid":{"rendered":"https:\/\/www.intuitivsein.com\/?page_id=5394"},"modified":"2026-03-26T20:22:38","modified_gmt":"2026-03-26T19:22:38","slug":"medialitaet-und-intuition","status":"publish","type":"page","link":"https:\/\/www.intuitivsein.com\/?page_id=5394","title":{"rendered":"Medialit\u00e4t und Intuition"},"content":{"rendered":"\n<p><\/p>\n\n\n\n<p class=\"has-text-align-left\"><strong>Seminar: Sa, 11. Juli 2026: 10:00 &#8211; 17:00<\/strong><\/p>\n\n\n\n<h4 class=\"wp-block-heading has-text-align-left has-text-color has-link-color wp-elements-cad8747fb02f9d5cd9373e6e8fa9b53f\" style=\"color:#b48602\"><strong>Hellsinne und Sensitivit\u00e4t<\/strong><\/h4>\n\n\n<div class=\"wp-block-image is-style-rounded\">\n<figure class=\"alignright size-large is-resized\"><img loading=\"lazy\" decoding=\"async\" width=\"1024\" height=\"1024\" src=\"http:\/\/www.intuitivsein.com\/wp-content\/uploads\/2026\/03\/inspirierte-Kraft-14x14-1-1024x1024.jpg\" alt=\"\" class=\"wp-image-5396\" style=\"aspect-ratio:1;object-fit:cover;width:400px\" srcset=\"https:\/\/www.intuitivsein.com\/wp-content\/uploads\/2026\/03\/inspirierte-Kraft-14x14-1-1024x1024.jpg 1024w, https:\/\/www.intuitivsein.com\/wp-content\/uploads\/2026\/03\/inspirierte-Kraft-14x14-1-300x300.jpg 300w, https:\/\/www.intuitivsein.com\/wp-content\/uploads\/2026\/03\/inspirierte-Kraft-14x14-1-150x150.jpg 150w, https:\/\/www.intuitivsein.com\/wp-content\/uploads\/2026\/03\/inspirierte-Kraft-14x14-1-768x768.jpg 768w, https:\/\/www.intuitivsein.com\/wp-content\/uploads\/2026\/03\/inspirierte-Kraft-14x14-1-1536x1536.jpg 1536w, https:\/\/www.intuitivsein.com\/wp-content\/uploads\/2026\/03\/inspirierte-Kraft-14x14-1-1140x1140.jpg 1140w, https:\/\/www.intuitivsein.com\/wp-content\/uploads\/2026\/03\/inspirierte-Kraft-14x14-1-75x75.jpg 75w, https:\/\/www.intuitivsein.com\/wp-content\/uploads\/2026\/03\/inspirierte-Kraft-14x14-1.jpg 1654w\" sizes=\"auto, (max-width: 1024px) 100vw, 1024px\" \/><\/figure>\n<\/div>\n\n\n<p><\/p>\n\n\n\n<p>Unsere Intuition ist ein wertvolle Instanz. Wir erfahren sie durch eine innere Stimme, innere Bilder, als Quelle einer h\u00f6chsten Intelligenz. Sie zeichnet sich durch ruhige, klare Gewissheit aus, sie \u201ewei\u00df\u201c einfach. Sie entspricht unseren Hellsinnen, die als Kanal zur Kommunikation mit der Geistigen Welt dienen.<\/p>\n\n\n\n<p><\/p>\n\n\n\n<p>Sich selbst ehrlich wahr zu nehmen, in die Tiefe seiner Gef\u00fchle einzutauchen, seine eigene Identit\u00e4t zu ergr\u00fcnden, ist eine wichtige und wertvolle Basis f\u00fcr sensitive und mediale Arbeit. Selbsterkenntnis f\u00fchrt  zu Selbstvertrauen.<\/p>\n\n\n\n<p>Dieses praxisorientierte Seminar st\u00e4rkt deine Intuition, du lernst ihr zu vertrauen, sie zu nutzen und ihre Botschaften zu verstehen. <\/p>\n\n\n\n<p><\/p>\n\n\n\n<p><strong>Ort:<\/strong>&nbsp;2552 Hirtenberg, Berndorferstr. 1\/22\/2, N\u00d6, Bezirk Baden<\/p>\n\n\n\n<p><strong>Kosten<\/strong>: 154 Euro, inkl. Unterlagen und \u00dcbungen, Getr\u00e4nke und Snacks <\/p>\n\n\n\n<p>Maximale Teilnehmeranzahl: 8 Personen<\/p>\n\n\n\n<p><\/p>\n\n\n\n<div style=\"height:26px\" aria-hidden=\"true\" class=\"wp-block-spacer\"><\/div>\n\n\n<div class=\"wp-block-image\">\n<figure class=\"aligncenter size-full is-resized\"><img loading=\"lazy\" decoding=\"async\" width=\"512\" height=\"512\" src=\"http:\/\/www.intuitivsein.com\/wp-content\/uploads\/2024\/04\/image.png\" alt=\"\" class=\"wp-image-3068\" style=\"width:50px\" srcset=\"https:\/\/www.intuitivsein.com\/wp-content\/uploads\/2024\/04\/image.png 512w, https:\/\/www.intuitivsein.com\/wp-content\/uploads\/2024\/04\/image-300x300.png 300w, https:\/\/www.intuitivsein.com\/wp-content\/uploads\/2024\/04\/image-150x150.png 150w, https:\/\/www.intuitivsein.com\/wp-content\/uploads\/2024\/04\/image-75x75.png 75w\" sizes=\"auto, (max-width: 512px) 100vw, 512px\" \/><\/figure>\n<\/div>\n\n\n<div style=\"height:50px\" aria-hidden=\"true\" class=\"wp-block-spacer\"><\/div>\n","protected":false},"excerpt":{"rendered":"<p>Seminar: Sa, 11. Juli 2026: 10:00 &#8211; 17:00 Hellsinne und Sensitivit\u00e4t Unsere Intuition ist ein wertvolle Instanz. Wir erfahren sie durch eine innere Stimme, innere Bilder, als Quelle einer h\u00f6chsten Intelligenz. Sie zeichnet sich durch ruhige, klare Gewissheit aus, sie \u201ewei\u00df\u201c einfach. Sie entspricht unseren Hellsinnen, die als Kanal zur Kommunikation mit der Geistigen Welt dienen. Sich selbst ehrlich wahr zu nehmen, in die Tiefe seiner Gef\u00fchle einzutauchen, seine eigene Identit\u00e4t zu ergr\u00fcnden, ist eine wichtige und wertvolle Basis f\u00fcr sensitive und mediale Arbeit. Selbsterkenntnis f\u00fchrt zu Selbstvertrauen. Dieses praxisorientierte Seminar st\u00e4rkt deine Intuition, du lernst ihr zu vertrauen, sie zu nutzen und ihre Botschaften zu verstehen. Ort:&nbsp;2552 Hirtenberg, Berndorferstr. 1\/22\/2, N\u00d6, Bezirk Baden Kosten: 154 Euro, inkl. Unterlagen und \u00dcbungen, Getr\u00e4nke und Snacks Maximale Teilnehmeranzahl: 8 Personen<\/p>\n","protected":false},"author":1,"featured_media":0,"parent":0,"menu_order":0,"comment_status":"closed","ping_status":"closed","template":"","meta":{"_mc_calendar":[],"footnotes":""},"class_list":["post-5394","page","type-page","status-publish","hentry"],"_links":{"self":[{"href":"https:\/\/www.intuitivsein.com\/index.php?rest_route=\/wp\/v2\/pages\/5394","targetHints":{"allow":["GET"]}}],"collection":[{"href":"https:\/\/www.intuitivsein.com\/index.php?rest_route=\/wp\/v2\/pages"}],"about":[{"href":"https:\/\/www.intuitivsein.com\/index.php?rest_route=\/wp\/v2\/types\/page"}],"author":[{"embeddable":true,"href":"https:\/\/www.intuitivsein.com\/index.php?rest_route=\/wp\/v2\/users\/1"}],"replies":[{"embeddable":true,"href":"https:\/\/www.intuitivsein.com\/index.php?rest_route=%2Fwp%2Fv2%2Fcomments&post=5394"}],"version-history":[{"count":26,"href":"https:\/\/www.intuitivsein.com\/index.php?rest_route=\/wp\/v2\/pages\/5394\/revisions"}],"predecessor-version":[{"id":5497,"href":"https:\/\/www.intuitivsein.com\/index.php?rest_route=\/wp\/v2\/pages\/5394\/revisions\/5497"}],"wp:attachment":[{"href":"https:\/\/www.intuitivsein.com\/index.php?rest_route=%2Fwp%2Fv2%2Fmedia&parent=5394"}],"curies":[{"name":"wp","href":"https:\/\/api.w.org\/{rel}","templated":true}]}}