{"id":5400,"date":"2026-03-24T11:20:57","date_gmt":"2026-03-24T10:20:57","guid":{"rendered":"https:\/\/www.intuitivsein.com\/?page_id=5400"},"modified":"2026-03-26T21:35:33","modified_gmt":"2026-03-26T20:35:33","slug":"jenseitskontakte-mit-der-ahnenreihe","status":"publish","type":"page","link":"https:\/\/www.intuitivsein.com\/?page_id=5400","title":{"rendered":"Transgenerationale Heilung"},"content":{"rendered":"\n<p><\/p>\n\n\n\n<p><\/p>\n\n\n\n<p><strong>Seminar am 18. Juli 2026: 10:00 &#8211; 17:00<\/strong><\/p>\n\n\n\n<h4 class=\"wp-block-heading has-text-color has-link-color wp-elements-21ca2b371d3733c3e74f8336ffb9c9ff\" style=\"color:#b48607\"><strong>Jenseitskontakte mit der Ahnenreihe<\/strong><\/h4>\n\n\n<div class=\"wp-block-image is-style-rounded\">\n<figure class=\"alignright size-large is-resized\"><img loading=\"lazy\" decoding=\"async\" width=\"1024\" height=\"1024\" src=\"http:\/\/www.intuitivsein.com\/wp-content\/uploads\/2026\/03\/Ahnen-14x14-1-1024x1024.jpg\" alt=\"\" class=\"wp-image-5397\" style=\"aspect-ratio:1;object-fit:cover;width:400px\" srcset=\"https:\/\/www.intuitivsein.com\/wp-content\/uploads\/2026\/03\/Ahnen-14x14-1-1024x1024.jpg 1024w, https:\/\/www.intuitivsein.com\/wp-content\/uploads\/2026\/03\/Ahnen-14x14-1-300x300.jpg 300w, https:\/\/www.intuitivsein.com\/wp-content\/uploads\/2026\/03\/Ahnen-14x14-1-150x150.jpg 150w, https:\/\/www.intuitivsein.com\/wp-content\/uploads\/2026\/03\/Ahnen-14x14-1-768x768.jpg 768w, https:\/\/www.intuitivsein.com\/wp-content\/uploads\/2026\/03\/Ahnen-14x14-1-1536x1536.jpg 1536w, https:\/\/www.intuitivsein.com\/wp-content\/uploads\/2026\/03\/Ahnen-14x14-1-1140x1140.jpg 1140w, https:\/\/www.intuitivsein.com\/wp-content\/uploads\/2026\/03\/Ahnen-14x14-1-75x75.jpg 75w, https:\/\/www.intuitivsein.com\/wp-content\/uploads\/2026\/03\/Ahnen-14x14-1.jpg 1654w\" sizes=\"auto, (max-width: 1024px) 100vw, 1024px\" \/><\/figure>\n<\/div>\n\n\n<p>Die Ursachen bestimmter Verhaltensmuster, \u00c4ngste, Konflikte oder anderer unbewusster Prozesse, k\u00f6nnen in der transgenerationale Weitergabe liegen.<\/p>\n\n\n\n<p>Unverarbeitete traumatische Erlebnisse unserer Ahnen werden an nachfolgende Generationen \u00fcbertragen. Nachkommen zeigen oft Folgesymptome, wie unklare \u00c4ngste, Depressionen, geringes Selbstwertgef\u00fchl, Schuld- oder Schamgef\u00fchle, bestimmte Stress- oder Beziehungsmuster und dgl. Ohne das Ereignis selbst erlebt zu haben, f\u00fchlen die Betroffenen den Schmerz des Traumas ihrer Vorfahren. (Z.B. Krieg, Flucht, Missbrauch, Verluste)<\/p>\n\n\n\n<p>In dem wir mit unseren Ahnen in Kontakt treten erfahren wir \u00fcber ihre Erlebnisse, die uns, Generationen sp\u00e4ter, noch belasten. Die Auseinandersetzung mit seiner Familiengeschichte kann den Kreislauf unterbrechen.<\/p>\n\n\n\n<p><strong>Ort: <\/strong>2552 Hirtenberg, Berndorfer Stra\u00dfe 1\/22\/2, N\u00d6, Bezirk Baden<\/p>\n\n\n\n<p><strong>Kosten: <\/strong>154 Euro, inkl. Getr\u00e4nke und Snacks<\/p>\n\n\n\n<p>Maximale Teilnehmeranzahl: 8 Personen<\/p>\n\n\n\n<div style=\"height:51px\" aria-hidden=\"true\" class=\"wp-block-spacer\"><\/div>\n\n\n<div class=\"wp-block-image\">\n<figure class=\"aligncenter size-full is-resized\"><img loading=\"lazy\" decoding=\"async\" width=\"512\" height=\"512\" src=\"http:\/\/www.intuitivsein.com\/wp-content\/uploads\/2024\/04\/image.png\" alt=\"\" class=\"wp-image-3068\" style=\"aspect-ratio:1;object-fit:cover;width:50px\" srcset=\"https:\/\/www.intuitivsein.com\/wp-content\/uploads\/2024\/04\/image.png 512w, https:\/\/www.intuitivsein.com\/wp-content\/uploads\/2024\/04\/image-300x300.png 300w, https:\/\/www.intuitivsein.com\/wp-content\/uploads\/2024\/04\/image-150x150.png 150w, https:\/\/www.intuitivsein.com\/wp-content\/uploads\/2024\/04\/image-75x75.png 75w\" sizes=\"auto, (max-width: 512px) 100vw, 512px\" \/><\/figure>\n<\/div>\n\n\n<div style=\"height:100px\" aria-hidden=\"true\" class=\"wp-block-spacer\"><\/div>\n","protected":false},"excerpt":{"rendered":"<p>Seminar am 18. Juli 2026: 10:00 &#8211; 17:00 Jenseitskontakte mit der Ahnenreihe Die Ursachen bestimmter Verhaltensmuster, \u00c4ngste, Konflikte oder anderer unbewusster Prozesse, k\u00f6nnen in der transgenerationale Weitergabe liegen. Unverarbeitete traumatische Erlebnisse unserer Ahnen werden an nachfolgende Generationen \u00fcbertragen. Nachkommen zeigen oft Folgesymptome, wie unklare \u00c4ngste, Depressionen, geringes Selbstwertgef\u00fchl, Schuld- oder Schamgef\u00fchle, bestimmte Stress- oder Beziehungsmuster und dgl. Ohne das Ereignis selbst erlebt zu haben, f\u00fchlen die Betroffenen den Schmerz des Traumas ihrer Vorfahren. (Z.B. Krieg, Flucht, Missbrauch, Verluste) In dem wir mit unseren Ahnen in Kontakt treten erfahren wir \u00fcber ihre Erlebnisse, die uns, Generationen sp\u00e4ter, noch belasten. Die Auseinandersetzung mit seiner Familiengeschichte kann den Kreislauf unterbrechen. Ort: 2552 Hirtenberg, Berndorfer Stra\u00dfe 1\/22\/2, N\u00d6, Bezirk Baden Kosten: 154 Euro, inkl. Getr\u00e4nke und Snacks Maximale Teilnehmeranzahl: 8 Personen<\/p>\n","protected":false},"author":1,"featured_media":0,"parent":0,"menu_order":0,"comment_status":"closed","ping_status":"closed","template":"","meta":{"_mc_calendar":[],"footnotes":""},"class_list":["post-5400","page","type-page","status-publish","hentry"],"_links":{"self":[{"href":"https:\/\/www.intuitivsein.com\/index.php?rest_route=\/wp\/v2\/pages\/5400","targetHints":{"allow":["GET"]}}],"collection":[{"href":"https:\/\/www.intuitivsein.com\/index.php?rest_route=\/wp\/v2\/pages"}],"about":[{"href":"https:\/\/www.intuitivsein.com\/index.php?rest_route=\/wp\/v2\/types\/page"}],"author":[{"embeddable":true,"href":"https:\/\/www.intuitivsein.com\/index.php?rest_route=\/wp\/v2\/users\/1"}],"replies":[{"embeddable":true,"href":"https:\/\/www.intuitivsein.com\/index.php?rest_route=%2Fwp%2Fv2%2Fcomments&post=5400"}],"version-history":[{"count":22,"href":"https:\/\/www.intuitivsein.com\/index.php?rest_route=\/wp\/v2\/pages\/5400\/revisions"}],"predecessor-version":[{"id":5516,"href":"https:\/\/www.intuitivsein.com\/index.php?rest_route=\/wp\/v2\/pages\/5400\/revisions\/5516"}],"wp:attachment":[{"href":"https:\/\/www.intuitivsein.com\/index.php?rest_route=%2Fwp%2Fv2%2Fmedia&parent=5400"}],"curies":[{"name":"wp","href":"https:\/\/api.w.org\/{rel}","templated":true}]}}