{"id":5403,"date":"2026-03-24T11:25:56","date_gmt":"2026-03-24T10:25:56","guid":{"rendered":"https:\/\/www.intuitivsein.com\/?page_id=5403"},"modified":"2026-04-03T15:35:58","modified_gmt":"2026-04-03T13:35:58","slug":"spirituelle-rueckfuehrung","status":"publish","type":"page","link":"https:\/\/www.intuitivsein.com\/?page_id=5403","title":{"rendered":"Spirituelle R\u00fcckf\u00fchrung"},"content":{"rendered":"<div class=\"wp-block-image is-style-rounded\">\n<figure class=\"alignright size-large is-resized\"><img loading=\"lazy\" decoding=\"async\" width=\"760\" height=\"1024\" src=\"http:\/\/www.intuitivsein.com\/wp-content\/uploads\/2026\/03\/Screenshot_20260323_173247_Google-760x1024.jpg\" alt=\"\" class=\"wp-image-5405\" style=\"aspect-ratio:1;object-fit:cover;width:400px\" srcset=\"https:\/\/www.intuitivsein.com\/wp-content\/uploads\/2026\/03\/Screenshot_20260323_173247_Google-760x1024.jpg 760w, https:\/\/www.intuitivsein.com\/wp-content\/uploads\/2026\/03\/Screenshot_20260323_173247_Google-223x300.jpg 223w, https:\/\/www.intuitivsein.com\/wp-content\/uploads\/2026\/03\/Screenshot_20260323_173247_Google-768x1034.jpg 768w, https:\/\/www.intuitivsein.com\/wp-content\/uploads\/2026\/03\/Screenshot_20260323_173247_Google.jpg 871w\" sizes=\"auto, (max-width: 760px) 100vw, 760px\" \/><\/figure>\n<\/div>\n\n\n<p><\/p>\n\n\n\n<p><strong>Seminar am 25. Juli 2026 von 10:00 &#8211; 17:00<\/strong><\/p>\n\n\n\n<h4 class=\"wp-block-heading has-text-color has-link-color wp-elements-575aa37457a0b00667e8fca8540cadb1\" style=\"color:#b48607\"><strong>R\u00fcckschau und Integration<\/strong><\/h4>\n\n\n\n<p>Eine R\u00fcckf\u00fchrung dient dem Wachstum und der Heilung. Die Wurzeln belastender Verhaltensweisen, k\u00f6rperlicher Schmerzen ohne Ursache, nicht erkl\u00e4rbare \u00c4ngste und dgl. findet man oft in Vorleben.<\/p>\n\n\n\n<p>In diesem Seminar lernst du durch R\u00fcckschau emotionale Verstrickungen aus fr\u00fcheren Leben zu identifizieren und im Hier und Jetzt zu l\u00f6sen. <\/p>\n\n\n\n<p>Du erkennst, auf welche Weise sich Erfahrungen in Vorleben in deinem jetzigen Leben \u00e4u\u00dfern. Die Integration dieser Erkenntnisse tr\u00e4gt wesentlich zur Transformation der Probleme bei.<\/p>\n\n\n\n<p><strong>Ort:&nbsp;<\/strong>2552 Hirtenberg, Berndorfer Stra\u00dfe 1\/22\/2, N\u00d6, Bezirk Baden<\/p>\n\n\n\n<p><strong>Kosten:&nbsp;<\/strong>154 Euro, inkl. Getr\u00e4nke und Snacks<\/p>\n\n\n\n<p>Maximale Teilnehmeranzahl: 8 Personen<\/p>\n\n\n\n<div style=\"height:54px\" aria-hidden=\"true\" class=\"wp-block-spacer\"><\/div>\n\n\n\n<p><\/p>\n\n\n<div class=\"wp-block-image\">\n<figure class=\"aligncenter size-full is-resized\"><img loading=\"lazy\" decoding=\"async\" width=\"512\" height=\"512\" src=\"http:\/\/www.intuitivsein.com\/wp-content\/uploads\/2024\/04\/image.png\" alt=\"\" class=\"wp-image-3068\" style=\"aspect-ratio:1;object-fit:cover;width:50px\" srcset=\"https:\/\/www.intuitivsein.com\/wp-content\/uploads\/2024\/04\/image.png 512w, https:\/\/www.intuitivsein.com\/wp-content\/uploads\/2024\/04\/image-300x300.png 300w, https:\/\/www.intuitivsein.com\/wp-content\/uploads\/2024\/04\/image-150x150.png 150w, https:\/\/www.intuitivsein.com\/wp-content\/uploads\/2024\/04\/image-75x75.png 75w\" sizes=\"auto, (max-width: 512px) 100vw, 512px\" \/><\/figure>\n<\/div>\n\n\n<div style=\"height:51px\" aria-hidden=\"true\" class=\"wp-block-spacer\"><\/div>\n","protected":false},"excerpt":{"rendered":"<p>Seminar am 25. Juli 2026 von 10:00 &#8211; 17:00 R\u00fcckschau und Integration Eine R\u00fcckf\u00fchrung dient dem Wachstum und der Heilung. Die Wurzeln belastender Verhaltensweisen, k\u00f6rperlicher Schmerzen ohne Ursache, nicht erkl\u00e4rbare \u00c4ngste und dgl. findet man oft in Vorleben. In diesem Seminar lernst du durch R\u00fcckschau emotionale Verstrickungen aus fr\u00fcheren Leben zu identifizieren und im Hier und Jetzt zu l\u00f6sen. Du erkennst, auf welche Weise sich Erfahrungen in Vorleben in deinem jetzigen Leben \u00e4u\u00dfern. Die Integration dieser Erkenntnisse tr\u00e4gt wesentlich zur Transformation der Probleme bei. Ort:&nbsp;2552 Hirtenberg, Berndorfer Stra\u00dfe 1\/22\/2, N\u00d6, Bezirk Baden Kosten:&nbsp;154 Euro, inkl. Getr\u00e4nke und Snacks Maximale Teilnehmeranzahl: 8 Personen<\/p>\n","protected":false},"author":1,"featured_media":0,"parent":0,"menu_order":0,"comment_status":"closed","ping_status":"closed","template":"","meta":{"_mc_calendar":[],"footnotes":""},"class_list":["post-5403","page","type-page","status-publish","hentry"],"_links":{"self":[{"href":"https:\/\/www.intuitivsein.com\/index.php?rest_route=\/wp\/v2\/pages\/5403","targetHints":{"allow":["GET"]}}],"collection":[{"href":"https:\/\/www.intuitivsein.com\/index.php?rest_route=\/wp\/v2\/pages"}],"about":[{"href":"https:\/\/www.intuitivsein.com\/index.php?rest_route=\/wp\/v2\/types\/page"}],"author":[{"embeddable":true,"href":"https:\/\/www.intuitivsein.com\/index.php?rest_route=\/wp\/v2\/users\/1"}],"replies":[{"embeddable":true,"href":"https:\/\/www.intuitivsein.com\/index.php?rest_route=%2Fwp%2Fv2%2Fcomments&post=5403"}],"version-history":[{"count":34,"href":"https:\/\/www.intuitivsein.com\/index.php?rest_route=\/wp\/v2\/pages\/5403\/revisions"}],"predecessor-version":[{"id":5553,"href":"https:\/\/www.intuitivsein.com\/index.php?rest_route=\/wp\/v2\/pages\/5403\/revisions\/5553"}],"wp:attachment":[{"href":"https:\/\/www.intuitivsein.com\/index.php?rest_route=%2Fwp%2Fv2%2Fmedia&parent=5403"}],"curies":[{"name":"wp","href":"https:\/\/api.w.org\/{rel}","templated":true}]}}