{"id":75,"date":"2023-01-19T14:40:48","date_gmt":"2023-01-19T13:40:48","guid":{"rendered":"http:\/\/www.intuitivsein.com\/?page_id=75"},"modified":"2025-12-31T08:34:42","modified_gmt":"2025-12-31T07:34:42","slug":"angebot","status":"publish","type":"page","link":"https:\/\/www.intuitivsein.com\/?page_id=75","title":{"rendered":"Mein Angebot"},"content":{"rendered":"\n<div style=\"height:49px\" aria-hidden=\"true\" class=\"wp-block-spacer\"><\/div>\n\n\n<div class=\"wp-block-image is-style-rounded\">\n<figure class=\"aligncenter size-full is-resized\"><img loading=\"lazy\" decoding=\"async\" width=\"1080\" height=\"1067\" src=\"http:\/\/www.intuitivsein.com\/wp-content\/uploads\/2024\/02\/Screenshot_20231107_102728_com.instagram.android_edit_135936519281861.jpg\" alt=\"\" class=\"wp-image-2645\" style=\"aspect-ratio:1;object-fit:cover;width:500px\" srcset=\"https:\/\/www.intuitivsein.com\/wp-content\/uploads\/2024\/02\/Screenshot_20231107_102728_com.instagram.android_edit_135936519281861.jpg 1080w, https:\/\/www.intuitivsein.com\/wp-content\/uploads\/2024\/02\/Screenshot_20231107_102728_com.instagram.android_edit_135936519281861-300x296.jpg 300w, https:\/\/www.intuitivsein.com\/wp-content\/uploads\/2024\/02\/Screenshot_20231107_102728_com.instagram.android_edit_135936519281861-1024x1012.jpg 1024w, https:\/\/www.intuitivsein.com\/wp-content\/uploads\/2024\/02\/Screenshot_20231107_102728_com.instagram.android_edit_135936519281861-768x759.jpg 768w, https:\/\/www.intuitivsein.com\/wp-content\/uploads\/2024\/02\/Screenshot_20231107_102728_com.instagram.android_edit_135936519281861-75x75.jpg 75w\" sizes=\"auto, (max-width: 1080px) 100vw, 1080px\" \/><\/figure>\n<\/div>\n\n\n<div style=\"height:51px\" aria-hidden=\"true\" class=\"wp-block-spacer\"><\/div>\n\n\n\n<p><\/p>\n\n\n\n<p><\/p>\n\n\n\n<p class=\"has-text-align-center\" id=\"block-22423af5-cff1-45ee-be46-71583956c3e1\">Beim Wandern sp\u00fcrt man jedes \u00fcberfl\u00fcssige Gramm im Rucksack. Wir empfinden unn\u00f6tigen Ballast sehr schnell als Belastung. Warum nicht auch das emotionale Gep\u00e4ck, das wir mit uns herumtragen und das unser Leben schwer macht, bewusst aussortieren. Packe deinen inneren Rucksack neu und w\u00e4hle dazu in meinem Angebot. <\/p>\n\n\n\n<p><\/p>\n\n\n\n<p><\/p>\n\n\n\n<div style=\"height:27px\" aria-hidden=\"true\" class=\"wp-block-spacer\"><\/div>\n\n\n\n<h6 class=\"wp-block-heading has-text-align-center\"><a href=\"https:\/\/www.intuitivsein.com\/?page_id=111\" data-type=\"page\" data-id=\"111\">Mediale Sitzung &#8211; Jenseitskontakt<\/a><\/h6>\n\n\n\n<h6 class=\"wp-block-heading has-text-align-center\"><a href=\"https:\/\/www.intuitivsein.com\/?page_id=4186\" data-type=\"page\" data-id=\"4186\">Mediale Sitzung &#8211; Spirituelle R\u00fcckf\u00fchrung<\/a><\/h6>\n\n\n\n<h6 class=\"wp-block-heading has-text-align-center\"><a href=\"https:\/\/www.intuitivsein.com\/?page_id=82\">Cranio Sacrale K\u00f6rperarbeit mit medialer Begleitung<\/a><\/h6>\n\n\n\n<h6 class=\"wp-block-heading has-text-align-center\"><a href=\"https:\/\/www.intuitivsein.com\/?page_id=113\" data-type=\"page\" data-id=\"2543\">Workshops und Seminare <\/a><\/h6>\n\n\n\n<h6 class=\"wp-block-heading has-text-align-center\"><a href=\"http:\/\/www.intuitivsein.com\/?page_id=87\">Die Magie des Gehens<\/a><\/h6>\n\n\n\n<div style=\"height:51px\" aria-hidden=\"true\" class=\"wp-block-spacer\"><\/div>\n\n\n\n<h6 class=\"wp-block-heading\"><\/h6>\n\n\n<div class=\"wp-block-image\">\n<figure class=\"aligncenter size-full is-resized\"><img loading=\"lazy\" decoding=\"async\" width=\"512\" height=\"512\" src=\"http:\/\/www.intuitivsein.com\/wp-content\/uploads\/2024\/04\/image.png\" alt=\"\" class=\"wp-image-3068\" style=\"object-fit:cover;width:50px;height:50px\" srcset=\"https:\/\/www.intuitivsein.com\/wp-content\/uploads\/2024\/04\/image.png 512w, https:\/\/www.intuitivsein.com\/wp-content\/uploads\/2024\/04\/image-300x300.png 300w, https:\/\/www.intuitivsein.com\/wp-content\/uploads\/2024\/04\/image-150x150.png 150w, https:\/\/www.intuitivsein.com\/wp-content\/uploads\/2024\/04\/image-75x75.png 75w\" sizes=\"auto, (max-width: 512px) 100vw, 512px\" \/><\/figure>\n<\/div>\n\n\n<div style=\"height:56px\" aria-hidden=\"true\" class=\"wp-block-spacer\"><\/div>\n\n\n\n<p><\/p>\n","protected":false},"excerpt":{"rendered":"<p>Beim Wandern sp\u00fcrt man jedes \u00fcberfl\u00fcssige Gramm im Rucksack. Wir empfinden unn\u00f6tigen Ballast sehr schnell als Belastung. Warum nicht auch das emotionale Gep\u00e4ck, das wir mit uns herumtragen und das unser Leben schwer macht, bewusst aussortieren. Packe deinen inneren Rucksack neu und w\u00e4hle dazu in meinem Angebot. Mediale Sitzung &#8211; Jenseitskontakt Mediale Sitzung &#8211; Spirituelle R\u00fcckf\u00fchrung Cranio Sacrale K\u00f6rperarbeit mit medialer Begleitung Workshops und Seminare Die Magie des Gehens<\/p>\n","protected":false},"author":1,"featured_media":0,"parent":0,"menu_order":0,"comment_status":"closed","ping_status":"closed","template":"","meta":{"_mc_calendar":[],"footnotes":""},"class_list":["post-75","page","type-page","status-publish","hentry"],"_links":{"self":[{"href":"https:\/\/www.intuitivsein.com\/index.php?rest_route=\/wp\/v2\/pages\/75","targetHints":{"allow":["GET"]}}],"collection":[{"href":"https:\/\/www.intuitivsein.com\/index.php?rest_route=\/wp\/v2\/pages"}],"about":[{"href":"https:\/\/www.intuitivsein.com\/index.php?rest_route=\/wp\/v2\/types\/page"}],"author":[{"embeddable":true,"href":"https:\/\/www.intuitivsein.com\/index.php?rest_route=\/wp\/v2\/users\/1"}],"replies":[{"embeddable":true,"href":"https:\/\/www.intuitivsein.com\/index.php?rest_route=%2Fwp%2Fv2%2Fcomments&post=75"}],"version-history":[{"count":80,"href":"https:\/\/www.intuitivsein.com\/index.php?rest_route=\/wp\/v2\/pages\/75\/revisions"}],"predecessor-version":[{"id":5114,"href":"https:\/\/www.intuitivsein.com\/index.php?rest_route=\/wp\/v2\/pages\/75\/revisions\/5114"}],"wp:attachment":[{"href":"https:\/\/www.intuitivsein.com\/index.php?rest_route=%2Fwp%2Fv2%2Fmedia&parent=75"}],"curies":[{"name":"wp","href":"https:\/\/api.w.org\/{rel}","templated":true}]}}