{"id":82,"date":"2023-01-19T14:51:39","date_gmt":"2023-01-19T13:51:39","guid":{"rendered":"http:\/\/www.intuitivsein.com\/?page_id=82"},"modified":"2025-12-31T09:10:52","modified_gmt":"2025-12-31T08:10:52","slug":"cranio-sacrale-koerperarbeit","status":"publish","type":"page","link":"https:\/\/www.intuitivsein.com\/?page_id=82","title":{"rendered":"Cranio Sacrale K\u00f6rperarbeit mit medialer Begleitung"},"content":{"rendered":"\n<p><\/p>\n\n\n<div class=\"wp-block-image is-resized is-style-rounded\">\n<figure class=\"alignright size-full\" id=\"block-a222a09a-8863-47a7-ac63-0b3390c43064\"><img loading=\"lazy\" decoding=\"async\" width=\"1000\" height=\"1000\" src=\"http:\/\/www.intuitivsein.com\/wp-content\/uploads\/2023\/01\/Web1.jpg\" alt=\"\" class=\"wp-image-998\" style=\"aspect-ratio:1;object-fit:cover;width:400px\" srcset=\"https:\/\/www.intuitivsein.com\/wp-content\/uploads\/2023\/01\/Web1.jpg 1000w, https:\/\/www.intuitivsein.com\/wp-content\/uploads\/2023\/01\/Web1-300x300.jpg 300w, https:\/\/www.intuitivsein.com\/wp-content\/uploads\/2023\/01\/Web1-150x150.jpg 150w, https:\/\/www.intuitivsein.com\/wp-content\/uploads\/2023\/01\/Web1-768x768.jpg 768w, https:\/\/www.intuitivsein.com\/wp-content\/uploads\/2023\/01\/Web1-75x75.jpg 75w\" sizes=\"auto, (max-width: 1000px) 100vw, 1000px\" \/><\/figure>\n<\/div>\n\n\n<p class=\"has-text-align-left\" id=\"block-22423af5-cff1-45ee-be46-71583956c3e1\">Die <strong>Cranio Sacrale K\u00f6rperarbeit<\/strong> ist eine sanfte, nicht manipulative Form der Ber\u00fchrung. Gearbeitet wird vorwiegend am Kopf und an der Wirbels\u00e4ule. Die Gehirn- und R\u00fcckenmarksfl\u00fcssigkeit, die im Sch\u00e4del und in der Wirbels\u00e4ule zirkuliert, dient als Indikator. Diese rhythmische Eigenbewegung, die als Cranio Sacraler Rhythmus bezeichnet wird, kann ertastet bzw. ersp\u00fcrt werden. Durch diesen Vorgang werden diverse Blockaden gel\u00f6st und die Selbstheilungskr\u00e4fte des K\u00f6rpers aktiviert. <\/p>\n\n\n\n<p class=\"has-text-align-left\">Meine pers\u00f6nliche intuitive Methode hilft Ihnen K\u00f6rper, Geist und Seele in Einklang zu bringen. Dadurch wird ein tiefer Entspannungszustand erreicht, wodurch Regeneration und Ausgleich auf allen Ebenen stattfinden kann. Der ontologische Ansatz und die achtsame Pr\u00e4senz meiner Technik lassen Ihnen den notwendigen Raum, der f\u00fcr Ihr aktuelles Anliegen erforderlich ist. Durch die Integration medialer Informationen und Botschaften w\u00e4hrend der Sitzung, gewinnt der Klient wesentliche Erkenntnisse und tiefe Heilung kann geschehen. <\/p>\n\n\n\n<p class=\"has-text-align-left\">Besonders bei emotionalen Herausforderungen und Belastungen durch schwierige Umst\u00e4nde oder Erlebnisse kann ich Ihnen mit dieser Methode und meinen medialen F\u00e4higkeiten Erleichterung verschaffen.<\/p>\n\n\n\n<h5 class=\"wp-block-heading has-text-color\" style=\"color:#b48602\">Anwendungsgebiete:<\/h5>\n\n\n\n<p class=\"has-text-align-left\">Kopfschmerzen, Verspannungen, Schlafst\u00f6rungen, Beschwerden der Wirbels\u00e4ule und des Bewegungsapparates, Schmerzen aller Art, Stress und Anspannung, Ersch\u00f6pfungszust\u00e4nde, Angstzust\u00e4nde, Panik, Burnout, sowie viele k\u00f6rperliche und psychosomatische Symptome.<\/p>\n\n\n\n<p class=\"has-text-align-left has-small-font-size\"><\/p>\n\n\n\n<h5 class=\"wp-block-heading has-text-color\" style=\"color:#b48602\">Preise und Dauer einer Sitzung:<\/h5>\n\n\n\n<p class=\"has-text-align-left\"><strong>Erwachsene<\/strong><br>60 min &#8211; 100 Euro<\/p>\n\n\n\n<p class=\"has-text-align-left\"><strong>Kinder und Jugendliche von 0 &#8211; 14 Jahre<\/strong><br>30 min &#8211; 60 Euro<\/p>\n\n\n\n<p>Die Leistungen sind <strong>in bar <\/strong>zu begleichen.<\/p>\n\n\n\n<p><strong>Termine, die nicht mindestens 24 Stunden vorher storniert werden, werden zur G\u00e4nze in Rechnung gestellt.<\/strong><\/p>\n\n\n\n<p class=\"has-small-font-size\">Bei der Cranio Sacralen K\u00f6rperarbeit handelt es sich um eine ganzheitliche Methode, die schulmedizinische Behandlungen nicht ersetzt, doch sehr wirksam unterst\u00fctzt.<\/p>\n\n\n\n<div style=\"height:50px\" aria-hidden=\"true\" class=\"wp-block-spacer\"><\/div>\n\n\n<div class=\"wp-block-image\">\n<figure class=\"aligncenter size-full is-resized\"><img loading=\"lazy\" decoding=\"async\" width=\"512\" height=\"512\" src=\"http:\/\/www.intuitivsein.com\/wp-content\/uploads\/2024\/04\/image.png\" alt=\"\" class=\"wp-image-3068\" style=\"aspect-ratio:1;object-fit:cover;width:50px\" srcset=\"https:\/\/www.intuitivsein.com\/wp-content\/uploads\/2024\/04\/image.png 512w, https:\/\/www.intuitivsein.com\/wp-content\/uploads\/2024\/04\/image-300x300.png 300w, https:\/\/www.intuitivsein.com\/wp-content\/uploads\/2024\/04\/image-150x150.png 150w, https:\/\/www.intuitivsein.com\/wp-content\/uploads\/2024\/04\/image-75x75.png 75w\" sizes=\"auto, (max-width: 512px) 100vw, 512px\" \/><\/figure>\n<\/div>\n\n\n<div style=\"height:51px\" aria-hidden=\"true\" class=\"wp-block-spacer\"><\/div>\n","protected":false},"excerpt":{"rendered":"<p>Die Cranio Sacrale K\u00f6rperarbeit ist eine sanfte, nicht manipulative Form der Ber\u00fchrung. Gearbeitet wird vorwiegend am Kopf und an der Wirbels\u00e4ule. Die Gehirn- und R\u00fcckenmarksfl\u00fcssigkeit, die im Sch\u00e4del und in der Wirbels\u00e4ule zirkuliert, dient als Indikator. Diese rhythmische Eigenbewegung, die als Cranio Sacraler Rhythmus bezeichnet wird, kann ertastet bzw. ersp\u00fcrt werden. Durch diesen Vorgang werden diverse Blockaden gel\u00f6st und die Selbstheilungskr\u00e4fte des K\u00f6rpers aktiviert. Meine pers\u00f6nliche intuitive Methode hilft Ihnen K\u00f6rper, Geist und Seele in Einklang zu bringen. Dadurch wird ein tiefer Entspannungszustand erreicht, wodurch Regeneration und Ausgleich auf allen Ebenen stattfinden kann. Der ontologische Ansatz und die achtsame Pr\u00e4senz meiner Technik lassen Ihnen den notwendigen Raum, der f\u00fcr Ihr aktuelles Anliegen erforderlich ist. Durch die Integration medialer Informationen und Botschaften w\u00e4hrend der Sitzung, gewinnt der Klient wesentliche Erkenntnisse und tiefe Heilung kann geschehen. Besonders bei emotionalen Herausforderungen und Belastungen durch schwierige Umst\u00e4nde oder Erlebnisse kann ich Ihnen mit dieser Methode und meinen medialen F\u00e4higkeiten Erleichterung verschaffen. Anwendungsgebiete: Kopfschmerzen, Verspannungen, Schlafst\u00f6rungen, Beschwerden der Wirbels\u00e4ule und des Bewegungsapparates, Schmerzen aller Art, Stress und Anspannung, Ersch\u00f6pfungszust\u00e4nde, Angstzust\u00e4nde, Panik, Burnout, sowie viele k\u00f6rperliche und psychosomatische Symptome. Preise und Dauer einer Sitzung: Erwachsene60 min &#8211; 100 Euro Kinder und Jugendliche von 0 &#8211; 14 Jahre30 min &#8211; 60 Euro Die Leistungen sind in bar zu begleichen. Termine, die nicht mindestens 24 Stunden vorher storniert werden, werden zur G\u00e4nze in Rechnung gestellt. Bei der Cranio Sacralen K\u00f6rperarbeit handelt es sich um eine ganzheitliche Methode, die schulmedizinische Behandlungen nicht ersetzt, doch sehr wirksam unterst\u00fctzt.<\/p>\n","protected":false},"author":1,"featured_media":0,"parent":0,"menu_order":0,"comment_status":"closed","ping_status":"closed","template":"","meta":{"_mc_calendar":[],"footnotes":""},"class_list":["post-82","page","type-page","status-publish","hentry"],"_links":{"self":[{"href":"https:\/\/www.intuitivsein.com\/index.php?rest_route=\/wp\/v2\/pages\/82","targetHints":{"allow":["GET"]}}],"collection":[{"href":"https:\/\/www.intuitivsein.com\/index.php?rest_route=\/wp\/v2\/pages"}],"about":[{"href":"https:\/\/www.intuitivsein.com\/index.php?rest_route=\/wp\/v2\/types\/page"}],"author":[{"embeddable":true,"href":"https:\/\/www.intuitivsein.com\/index.php?rest_route=\/wp\/v2\/users\/1"}],"replies":[{"embeddable":true,"href":"https:\/\/www.intuitivsein.com\/index.php?rest_route=%2Fwp%2Fv2%2Fcomments&post=82"}],"version-history":[{"count":47,"href":"https:\/\/www.intuitivsein.com\/index.php?rest_route=\/wp\/v2\/pages\/82\/revisions"}],"predecessor-version":[{"id":5126,"href":"https:\/\/www.intuitivsein.com\/index.php?rest_route=\/wp\/v2\/pages\/82\/revisions\/5126"}],"wp:attachment":[{"href":"https:\/\/www.intuitivsein.com\/index.php?rest_route=%2Fwp%2Fv2%2Fmedia&parent=82"}],"curies":[{"name":"wp","href":"https:\/\/api.w.org\/{rel}","templated":true}]}}