{"id":87,"date":"2023-01-19T15:01:43","date_gmt":"2023-01-19T14:01:43","guid":{"rendered":"http:\/\/www.intuitivsein.com\/?page_id=87"},"modified":"2025-12-15T13:20:34","modified_gmt":"2025-12-15T12:20:34","slug":"magie-des-gehens","status":"publish","type":"page","link":"https:\/\/www.intuitivsein.com\/?page_id=87","title":{"rendered":"Die Magie des Gehens"},"content":{"rendered":"\n<p id=\"block-73704177-dcf6-4713-ace6-a190405a42e6\"><\/p>\n\n\n\n<div style=\"height:54px\" aria-hidden=\"true\" class=\"wp-block-spacer\"><\/div>\n\n\n<div class=\"wp-block-image is-style-rounded\">\n<figure class=\"aligncenter size-full is-resized\"><img loading=\"lazy\" decoding=\"async\" width=\"1175\" height=\"1175\" src=\"https:\/\/www.intuitivsein.com\/wp-content\/uploads\/2025\/01\/IMG_20231021_155130-edited-1.jpg\" alt=\"\" class=\"wp-image-3874\" style=\"aspect-ratio:1;object-fit:cover;width:500px\" srcset=\"https:\/\/www.intuitivsein.com\/wp-content\/uploads\/2025\/01\/IMG_20231021_155130-edited-1.jpg 1175w, https:\/\/www.intuitivsein.com\/wp-content\/uploads\/2025\/01\/IMG_20231021_155130-edited-1-300x300.jpg 300w, https:\/\/www.intuitivsein.com\/wp-content\/uploads\/2025\/01\/IMG_20231021_155130-edited-1-1024x1024.jpg 1024w, https:\/\/www.intuitivsein.com\/wp-content\/uploads\/2025\/01\/IMG_20231021_155130-edited-1-150x150.jpg 150w, https:\/\/www.intuitivsein.com\/wp-content\/uploads\/2025\/01\/IMG_20231021_155130-edited-1-768x768.jpg 768w, https:\/\/www.intuitivsein.com\/wp-content\/uploads\/2025\/01\/IMG_20231021_155130-edited-1-1140x1140.jpg 1140w, https:\/\/www.intuitivsein.com\/wp-content\/uploads\/2025\/01\/IMG_20231021_155130-edited-1-75x75.jpg 75w\" sizes=\"auto, (max-width: 1175px) 100vw, 1175px\" \/><\/figure>\n<\/div>\n\n\n<div style=\"height:30px\" aria-hidden=\"true\" class=\"wp-block-spacer\"><\/div>\n\n\n\n<p class=\"has-text-align-left\"><\/p>\n\n\n\n<p><\/p>\n\n\n\n<h4 class=\"wp-block-heading has-text-align-left has-text-color\" style=\"color:#257575\"><strong>Pilgern oder Wandern<\/strong><\/h4>\n\n\n\n<p class=\"has-text-align-left\">bedeutet f\u00fcr mich, das gewohnte Umfeld zu verlassen. Sich auf den Weg machen und Neues entdecken, unbekannte Gebiete und Landschaften, aber auch das Unbekannte, das in uns selbst liegt.<\/p>\n\n\n\n<p class=\"has-text-align-left\"><\/p>\n\n\n\n<p class=\"has-text-align-left\">Wandern widerspricht der Leistungsgesellschaft, in der wir leben. Es geht nicht nur ums Ankommen, sondern darum, die kleinen und gro\u00dfen Wunder am Weg wahrzunehmen, zu entschleunigen, um die <strong>Magie des Augenblicks<\/strong> genie\u00dfen zu k\u00f6nnen.<\/p>\n\n\n\n<p class=\"has-text-align-left\">Gerade in der Natur, wenn wir vielleicht k\u00f6rperlich oder mental an Grenzen sto\u00dfen, zeigt sich, worauf es wirklich ankommt: Die F\u00e4higkeit, uns selbst zu vertrauen und an uns zu glauben. Dies st\u00e4rkt uns f\u00fcr die Herausforderungen in Beruf und Alltag.<\/p>\n\n\n\n<p class=\"has-text-align-left\">Folge deiner inneren Stimme und packe hin und wieder deinen Rucksack, ziehe deine Wanderschuhe an, setze einen Schritt vor den anderen und lass dich auf die Natur und ihr nat\u00fcrliches Stressmanagement ein.<\/p>\n\n\n\n<p id=\"block-22423af5-cff1-45ee-be46-71583956c3e1\"><\/p>\n\n\n\n<div style=\"height:20px\" aria-hidden=\"true\" class=\"wp-block-spacer\"><\/div>\n\n\n<div class=\"wp-block-image\">\n<figure class=\"aligncenter size-full is-resized\"><img loading=\"lazy\" decoding=\"async\" width=\"512\" height=\"512\" src=\"http:\/\/www.intuitivsein.com\/wp-content\/uploads\/2023\/01\/image-1.png\" alt=\"\" class=\"wp-image-1125\" style=\"width:50px;height:50px\" srcset=\"https:\/\/www.intuitivsein.com\/wp-content\/uploads\/2023\/01\/image-1.png 512w, https:\/\/www.intuitivsein.com\/wp-content\/uploads\/2023\/01\/image-1-300x300.png 300w, https:\/\/www.intuitivsein.com\/wp-content\/uploads\/2023\/01\/image-1-150x150.png 150w, https:\/\/www.intuitivsein.com\/wp-content\/uploads\/2023\/01\/image-1-75x75.png 75w\" sizes=\"auto, (max-width: 512px) 100vw, 512px\" \/><\/figure>\n<\/div>\n\n\n<div style=\"height:50px\" aria-hidden=\"true\" class=\"wp-block-spacer\"><\/div>\n\n\n\n<p> Hier geht\u00b4s zum Angebot: <a href=\"https:\/\/www.intuitivsein.com\/?page_id=4395\" data-type=\"page\" data-id=\"4395\"><strong>Wandertouren f\u00fcr Frauen<\/strong><\/a><\/p>\n\n\n\n<p><\/p>\n\n\n\n<div style=\"height:100px\" aria-hidden=\"true\" class=\"wp-block-spacer\"><\/div>\n","protected":false},"excerpt":{"rendered":"<p>Pilgern oder Wandern bedeutet f\u00fcr mich, das gewohnte Umfeld zu verlassen. Sich auf den Weg machen und Neues entdecken, unbekannte Gebiete und Landschaften, aber auch das Unbekannte, das in uns selbst liegt. Wandern widerspricht der Leistungsgesellschaft, in der wir leben. Es geht nicht nur ums Ankommen, sondern darum, die kleinen und gro\u00dfen Wunder am Weg wahrzunehmen, zu entschleunigen, um die Magie des Augenblicks genie\u00dfen zu k\u00f6nnen. Gerade in der Natur, wenn wir vielleicht k\u00f6rperlich oder mental an Grenzen sto\u00dfen, zeigt sich, worauf es wirklich ankommt: Die F\u00e4higkeit, uns selbst zu vertrauen und an uns zu glauben. Dies st\u00e4rkt uns f\u00fcr die Herausforderungen in Beruf und Alltag. Folge deiner inneren Stimme und packe hin und wieder deinen Rucksack, ziehe deine Wanderschuhe an, setze einen Schritt vor den anderen und lass dich auf die Natur und ihr nat\u00fcrliches Stressmanagement ein. Hier geht\u00b4s zum Angebot: Wandertouren f\u00fcr Frauen<\/p>\n","protected":false},"author":1,"featured_media":0,"parent":0,"menu_order":0,"comment_status":"closed","ping_status":"closed","template":"","meta":{"_mc_calendar":[],"footnotes":""},"class_list":["post-87","page","type-page","status-publish","hentry"],"_links":{"self":[{"href":"https:\/\/www.intuitivsein.com\/index.php?rest_route=\/wp\/v2\/pages\/87","targetHints":{"allow":["GET"]}}],"collection":[{"href":"https:\/\/www.intuitivsein.com\/index.php?rest_route=\/wp\/v2\/pages"}],"about":[{"href":"https:\/\/www.intuitivsein.com\/index.php?rest_route=\/wp\/v2\/types\/page"}],"author":[{"embeddable":true,"href":"https:\/\/www.intuitivsein.com\/index.php?rest_route=\/wp\/v2\/users\/1"}],"replies":[{"embeddable":true,"href":"https:\/\/www.intuitivsein.com\/index.php?rest_route=%2Fwp%2Fv2%2Fcomments&post=87"}],"version-history":[{"count":47,"href":"https:\/\/www.intuitivsein.com\/index.php?rest_route=\/wp\/v2\/pages\/87\/revisions"}],"predecessor-version":[{"id":5044,"href":"https:\/\/www.intuitivsein.com\/index.php?rest_route=\/wp\/v2\/pages\/87\/revisions\/5044"}],"wp:attachment":[{"href":"https:\/\/www.intuitivsein.com\/index.php?rest_route=%2Fwp%2Fv2%2Fmedia&parent=87"}],"curies":[{"name":"wp","href":"https:\/\/api.w.org\/{rel}","templated":true}]}}