{"id":96,"date":"2023-01-19T15:11:45","date_gmt":"2023-01-19T14:11:45","guid":{"rendered":"http:\/\/www.intuitivsein.com\/?page_id=96"},"modified":"2026-04-13T08:40:27","modified_gmt":"2026-04-13T06:40:27","slug":"lebenskraefte-aufstellungen","status":"publish","type":"page","link":"https:\/\/www.intuitivsein.com\/?page_id=96","title":{"rendered":"Lebenskr\u00e4fte-Aufstellungen"},"content":{"rendered":"\n<div style=\"height:19px\" aria-hidden=\"true\" class=\"wp-block-spacer\"><\/div>\n\n\n\n<h4 class=\"wp-block-heading has-text-color\" style=\"color:#b48607\"><strong>Aufstellungs-Workshop<\/strong><\/h4>\n\n\n<div class=\"wp-block-image is-style-rounded\">\n<figure class=\"alignright size-full is-resized\" id=\"block-a222a09a-8863-47a7-ac63-0b3390c43064\"><img loading=\"lazy\" decoding=\"async\" width=\"1421\" height=\"1475\" src=\"https:\/\/www.intuitivsein.com\/wp-content\/uploads\/2025\/06\/IMG-20241025-WA0006_edit_1016167334359007.jpg\" alt=\"\" class=\"wp-image-4344\" style=\"aspect-ratio:1;object-fit:cover;width:400px\" srcset=\"https:\/\/www.intuitivsein.com\/wp-content\/uploads\/2025\/06\/IMG-20241025-WA0006_edit_1016167334359007.jpg 1421w, https:\/\/www.intuitivsein.com\/wp-content\/uploads\/2025\/06\/IMG-20241025-WA0006_edit_1016167334359007-289x300.jpg 289w, https:\/\/www.intuitivsein.com\/wp-content\/uploads\/2025\/06\/IMG-20241025-WA0006_edit_1016167334359007-987x1024.jpg 987w, https:\/\/www.intuitivsein.com\/wp-content\/uploads\/2025\/06\/IMG-20241025-WA0006_edit_1016167334359007-768x797.jpg 768w, https:\/\/www.intuitivsein.com\/wp-content\/uploads\/2025\/06\/IMG-20241025-WA0006_edit_1016167334359007-1140x1183.jpg 1140w\" sizes=\"auto, (max-width: 1421px) 100vw, 1421px\" \/><\/figure>\n<\/div>\n\n\n<p><\/p>\n\n\n\n<p class=\"has-text-align-left\" id=\"block-22423af5-cff1-45ee-be46-71583956c3e1\">Hier erfahren wir das Ph\u00e4nomen der intuitiven, darstellenden Wahrnehmung. Die Lebenskr\u00e4fte,<strong>&nbsp;die in jedem Menschen und der Natur anzutreffen<\/strong>&nbsp;sind, werden zu einem gew\u00e4hlten Thema repr\u00e4sentiert. Dem Zusammenspiel und der Wirkungsweise dieser Kr\u00e4fte wird in der Aufstellung durch Repr\u00e4sentantInnen (TeilnehmerInnen) Ausdruck verliehen.&nbsp;<\/p>\n\n\n\n<p><\/p>\n\n\n\n<p><\/p>\n\n\n\n<p>Lebenskr\u00e4fte-Aufstellungen eignen sich f\u00fcr viele Themen, wie z.B.&nbsp;<\/p>\n\n\n\n<ul class=\"wp-block-list\">\n<li>schwierige Situationen im Beruf oder Privatleben&nbsp;<\/li>\n\n\n\n<li>Beziehungsprobleme<\/li>\n\n\n\n<li>Unsicherheiten, Zweifel, \u00c4ngste<\/li>\n\n\n\n<li>k\u00f6rperliche Symptomatiken<\/li>\n\n\n\n<li>\u00dcberforderung <\/li>\n\n\n\n<li>Ersch\u00f6pfung, Energielosigkeit<\/li>\n\n\n\n<li>wiederkehrende Muster<\/li>\n\n\n\n<li>st\u00f6rende Verhaltensweisen<\/li>\n\n\n\n<li>regelm\u00e4\u00dfige Reflexion<\/li>\n<\/ul>\n\n\n\n<div style=\"height:21px\" aria-hidden=\"true\" class=\"wp-block-spacer\"><\/div>\n\n\n\n<blockquote class=\"wp-block-quote is-layout-flow wp-block-quote-is-layout-flow\">\n<p>Alle Kraft die wir fortgeben, kommt erfahren und verwandelt wieder \u00fcber uns.<\/p>\n<cite>Rainer Maria Rilke<\/cite><\/blockquote>\n\n\n\n<div style=\"height:20px\" aria-hidden=\"true\" class=\"wp-block-spacer\"><\/div>\n\n\n\n<p>In der Aufstellung erhalten die ThemenbringerInnen Einblick in einschr\u00e4nkende Dynamiken, die unbewusst in ihnen zum Thema ablaufen. Der Prozess der Darstellung geschieht sehr achtsam und immer in Verbindung zum wahren Selbst der ThemenbringerInnen. Das Bewusstsein beginnt&nbsp; kreativ zu werden und entwickelt neue Denkans\u00e4tze und Erkenntnisse. Diese wirken sich l\u00f6send und unterst\u00fctzend auf alle Lebensumst\u00e4nde aus.&nbsp;<\/p>\n\n\n\n<p>Es sind keinerlei Vorkenntnisse erforderlich. Die Lebenskr\u00e4fte werden in der Aufstellung erkl\u00e4rt, ihre Wirkung ist auch ohne Detailwissen gut sp\u00fcrbar.&nbsp;Egal ob ThemenbringerInnen, Repr\u00e4sentantInnen oder TeilnehmerInnen ohne Rolle,<strong> alle TeilnehmerInnen gewinnen pers\u00f6nliche Erkenntnisse und profitieren von der Aufstellung.<\/strong><\/p>\n\n\n\n<p>Freue dich auf einen spannenden, intuitiven Nachmittag, den wir gemeinsam gestalten werden.<strong><br><\/strong><\/p>\n\n\n\n<p><strong>Kostenbeitrag:&nbsp; EUR 86,00 \/ Anzahlung von Euro 43,00 &#8211; damit ist dein Platz fix reserviert!!<\/strong> Der Restbetrag ist dann bis zum Termin zu begleichen.<\/p>\n\n\n\n<p><\/p>\n\n\n\n<div style=\"height:25px\" aria-hidden=\"true\" class=\"wp-block-spacer\"><\/div>\n\n\n\n<h6 class=\"wp-block-heading has-text-color\" style=\"color:#b48607\"><strong>Lebenskr\u00e4fte-Aufstellungen finden monatlich in meiner Praxis in 2552 Hirtenberg, Berndorferstr. 1\/22 statt. Zus\u00e4tzlich leite ich welche in 1220 Wien und 2380 Perchtoldsdorf.<\/strong><\/h6>\n\n\n\n<div style=\"height:49px\" aria-hidden=\"true\" class=\"wp-block-spacer\"><\/div>\n\n\n\n<h5 class=\"wp-block-heading\"><strong>Termine 2026<\/strong><\/h5>\n\n\n\n<ul class=\"wp-block-list\">\n<li><strong>Do 30.04.2026 <\/strong>von 17:00 &#8211; 21:00 in <strong>Hirtenberg <em>abends<\/em><\/strong> <mark style=\"background-color:rgba(0, 0, 0, 0)\" class=\"has-inline-color has-vivid-red-color\"><strong>Ausgebucht! Warteliste!<\/strong><\/mark><\/li>\n\n\n\n<li><strong>Fr 15.05.2026 <\/strong>von 16:00 &#8211; 20:00 in <strong>Perchtoldsdorf:<\/strong> gemeinsam mit Dagmar Kieweg zum <em><strong>T<\/strong><\/em><strong><em>hema: &#8222;Verborgener emotionaler Schmerz&#8220;<\/em><\/strong> &#8211; 2 Pl\u00e4tze frei!<\/li>\n\n\n\n<li><strong>Fr 22.05.2026<\/strong> von 14:30 &#8211; 18:30 in Hirtenberg &#8211; <strong><mark style=\"background-color:rgba(0, 0, 0, 0)\" class=\"has-inline-color has-vivid-red-color\">Ausgebucht! Warteliste!<\/mark><\/strong><\/li>\n\n\n\n<li><strong>Fr 19.06.2026 <\/strong>von 14:30 &#8211; 18:30 in Hirtenberg<\/li>\n\n\n\n<li><strong>So 21.06.2026<\/strong> von 11:00 -15:00 in <strong>1220 Wien<\/strong> &#8211; 2 Pl\u00e4tze frei!<\/li>\n\n\n\n<li><strong>Fr 10.07.2026<\/strong> von 16:00 &#8211; 20:00 in <strong>2380 Perchtoldsdorf <\/strong>gemeinsam mit Dagmar Kieweg zum <em><strong>Thema: &#8222;<\/strong><\/em><strong>Limitierenden Glaubenss\u00e4tzen auf der Spur&#8220; <\/strong><\/li>\n\n\n\n<li><strong>Fr 17.07.2026<\/strong> von 14:30 &#8211; 18:30 in Hirtenberg<\/li>\n\n\n\n<li><strong>Fr 21.08.2026 <\/strong>von 14:30 &#8211; 18:30 in Hirtenberg<\/li>\n\n\n\n<li><strong>Fr 18.09.2026<\/strong> von 14:30 &#8211; 18:30 in Hirtenberg<\/li>\n\n\n\n<li><strong>So 27.09.2026 <\/strong>von 11:00 &#8211; 15:00 in <strong>1220 Wien <\/strong><\/li>\n\n\n\n<li><strong>Fr 16.10.2026<\/strong> von 14:30 &#8211; 18:30 in Hirtenberg<\/li>\n\n\n\n<li><strong>Sa 31.10.2026<\/strong> von 09:30 &#8211; 13:30 in <strong>Perchtoldsdorf<\/strong>, gemeinsam mit Dagmar Kieweg zum <strong><em>Thema: &#8222;Ahnenheilung&#8220;<\/em><\/strong><\/li>\n\n\n\n<li><strong>So 1.11.2026 <\/strong>von 11:00 &#8211; 15:00 in <strong>1220 Wien<\/strong><\/li>\n\n\n\n<li><strong>Fr<\/strong> <strong>27.11.2026<\/strong> von 14:30 &#8211; 18:30 in Hirtenberg<\/li>\n\n\n\n<li><strong>Sa<\/strong> <strong>12<\/strong>.<strong>12.2026<\/strong> von 11:00 &#8211; 15:00 in <strong>1220 Wien<\/strong><\/li>\n\n\n\n<li><strong>Fr 18.12.2026<\/strong> von 09:30 &#8211; 14:30 in Hirtenberg<\/li>\n<\/ul>\n\n\n\n<p><\/p>\n\n\n\n<div style=\"height:50px\" aria-hidden=\"true\" class=\"wp-block-spacer\"><\/div>\n\n\n\n<p><strong>Da die Pl\u00e4tze begrenzt sind und nach der Anmeldung dein Platz fix reserviert ist, werden Absagen ab 1 Woche vorher mit 43 Euro berechnet, Absagen innerhalb von 24 Std. oder nicht Erscheinen werden zu 100% verrechnet. Danke f\u00fcr dein Verst\u00e4ndnis!<\/strong><\/p>\n\n\n\n<div style=\"height:52px\" aria-hidden=\"true\" class=\"wp-block-spacer\"><\/div>\n\n\n\n<h5 class=\"wp-block-heading has-text-color has-link-color wp-elements-5ce2432e7c0e4559cc2442f138616220\" style=\"color:#b48607\"><strong>Individuelle Buchung:<\/strong><\/h5>\n\n\n\n<p class=\"has-text-color has-link-color wp-elements-8098ef1d76ccb5f9fbd7b3197dbd5f83\" style=\"color:#257575\"><mark style=\"background-color:rgba(0, 0, 0, 0)\" class=\"has-inline-color has-black-color\">Du bist interessiert aber es passt kein Termin oder Ort. Ab einer Gruppe von 8 Personen kommen meine Kollegin <\/mark><a href=\"https:\/\/yoga-perchtoldsdorf.at\"><strong>Dagmar Kieweg<\/strong><\/a> <mark style=\"background-color:rgba(0, 0, 0, 0)\" class=\"has-inline-color has-black-color\">und ich gerne an einen Ort deiner Wahl und halten diesen Workshop ab.<\/mark><\/p>\n\n\n\n<div style=\"height:26px\" aria-hidden=\"true\" class=\"wp-block-spacer\"><\/div>\n\n\n\n<p class=\"has-text-color has-link-color wp-elements-4ec21c04357b264e0858f68ec287962f\" style=\"color:#257575\"><a href=\"http:\/\/www.intuitivsein.com\/?page_id=366\"><strong>Zur Anmeldung<\/strong><\/a><\/p>\n\n\n<div class=\"wp-block-image\">\n<figure class=\"aligncenter size-full is-resized\"><img loading=\"lazy\" decoding=\"async\" width=\"512\" height=\"512\" src=\"http:\/\/www.intuitivsein.com\/wp-content\/uploads\/2023\/01\/image-1.png\" alt=\"\" class=\"wp-image-1125\" style=\"object-fit:cover;width:50px;height:50px\" srcset=\"https:\/\/www.intuitivsein.com\/wp-content\/uploads\/2023\/01\/image-1.png 512w, https:\/\/www.intuitivsein.com\/wp-content\/uploads\/2023\/01\/image-1-300x300.png 300w, https:\/\/www.intuitivsein.com\/wp-content\/uploads\/2023\/01\/image-1-150x150.png 150w, https:\/\/www.intuitivsein.com\/wp-content\/uploads\/2023\/01\/image-1-75x75.png 75w\" sizes=\"auto, (max-width: 512px) 100vw, 512px\" \/><\/figure>\n<\/div>\n\n\n<h6 class=\"wp-block-heading has-text-color\" style=\"color:#257575\"><\/h6>\n\n\n\n<p><\/p>\n","protected":false},"excerpt":{"rendered":"<p>Aufstellungs-Workshop Hier erfahren wir das Ph\u00e4nomen der intuitiven, darstellenden Wahrnehmung. Die Lebenskr\u00e4fte,&nbsp;die in jedem Menschen und der Natur anzutreffen&nbsp;sind, werden zu einem gew\u00e4hlten Thema repr\u00e4sentiert. Dem Zusammenspiel und der Wirkungsweise dieser Kr\u00e4fte wird in der Aufstellung durch Repr\u00e4sentantInnen (TeilnehmerInnen) Ausdruck verliehen.&nbsp; Lebenskr\u00e4fte-Aufstellungen eignen sich f\u00fcr viele Themen, wie z.B.&nbsp; Alle Kraft die wir fortgeben, kommt erfahren und verwandelt wieder \u00fcber uns. Rainer Maria Rilke In der Aufstellung erhalten die ThemenbringerInnen Einblick in einschr\u00e4nkende Dynamiken, die unbewusst in ihnen zum Thema ablaufen. Der Prozess der Darstellung geschieht sehr achtsam und immer in Verbindung zum wahren Selbst der ThemenbringerInnen. Das Bewusstsein beginnt&nbsp; kreativ zu werden und entwickelt neue Denkans\u00e4tze und Erkenntnisse. Diese wirken sich l\u00f6send und unterst\u00fctzend auf alle Lebensumst\u00e4nde aus.&nbsp; Es sind keinerlei Vorkenntnisse erforderlich. Die Lebenskr\u00e4fte werden in der Aufstellung erkl\u00e4rt, ihre Wirkung ist auch ohne Detailwissen gut sp\u00fcrbar.&nbsp;Egal ob ThemenbringerInnen, Repr\u00e4sentantInnen oder TeilnehmerInnen ohne Rolle, alle TeilnehmerInnen gewinnen pers\u00f6nliche Erkenntnisse und profitieren von der Aufstellung. Freue dich auf einen spannenden, intuitiven Nachmittag, den wir gemeinsam gestalten werden. Kostenbeitrag:&nbsp; EUR 86,00 \/ Anzahlung von Euro 43,00 &#8211; damit ist dein Platz fix reserviert!! Der Restbetrag ist dann bis zum Termin zu begleichen. Lebenskr\u00e4fte-Aufstellungen finden monatlich in meiner Praxis in 2552 Hirtenberg, Berndorferstr. 1\/22 statt. Zus\u00e4tzlich leite ich welche in 1220 Wien und 2380 Perchtoldsdorf. Termine 2026 Da die Pl\u00e4tze begrenzt sind und nach der Anmeldung dein Platz fix reserviert ist, werden Absagen ab 1 Woche vorher mit 43 Euro berechnet, Absagen innerhalb von 24 Std. oder nicht Erscheinen werden zu 100% verrechnet. Danke f\u00fcr dein Verst\u00e4ndnis! Individuelle Buchung: Du bist interessiert aber es passt kein Termin oder Ort. Ab einer Gruppe von 8 Personen kommen meine Kollegin Dagmar Kieweg und ich gerne an einen Ort deiner Wahl und halten diesen Workshop ab. Zur Anmeldung<\/p>\n","protected":false},"author":1,"featured_media":0,"parent":0,"menu_order":0,"comment_status":"closed","ping_status":"closed","template":"","meta":{"_mc_calendar":[],"footnotes":""},"class_list":["post-96","page","type-page","status-publish","hentry"],"_links":{"self":[{"href":"https:\/\/www.intuitivsein.com\/index.php?rest_route=\/wp\/v2\/pages\/96","targetHints":{"allow":["GET"]}}],"collection":[{"href":"https:\/\/www.intuitivsein.com\/index.php?rest_route=\/wp\/v2\/pages"}],"about":[{"href":"https:\/\/www.intuitivsein.com\/index.php?rest_route=\/wp\/v2\/types\/page"}],"author":[{"embeddable":true,"href":"https:\/\/www.intuitivsein.com\/index.php?rest_route=\/wp\/v2\/users\/1"}],"replies":[{"embeddable":true,"href":"https:\/\/www.intuitivsein.com\/index.php?rest_route=%2Fwp%2Fv2%2Fcomments&post=96"}],"version-history":[{"count":264,"href":"https:\/\/www.intuitivsein.com\/index.php?rest_route=\/wp\/v2\/pages\/96\/revisions"}],"predecessor-version":[{"id":5559,"href":"https:\/\/www.intuitivsein.com\/index.php?rest_route=\/wp\/v2\/pages\/96\/revisions\/5559"}],"wp:attachment":[{"href":"https:\/\/www.intuitivsein.com\/index.php?rest_route=%2Fwp%2Fv2%2Fmedia&parent=96"}],"curies":[{"name":"wp","href":"https:\/\/api.w.org\/{rel}","templated":true}]}}